{"id":57708,"date":"2025-01-26T02:49:02","date_gmt":"2025-01-26T02:49:02","guid":{"rendered":"https:\/\/nexgendecors.com\/product\/genji-muyu-customizable-0-glue-mattress-natural-coconut-palm-environmentally-friendly-household-palm-mat-double-spine-protection-thin-hard-mat\/"},"modified":"2025-03-07T13:08:51","modified_gmt":"2025-03-07T13:08:51","slug":"colchon-genji-muyu-personalizable-con-0-adhesivos-palma-de-coco-natural-respetuoso-con-el-medio-ambiente-para-el-hogar-con-doble-proteccion-para-la-columna-esterilla-fina-y-dura","status":"publish","type":"product","link":"https:\/\/nexgendecors.com\/es\/product\/colchon-genji-muyu-personalizable-con-0-adhesivos-palma-de-coco-natural-respetuoso-con-el-medio-ambiente-para-el-hogar-con-doble-proteccion-para-la-columna-esterilla-fina-y-dura\/","title":{"rendered":"Colch\u00f3n ecol\u00f3gico de palma de coco Genji Muyu: doble soporte para la columna"},"content":{"rendered":"<ul>\n<li>\n<strong>Tipo de palma<\/strong>:Fibra de coco<\/li>\n<li>\n<strong>espesor<\/strong>:80 mm<\/li>\n<li>\n<strong>Espesor del marr\u00f3n<\/strong>:60 mm<\/li>\n<li>\n<strong>\u00bfEst\u00e1 disponible la preventa?<\/strong>:S\u00ed<\/li>\n<li>\n<strong>Espesor del l\u00e1tex<\/strong>:0 mm<\/li>\n<li>\n<strong>volumen del paquete<\/strong>:0.5<\/li>\n<li>\n<strong>Firmeza del colch\u00f3n<\/strong>:Duro<\/li>\n<li>\n<strong>Grosor del colch\u00f3n<\/strong>:80 mm<\/li>\n<li>\n<strong>Origen<\/strong>:Llevar a la fuerza<\/li>\n<li>\n<strong>ciudad<\/strong>:Llevar a la fuerza<\/li>\n<li>\n<strong>Distritos y condados<\/strong>:Otras \u00e1reas<\/li>\n<li>\n<strong>Tama\u00f1o del colch\u00f3n<\/strong>:1800x2000mm<\/li>\n<li>\n<strong>M\u00e9todo de desmontaje<\/strong>:Capa de tela extra\u00edble<\/li>\n<li>\n<strong>ordenar por color<\/strong>:Colch\u00f3n protector de espinas de coco (8 cm de grosor\/endurecido H1) J11 Colch\u00f3n protector de espinas de coco (6 cm de grosor\/endurecido H1) J102 Colch\u00f3n protector de espinas de coco (12 cm de grosor\/endurecido H1) J105 Protector de espinas de coco (6 cm de grosor\/endurecido H1) + s\u00e1bana bajera impermeable (blanca RA05501) J102 Protector de espinas de coco (8 cm de grosor\/endurecido H1) + s\u00e1bana bajera impermeable (blanca RA05501) J11 Protector de espinas de coco (12 cm de grosor\/endurecido H1) + s\u00e1bana bajera impermeable (blanca RA05501) J105 Protector de espinas de coco (6 cm de grosor\/endurecido H1) + colch\u00f3n JR01 J102 Protector de espinas de coco (8 cm de grosor\/endurecido H1) + colch\u00f3n JR01 J11 Protector de espinas de coco (12 cm de grosor\/endurecido H1) + colch\u00f3n JR01 J105 Protector de espinas de coco (8 cm de grosor\/endurecido H1) (750*1400*80) J11 Protector de columna de palma de coco (8 cm de grosor\/endurecido H1) (850*1600*80) J11 Almohada de cuello de l\u00e1tex (un par) RA00515 Personalizaci\u00f3n del colch\u00f3n, consulte con el servicio de atenci\u00f3n al cliente para obtener m\u00e1s detalles<\/li>\n<li>\n<strong>Peso bruto<\/strong>:1<\/li>\n<li>\n<strong>marca<\/strong>:Palabras de madera de Genji<\/li>\n<li>\n<strong>modelo<\/strong>:J11<\/li>\n<li>\n<strong>Material principal del colch\u00f3n<\/strong>:Marr\u00f3n<\/li>\n<li>\n<strong>Para la gente<\/strong>:Adultos<\/li>\n<li>\n<strong>\u00bfEs personalizable?<\/strong>:No<\/li>\n<li>\n<strong>Clasificaci\u00f3n de tejidos<\/strong>:Telas estampadas<\/li>\n<li>\n<strong>Funci\u00f3n de la tela<\/strong>:Antibacteriano y transpirable.<\/li>\n<li>\n<strong>Tipo de resorte<\/strong>:ninguno<\/li>\n<li>\n<strong>tama\u00f1o<\/strong>:1000 mm x 2000 mm 1350 mm x 1900 mm 1350 mm x 2000 mm 1800 mm x 1900 mm 1800 mm x 2200 mm 1200 mm x 1900 mm 1800 mm x 2000 mm 1000 mm x 1900 mm 2000 mm x 2200 mm 1200 mm x 2000 mm Otros 1500 mm x 2000 mm 900 mm x 2000 mm 1500 mm x 1900 mm 2000 mm x 2000 mm<\/li>\n<li>\n<strong>Tipo de espuma\/espuma viscoel\u00e1stica<\/strong>:Otros tipos de esponjas<\/li>\n<li>\n<strong>Entrega\/instalaci\u00f3n disponible<\/strong>:Shanghai Tianjin Otros Beijing<\/li>\n<\/ul>","protected":false},"excerpt":{"rendered":"<p>Tipo de palma: Grosor de fibra de coco: 80 mm Grosor del marr\u00f3n: 60 mm \u00bfEst\u00e1 disponible la preventa?: S\u00ed Grosor del l\u00e1tex: 0 mm Volumen del paquete: 0,5 Firmeza del colch\u00f3n: Duro Grosor del colch\u00f3n: 80 mm Origen: Ciudad de Shangh\u00e1i: Distritos de Shangh\u00e1i<\/p>","protected":false},"featured_media":116968,"comment_status":"open","ping_status":"closed","template":"","meta":[],"product_brand":[],"product_cat":[30815,30858,30862,30971],"product_tag":[],"class_list":{"0":"post-57708","1":"product","2":"type-product","3":"status-publish","4":"has-post-thumbnail","6":"product_cat-beds","7":"product_cat-wholesale-bedroom","8":"product_cat-wholesales-hotels","9":"product_cat-hp","11":"first","12":"instock","13":"sale","14":"taxable","15":"shipping-taxable","16":"purchasable","17":"product-type-variable"},"_links":{"self":[{"href":"https:\/\/nexgendecors.com\/es\/wp-json\/wp\/v2\/product\/57708","targetHints":{"allow":["GET"]}}],"collection":[{"href":"https:\/\/nexgendecors.com\/es\/wp-json\/wp\/v2\/product"}],"about":[{"href":"https:\/\/nexgendecors.com\/es\/wp-json\/wp\/v2\/types\/product"}],"replies":[{"embeddable":true,"href":"https:\/\/nexgendecors.com\/es\/wp-json\/wp\/v2\/comments?post=57708"}],"version-history":[{"count":0,"href":"https:\/\/nexgendecors.com\/es\/wp-json\/wp\/v2\/product\/57708\/revisions"}],"wp:featuredmedia":[{"embeddable":true,"href":"https:\/\/nexgendecors.com\/es\/wp-json\/wp\/v2\/media\/116968"}],"wp:attachment":[{"href":"https:\/\/nexgendecors.com\/es\/wp-json\/wp\/v2\/media?parent=57708"}],"wp:term":[{"taxonomy":"product_brand","embeddable":true,"href":"https:\/\/nexgendecors.com\/es\/wp-json\/wp\/v2\/product_brand?post=57708"},{"taxonomy":"product_cat","embeddable":true,"href":"https:\/\/nexgendecors.com\/es\/wp-json\/wp\/v2\/product_cat?post=57708"},{"taxonomy":"product_tag","embeddable":true,"href":"https:\/\/nexgendecors.com\/es\/wp-json\/wp\/v2\/product_tag?post=57708"}],"curies":[{"name":"wp","href":"https:\/\/api.w.org\/{rel}","templated":true}]}}