{"id":59002,"date":"2025-01-26T02:51:24","date_gmt":"2025-01-26T02:51:24","guid":{"rendered":"https:\/\/nexgendecors.com\/product\/girls-room-wall-lamp-cute-rabbit-creative-clock-room-wall-lamp-girl-childrens-room-bedroom-bedside-wall-lamp\/"},"modified":"2025-04-06T08:38:53","modified_gmt":"2025-04-06T08:38:53","slug":"lampara-de-pared-para-habitacion-de-ninas-bonito-reloj-creativo-con-forma-de-conejo-lampara-de-pared-para-habitacion-de-ninas-lampara-de-pared-para-dormitorio-infantil","status":"publish","type":"product","link":"https:\/\/nexgendecors.com\/es\/product\/lampara-de-pared-para-habitacion-de-ninas-bonito-reloj-creativo-con-forma-de-conejo-lampara-de-pared-para-habitacion-de-ninas-lampara-de-pared-para-dormitorio-infantil\/","title":{"rendered":"Bonita l\u00e1mpara de pared y reloj de conejo para habitaci\u00f3n de ni\u00f1a"},"content":{"rendered":"<ul>\n<li>\n<strong>marca<\/strong>:Kaferay<\/li>\n<li>\n<strong>modelo<\/strong>:BD-119<\/li>\n<li>\n<strong>estilo<\/strong>:Europa del Norte<\/li>\n<li>\n<strong>Tipo de control<\/strong>:Otro control no inteligente Control de aplicaci\u00f3n Control de voz inteligente Control de interruptor inteligente<\/li>\n<li>\n<strong>Material principal del cuerpo de la l\u00e1mpara.<\/strong>:hierro<\/li>\n<li>\n<strong>Material principal de la pantalla de la l\u00e1mpara<\/strong>:Pantalla de PMMA de alta transmitancia de luz<\/li>\n<li>\n<strong>Voltaje<\/strong>:111 V ~ 240 V (inclusive)<\/li>\n<li>\n<strong>Tipo inteligente<\/strong>:Conectado a Tmall Genie<\/li>\n<li>\n<strong>Ya sea control inteligente<\/strong>:S\u00ed<\/li>\n<li>\n<strong>Material auxiliar para pantallas de l\u00e1mparas<\/strong>:Pantalla de PMMA de alta transmitancia de luz<\/li>\n<li>\n<strong>Material auxiliar del cuerpo de la l\u00e1mpara<\/strong>:hierro<\/li>\n<li>\n<strong>Espacio aplicable<\/strong>:Sala ba\u00f1o cocina estudio otro\/otro comedor dormitorio<\/li>\n<li>\n<strong>Per\u00edodo de garant\u00eda<\/strong>:3 a\u00f1os<\/li>\n<li>\n<strong>\u00c1rea de irradiaci\u00f3n<\/strong>:3\u33a1-5\u33a1<\/li>\n<li>\n<strong>Temperatura de color<\/strong>:Luz tricolor<\/li>\n<li>\n<strong>\u00bfLa l\u00e1mpara tiene una fuente de luz?<\/strong>:No<\/li>\n<li>\n<strong>tipo de fuente de luz<\/strong>:Luces LED<\/li>\n<li>\n<strong>N\u00famero de fuentes de luz<\/strong>:1<\/li>\n<li>\n<strong>Tecnolog\u00eda<\/strong>:Escarchado de pintura en aerosol<\/li>\n<li>\n<strong>ordenar por color<\/strong>:Chinchilla \u2013 luz de tres colores de espectro completo Chinchilla \u2013 atenuaci\u00f3n inteligente Tmall de espectro completo Chinchilla \u2013 atenuaci\u00f3n inteligente Mijia de espectro completo Lindo conejo \u2013 luz de tres colores de espectro completo Lindo conejo \u2013 atenuaci\u00f3n inteligente Tmall de espectro completo Lindo conejo \u2013 atenuaci\u00f3n inteligente Mijia de espectro completo<\/li>\n<li>\n<strong>N\u00famero de certificado 3C<\/strong>:2016171001000868<\/li>\n<li>\n<strong><\/strong>:<\/li>\n<\/ul>\n<p><img><\/p>","protected":false},"excerpt":{"rendered":"<p>brand:Kaferay model:BD-119 style:Northern Europe Control Type:Other non-intelligent control APP control Intelligent voice control Intelligent switch control Main material of lamp<\/p>","protected":false},"featured_media":117791,"comment_status":"open","ping_status":"closed","template":"","meta":[],"product_brand":[],"product_cat":[30971,30864],"product_tag":[],"class_list":{"0":"post-59002","1":"product","2":"type-product","3":"status-publish","4":"has-post-thumbnail","6":"product_cat-hp","7":"product_cat-new-wholesales-lights","9":"first","10":"instock","11":"taxable","12":"shipping-taxable","13":"purchasable","14":"product-type-variable"},"_links":{"self":[{"href":"https:\/\/nexgendecors.com\/es\/wp-json\/wp\/v2\/product\/59002","targetHints":{"allow":["GET"]}}],"collection":[{"href":"https:\/\/nexgendecors.com\/es\/wp-json\/wp\/v2\/product"}],"about":[{"href":"https:\/\/nexgendecors.com\/es\/wp-json\/wp\/v2\/types\/product"}],"replies":[{"embeddable":true,"href":"https:\/\/nexgendecors.com\/es\/wp-json\/wp\/v2\/comments?post=59002"}],"version-history":[{"count":0,"href":"https:\/\/nexgendecors.com\/es\/wp-json\/wp\/v2\/product\/59002\/revisions"}],"wp:featuredmedia":[{"embeddable":true,"href":"https:\/\/nexgendecors.com\/es\/wp-json\/wp\/v2\/media\/117791"}],"wp:attachment":[{"href":"https:\/\/nexgendecors.com\/es\/wp-json\/wp\/v2\/media?parent=59002"}],"wp:term":[{"taxonomy":"product_brand","embeddable":true,"href":"https:\/\/nexgendecors.com\/es\/wp-json\/wp\/v2\/product_brand?post=59002"},{"taxonomy":"product_cat","embeddable":true,"href":"https:\/\/nexgendecors.com\/es\/wp-json\/wp\/v2\/product_cat?post=59002"},{"taxonomy":"product_tag","embeddable":true,"href":"https:\/\/nexgendecors.com\/es\/wp-json\/wp\/v2\/product_tag?post=59002"}],"curies":[{"name":"wp","href":"https:\/\/api.w.org\/{rel}","templated":true}]}}