{"id":59152,"date":"2025-01-26T02:51:55","date_gmt":"2025-01-26T02:51:55","guid":{"rendered":"https:\/\/nexgendecors.com\/product\/grand-patio-4-piece-wicker-patio-furniture-set-all-weather-outdoor-sectional-sofa-with-water-resistant-beige-thick-cushions-coffee-table-not-included1711879779088\/"},"modified":"2025-04-06T08:39:38","modified_gmt":"2025-04-06T08:39:38","slug":"grand-patio-juego-de-muebles-de-patio-de-mimbre-de-4-piezas-sofa-seccional-para-exteriores-para-todo-tipo-de-clima-con-cojines-gruesos-beige-resistentes-al-agua-mesa-de-centro-no-incluida-1711879","status":"publish","type":"product","link":"https:\/\/nexgendecors.com\/es\/product\/grand-patio-juego-de-muebles-de-patio-de-mimbre-de-4-piezas-sofa-seccional-para-exteriores-para-todo-tipo-de-clima-con-cojines-gruesos-beige-resistentes-al-agua-mesa-de-centro-no-incluida-1711879\/","title":{"rendered":"Conjunto de sof\u00e1 seccional de mimbre para exterior Grand Patio con cojines"},"content":{"rendered":"<p data-mce-fragment=\"1\"><strong data-mce-fragment=\"1\">Cojines resistentes al agua<\/strong> \ud83d\udca7:<\/p>\n<ul data-mce-fragment=\"1\">\n<li data-mce-fragment=\"1\">Tejido de poli\u00e9ster recubierto de PU resistente a los rayos UV, a las manchas y a la humedad.<\/li>\n<li data-mce-fragment=\"1\">Cojines de 4\u201d de espesor para un excelente soporte y comodidad.<\/li>\n<li data-mce-fragment=\"1\">Fundas extra\u00edbles con cremalleras para una f\u00e1cil limpieza.<\/li>\n<\/ul>\n<p data-mce-fragment=\"1\"><strong data-mce-fragment=\"1\">Dise\u00f1o boho y elegante<\/strong> \ud83c\udf3f:<\/p>\n<ul data-mce-fragment=\"1\">\n<li data-mce-fragment=\"1\">Cojines beige y mimbre a juego para un look moderno y neutro.<\/li>\n<li data-mce-fragment=\"1\">L\u00edneas minimalistas con patas met\u00e1licas c\u00f3nicas para mayor elegancia.<\/li>\n<li data-mce-fragment=\"1\">Se combina sin esfuerzo con cualquier decoraci\u00f3n del hogar.<\/li>\n<\/ul>\n<p data-mce-fragment=\"1\"><strong data-mce-fragment=\"1\">Materiales para todo tipo de clima<\/strong> \u2600\ufe0f\ud83c\udf27\ufe0f:<\/p>\n<ul data-mce-fragment=\"1\">\n<li data-mce-fragment=\"1\">Mimbre de resina con clasificaci\u00f3n UV de 1500 horas; resistente al sol, la lluvia y m\u00e1s.<\/li>\n<li data-mce-fragment=\"1\">Tejido a mano sobre marcos de acero con recubrimiento en polvo para mayor durabilidad.<\/li>\n<li data-mce-fragment=\"1\">Mimbre rugoso para una apariencia y sensaci\u00f3n naturales.<\/li>\n<\/ul>\n<p data-mce-fragment=\"1\"><strong data-mce-fragment=\"1\">Dise\u00f1o modular<\/strong> \ud83d\udecb\ufe0f:<\/p>\n<ul data-mce-fragment=\"1\">\n<li data-mce-fragment=\"1\">Incluye 2 sillas de esquina, 4 sillas sin brazos y 1 mesa de caf\u00e9 con tapa de vidrio.<\/li>\n<li data-mce-fragment=\"1\">Clips de conexi\u00f3n para mantener los asientos juntos; Capacidad de peso: 350 libras.<\/li>\n<\/ul>\n<p data-mce-fragment=\"1\"><strong data-mce-fragment=\"1\">F\u00e1cil montaje y garant\u00eda<\/strong> \ud83d\udee0\ufe0f:<\/p>\n<ul data-mce-fragment=\"1\">\n<li data-mce-fragment=\"1\">Todas las herramientas y hardware incluidos; montaje por una sola persona.<\/li>\n<li data-mce-fragment=\"1\">Entregado en 3 cajas; puede llegar por separado.<\/li>\n<li data-mce-fragment=\"1\">Garant\u00eda del fabricante de 1 a\u00f1o incluida.<\/li>\n<\/ul>\n<div><\/div>","protected":false},"excerpt":{"rendered":"<p>Cojines resistentes al agua \ud83d\udca7: Tejido de poli\u00e9ster recubierto de PU resistente a los rayos UV, las manchas y la humedad. Cojines de 4\u201d de grosor para un excelente soporte y comodidad.<\/p>","protected":false},"featured_media":117969,"comment_status":"open","ping_status":"closed","template":"","meta":[],"product_brand":[],"product_cat":[30971,30856,32],"product_tag":[],"class_list":{"0":"post-59152","1":"product","2":"type-product","3":"status-publish","4":"has-post-thumbnail","6":"product_cat-hp","7":"product_cat-outdoor-furniture","8":"product_cat-residential-furniture","10":"first","11":"instock","12":"sale","13":"taxable","14":"shipping-taxable","15":"purchasable","16":"product-type-variable"},"_links":{"self":[{"href":"https:\/\/nexgendecors.com\/es\/wp-json\/wp\/v2\/product\/59152","targetHints":{"allow":["GET"]}}],"collection":[{"href":"https:\/\/nexgendecors.com\/es\/wp-json\/wp\/v2\/product"}],"about":[{"href":"https:\/\/nexgendecors.com\/es\/wp-json\/wp\/v2\/types\/product"}],"replies":[{"embeddable":true,"href":"https:\/\/nexgendecors.com\/es\/wp-json\/wp\/v2\/comments?post=59152"}],"version-history":[{"count":0,"href":"https:\/\/nexgendecors.com\/es\/wp-json\/wp\/v2\/product\/59152\/revisions"}],"wp:featuredmedia":[{"embeddable":true,"href":"https:\/\/nexgendecors.com\/es\/wp-json\/wp\/v2\/media\/117969"}],"wp:attachment":[{"href":"https:\/\/nexgendecors.com\/es\/wp-json\/wp\/v2\/media?parent=59152"}],"wp:term":[{"taxonomy":"product_brand","embeddable":true,"href":"https:\/\/nexgendecors.com\/es\/wp-json\/wp\/v2\/product_brand?post=59152"},{"taxonomy":"product_cat","embeddable":true,"href":"https:\/\/nexgendecors.com\/es\/wp-json\/wp\/v2\/product_cat?post=59152"},{"taxonomy":"product_tag","embeddable":true,"href":"https:\/\/nexgendecors.com\/es\/wp-json\/wp\/v2\/product_tag?post=59152"}],"curies":[{"name":"wp","href":"https:\/\/api.w.org\/{rel}","templated":true}]}}