{"id":59161,"date":"2025-01-26T02:51:58","date_gmt":"2025-01-26T02:51:58","guid":{"rendered":"https:\/\/nexgendecors.com\/product\/grand-patio-6-seats-outdoor-conversation-sets-with-olefin-cushions-wicker-modular-sofa-sets-with-coffee-table-for-backyard-garden-poolside-light-gray1711879779248\/"},"modified":"2025-04-06T08:39:49","modified_gmt":"2025-04-06T08:39:49","slug":"conjuntos-de-conversacion-para-exteriores-grand-patio-de-6-plazas-con-cojines-de-olefina-sofas-modulares-de-mimbre-con-mesa-de-centro-para-jardin-piscina-y-patio-gris-claro-1711879779248","status":"publish","type":"product","link":"https:\/\/nexgendecors.com\/es\/product\/conjuntos-de-conversacion-para-exteriores-grand-patio-de-6-plazas-con-cojines-de-olefina-sofas-modulares-de-mimbre-con-mesa-de-centro-para-jardin-piscina-y-patio-gris-claro-1711879779248\/","title":{"rendered":"Grand Patio Sof\u00e1 de mimbre de 6 plazas con cojines"},"content":{"rendered":"<p data-mce-fragment=\"1\"><strong data-mce-fragment=\"1\">Decoraci\u00f3n elegante para exteriores<\/strong> \ud83c\udf3f:<\/p>\n<ul data-mce-fragment=\"1\">\n<li data-mce-fragment=\"1\">Perfecto para patios, patios traseros, jardines y m\u00e1s.<\/li>\n<li data-mce-fragment=\"1\">Combina elegancia con sencillez para una apariencia elegante.<\/li>\n<\/ul>\n<p data-mce-fragment=\"1\"><strong data-mce-fragment=\"1\">Robusto y estable<\/strong> \ud83e\ude91:<\/p>\n<ul data-mce-fragment=\"1\">\n<li data-mce-fragment=\"1\">Dise\u00f1o modular para una mayor estabilidad del conjunto.<\/li>\n<li data-mce-fragment=\"1\">Capacidad de peso: 330 libras por silla.<\/li>\n<\/ul>\n<p data-mce-fragment=\"1\"><strong data-mce-fragment=\"1\">F\u00e1cil mantenimiento<\/strong> \ud83e\uddfc:<\/p>\n<ul data-mce-fragment=\"1\">\n<li data-mce-fragment=\"1\">Resistente al agua, a la decoloraci\u00f3n y al \u00f3xido.<\/li>\n<li data-mce-fragment=\"1\">Mimbre de alta calidad y f\u00e1cil de limpiar.<\/li>\n<\/ul>\n<p data-mce-fragment=\"1\"><strong data-mce-fragment=\"1\">Cojines c\u00f3modos<\/strong> \ud83d\udecb\ufe0f:<\/p>\n<ul data-mce-fragment=\"1\">\n<li data-mce-fragment=\"1\">Espuma de alta densidad para mayor durabilidad y comodidad.<\/li>\n<li data-mce-fragment=\"1\">Los cojines deben mantenerse alejados de la lluvia directa.<\/li>\n<\/ul>\n<p data-mce-fragment=\"1\"><strong data-mce-fragment=\"1\">Resistente a la intemperie<\/strong> \u2600\ufe0f\ud83c\udf27\ufe0f:<\/p>\n<ul data-mce-fragment=\"1\">\n<li data-mce-fragment=\"1\">El mimbre tejido a mano resiste la lluvia, el calor y el fr\u00edo.<\/li>\n<li data-mce-fragment=\"1\">No se agrieta, no se hunde ni se decolora con el tiempo.<\/li>\n<\/ul>\n<p data-mce-fragment=\"1\"><strong data-mce-fragment=\"1\">Disfrute vers\u00e1til<\/strong> \ud83c\udf89:<\/p>\n<ul data-mce-fragment=\"1\">\n<li data-mce-fragment=\"1\">Ideal para fiestas al aire libre, bodas, patios y vacaciones.<\/li>\n<li data-mce-fragment=\"1\">Mejora el tiempo libre a lo largo de las estaciones.<\/li>\n<\/ul>\n<p data-mce-fragment=\"1\"><strong data-mce-fragment=\"1\">Sobre nosotros<\/strong> \ud83c\udfe1:<\/p>\n<ul data-mce-fragment=\"1\">\n<li data-mce-fragment=\"1\">M\u00e1s de 20 a\u00f1os colaborando con los mejores dise\u00f1adores.<\/li>\n<li data-mce-fragment=\"1\">Colecciones lujosas pero habitables transforman tu espacio.<\/li>\n<li data-mce-fragment=\"1\">Crea un oasis personal para los momentos especiales de la vida.<\/li>\n<\/ul>\n<div><\/div>","protected":false},"excerpt":{"rendered":"<p>Elegante decoraci\u00f3n para exteriores \ud83c\udf3f: Perfecto para patios, patios traseros, jardines y m\u00e1s. Combina la elegancia con la simplicidad para un aspecto elegante. Resistente<\/p>","protected":false},"featured_media":117993,"comment_status":"open","ping_status":"closed","template":"","meta":[],"product_brand":[],"product_cat":[30971,30856,32],"product_tag":[],"class_list":{"0":"post-59161","1":"product","2":"type-product","3":"status-publish","4":"has-post-thumbnail","6":"product_cat-hp","7":"product_cat-outdoor-furniture","8":"product_cat-residential-furniture","10":"first","11":"instock","12":"sale","13":"taxable","14":"shipping-taxable","15":"purchasable","16":"product-type-variable"},"_links":{"self":[{"href":"https:\/\/nexgendecors.com\/es\/wp-json\/wp\/v2\/product\/59161","targetHints":{"allow":["GET"]}}],"collection":[{"href":"https:\/\/nexgendecors.com\/es\/wp-json\/wp\/v2\/product"}],"about":[{"href":"https:\/\/nexgendecors.com\/es\/wp-json\/wp\/v2\/types\/product"}],"replies":[{"embeddable":true,"href":"https:\/\/nexgendecors.com\/es\/wp-json\/wp\/v2\/comments?post=59161"}],"version-history":[{"count":0,"href":"https:\/\/nexgendecors.com\/es\/wp-json\/wp\/v2\/product\/59161\/revisions"}],"wp:featuredmedia":[{"embeddable":true,"href":"https:\/\/nexgendecors.com\/es\/wp-json\/wp\/v2\/media\/117993"}],"wp:attachment":[{"href":"https:\/\/nexgendecors.com\/es\/wp-json\/wp\/v2\/media?parent=59161"}],"wp:term":[{"taxonomy":"product_brand","embeddable":true,"href":"https:\/\/nexgendecors.com\/es\/wp-json\/wp\/v2\/product_brand?post=59161"},{"taxonomy":"product_cat","embeddable":true,"href":"https:\/\/nexgendecors.com\/es\/wp-json\/wp\/v2\/product_cat?post=59161"},{"taxonomy":"product_tag","embeddable":true,"href":"https:\/\/nexgendecors.com\/es\/wp-json\/wp\/v2\/product_tag?post=59161"}],"curies":[{"name":"wp","href":"https:\/\/api.w.org\/{rel}","templated":true}]}}