{"id":59192,"date":"2025-01-26T02:52:06","date_gmt":"2025-01-26T02:52:06","guid":{"rendered":"https:\/\/nexgendecors.com\/product\/grand-patio-indoor-outdoor-steel-side-table-weather-resistant-round-end-table-with-square-feet-small-accen-table-great-for-patio-balcony-camping1712066204766\/"},"modified":"2025-04-06T08:40:01","modified_gmt":"2025-04-06T08:40:01","slug":"mesa-auxiliar-de-acero-para-patio-interior-y-exterior-resistente-a-la-intemperie-redonda-con-pies-cuadrados-pequena-mesa-auxiliar-ideal-para-patio-balcon-camping-1712066204766","status":"publish","type":"product","link":"https:\/\/nexgendecors.com\/es\/product\/mesa-auxiliar-de-acero-para-patio-interior-y-exterior-resistente-a-la-intemperie-redonda-con-pies-cuadrados-pequena-mesa-auxiliar-ideal-para-patio-balcon-camping-1712066204766\/","title":{"rendered":"Mesa auxiliar redonda de acero resistente a la intemperie Grand Patio"},"content":{"rendered":"<p data-mce-fragment=\"1\">\ud83c\udf1f <strong data-mce-fragment=\"1\">Mesa auxiliar duradera para exteriores<\/strong>:Construido para durar<\/p>\n<ul data-mce-fragment=\"1\">\n<li data-mce-fragment=\"1\">\n<strong data-mce-fragment=\"1\">Marco de acero con recubrimiento en polvo<\/strong>Resistente a la intemperie y protegido contra los rayos UV para una mayor durabilidad.<\/li>\n<li data-mce-fragment=\"1\">\n<strong data-mce-fragment=\"1\">Construcci\u00f3n de servicio pesado<\/strong>:Soporta hasta 50 libras sin pelarse, oxidarse ni pudrirse.<\/li>\n<li data-mce-fragment=\"1\">\n<strong data-mce-fragment=\"1\">Dise\u00f1o que no da\u00f1a el suelo<\/strong>:4 patas de pl\u00e1stico que evitan rayones y mejoran la estabilidad en cualquier superficie.<\/li>\n<\/ul>\n<p data-mce-fragment=\"1\">\ud83c\udfa8 <strong data-mce-fragment=\"1\">Dise\u00f1o moderno y colorido<\/strong>:Vers\u00e1til para cualquier espacio<\/p>\n<ul data-mce-fragment=\"1\">\n<li data-mce-fragment=\"1\">\n<strong data-mce-fragment=\"1\">Uso en interiores y exteriores<\/strong>:Complementa cualquier configuraci\u00f3n de patio, desde sillas de conversaci\u00f3n hasta tumbonas.<\/li>\n<li data-mce-fragment=\"1\">\n<strong data-mce-fragment=\"1\">Brillante y atractivo<\/strong>:Agrega un toque de color a su \u00e1rea al aire libre.<\/li>\n<\/ul>\n<p data-mce-fragment=\"1\">\ud83c\udf3f <strong data-mce-fragment=\"1\">Ligero y sencillo<\/strong>: Conveniente para cualquier ocasi\u00f3n<\/p>\n<ul data-mce-fragment=\"1\">\n<li data-mce-fragment=\"1\">\n<strong data-mce-fragment=\"1\">F\u00e1cil montaje<\/strong>:El dise\u00f1o simple hace que la instalaci\u00f3n sea muy f\u00e1cil.<\/li>\n<li data-mce-fragment=\"1\">\n<strong data-mce-fragment=\"1\">Port\u00e1til<\/strong>:La construcci\u00f3n liviana permite un f\u00e1cil transporte y almacenamiento.<\/li>\n<\/ul>\n<p data-mce-fragment=\"1\">\ud83e\uddfc <strong data-mce-fragment=\"1\">Resistente a las manchas y sin necesidad de mantenimiento<\/strong>: Limpieza sin esfuerzo<\/p>\n<ul data-mce-fragment=\"1\">\n<li data-mce-fragment=\"1\">\n<strong data-mce-fragment=\"1\">Limpieza sencilla<\/strong>:Simplemente limpie con un pa\u00f1o h\u00famedo.<\/li>\n<li data-mce-fragment=\"1\">\n<strong data-mce-fragment=\"1\">Respetuoso con el medio ambiente<\/strong>:No se necesitan productos qu\u00edmicos agresivos.<\/li>\n<\/ul>\n<p data-mce-fragment=\"1\">\ud83d\udccf <strong data-mce-fragment=\"1\">Tama\u00f1o de la mesa<\/strong>:Ajuste perfecto para cualquier espacio<\/p>\n<ul data-mce-fragment=\"1\">\n<li data-mce-fragment=\"1\">\n<strong data-mce-fragment=\"1\">Dimensiones<\/strong>: 17,75\u201d (di\u00e1metro) x 18\u201d (alto)<\/li>\n<\/ul>\n<p data-mce-fragment=\"1\">Experimenta la combinaci\u00f3n perfecta de estilo y funcionalidad con nuestra resistente mesa auxiliar para exteriores. Ideal para todas tus necesidades de interior y exterior. \ud83c\udf1e<\/p>\n<div><\/div>","protected":false},"excerpt":{"rendered":"<p>\ud83c\udf1f Durable Outdoor Side Table: Built to Last Powder-Coated Steel Frame: Weather-resistant and UV-protected for long-lasting durability. Heavy-Duty Construction: Withstands<\/p>","protected":false},"featured_media":118076,"comment_status":"open","ping_status":"closed","template":"","meta":[],"product_brand":[],"product_cat":[30971,32],"product_tag":[],"class_list":{"0":"post-59192","1":"product","2":"type-product","3":"status-publish","4":"has-post-thumbnail","6":"product_cat-hp","7":"product_cat-residential-furniture","9":"first","10":"instock","11":"taxable","12":"shipping-taxable","13":"purchasable","14":"product-type-variable"},"_links":{"self":[{"href":"https:\/\/nexgendecors.com\/es\/wp-json\/wp\/v2\/product\/59192","targetHints":{"allow":["GET"]}}],"collection":[{"href":"https:\/\/nexgendecors.com\/es\/wp-json\/wp\/v2\/product"}],"about":[{"href":"https:\/\/nexgendecors.com\/es\/wp-json\/wp\/v2\/types\/product"}],"replies":[{"embeddable":true,"href":"https:\/\/nexgendecors.com\/es\/wp-json\/wp\/v2\/comments?post=59192"}],"version-history":[{"count":0,"href":"https:\/\/nexgendecors.com\/es\/wp-json\/wp\/v2\/product\/59192\/revisions"}],"wp:featuredmedia":[{"embeddable":true,"href":"https:\/\/nexgendecors.com\/es\/wp-json\/wp\/v2\/media\/118076"}],"wp:attachment":[{"href":"https:\/\/nexgendecors.com\/es\/wp-json\/wp\/v2\/media?parent=59192"}],"wp:term":[{"taxonomy":"product_brand","embeddable":true,"href":"https:\/\/nexgendecors.com\/es\/wp-json\/wp\/v2\/product_brand?post=59192"},{"taxonomy":"product_cat","embeddable":true,"href":"https:\/\/nexgendecors.com\/es\/wp-json\/wp\/v2\/product_cat?post=59192"},{"taxonomy":"product_tag","embeddable":true,"href":"https:\/\/nexgendecors.com\/es\/wp-json\/wp\/v2\/product_tag?post=59192"}],"curies":[{"name":"wp","href":"https:\/\/api.w.org\/{rel}","templated":true}]}}