{"id":59236,"date":"2025-01-26T02:52:09","date_gmt":"2025-01-26T02:52:09","guid":{"rendered":"https:\/\/nexgendecors.com\/product\/grand-patio-outdoor-3-piece-aluminum-conversation-furniture-sofa-set-pe-wicker-stationary-rockers-with-wood-grain-finish-and-coffee-table-removable-olefin-cushion-dark-brown1711879779102\/"},"modified":"2025-04-06T08:40:05","modified_gmt":"2025-04-06T08:40:05","slug":"grand-patio-outdoor-3-piece-aluminum-conversation-furniture-sofa-set-pe-wicker-stationary-rockers-with-wood-grain-finish-and-coffee-table-removable-olefin-cushion-dark-brown1711879779102","status":"publish","type":"product","link":"https:\/\/nexgendecors.com\/es\/product\/grand-patio-outdoor-3-piece-aluminum-conversation-furniture-sofa-set-pe-wicker-stationary-rockers-with-wood-grain-finish-and-coffee-table-removable-olefin-cushion-dark-brown1711879779102\/","title":{"rendered":"Grand Patio Sof\u00e1 de mimbre de aluminio de 3 piezas con balancines"},"content":{"rendered":"<p data-mce-fragment=\"1\"><strong data-mce-fragment=\"1\">M\u00e1xima comodidad<\/strong> \ud83c\udf1f:<\/p>\n<ul data-mce-fragment=\"1\">\n<li data-mce-fragment=\"1\">20% wider seat with thick olefin cushions for enhanced relaxation.<\/li>\n<\/ul>\n<p data-mce-fragment=\"1\"><strong data-mce-fragment=\"1\">Stationary Rocker<\/strong> \ud83e\ude91:<\/p>\n<ul data-mce-fragment=\"1\">\n<li data-mce-fragment=\"1\">2 stationary rockers with integrated rocking motion for ultimate comfort.<\/li>\n<\/ul>\n<p data-mce-fragment=\"1\"><strong data-mce-fragment=\"1\">Modern Painted Design<\/strong> \ud83c\udfa8:<\/p>\n<ul data-mce-fragment=\"1\">\n<li data-mce-fragment=\"1\">Aluminum frame with hand-brushed wood-look painting.<\/li>\n<li data-mce-fragment=\"1\">Stylish, waterproof, and UV-resistant for long-lasting enjoyment.<\/li>\n<\/ul>\n<p data-mce-fragment=\"1\"><strong data-mce-fragment=\"1\">Stable &#038; Durable<\/strong> \ud83d\udcaa:<\/p>\n<ul data-mce-fragment=\"1\">\n<li data-mce-fragment=\"1\">High-quality PE wicker with waterproof and UV-resistant properties.<\/li>\n<li data-mce-fragment=\"1\">Olefin fabric rated at 1200 UV hours for fade resistance.<\/li>\n<li data-mce-fragment=\"1\">Rocking chair weight capacity up to 352lbs\/160kg.<\/li>\n<\/ul>\n<p data-mce-fragment=\"1\"><strong data-mce-fragment=\"1\">Easy to Store<\/strong> \ud83d\udecb\ufe0f:<\/p>\n<ul data-mce-fragment=\"1\">\n<li data-mce-fragment=\"1\">Coffee table with natural wood grain pattern.<\/li>\n<li data-mce-fragment=\"1\">Sturdy construction with elegant wood details.<\/li>\n<\/ul>\n<p data-mce-fragment=\"1\"><strong data-mce-fragment=\"1\">Easy Clean &#038; Assemble<\/strong> \ud83e\uddfc:<\/p>\n<ul data-mce-fragment=\"1\">\n<li data-mce-fragment=\"1\">Removable, machine-washable cushion covers.<\/li>\n<li data-mce-fragment=\"1\">60-90 minutes assembly time with included instructions.<\/li>\n<li data-mce-fragment=\"1\">1-year warranty and direct customer support available.<\/li>\n<\/ul>\n<div><\/div>","protected":false},"excerpt":{"rendered":"<p>Ultimate Comfort \ud83c\udf1f: Asiento m\u00e1s ancho 20% con gruesos cojines de olefina para una mayor relajaci\u00f3n. Balanc\u00edn fijo \ud83e\ude91: 2 balancines fijos con<\/p>","protected":false},"featured_media":118125,"comment_status":"open","ping_status":"closed","template":"","meta":[],"product_brand":[],"product_cat":[30971,30856,32],"product_tag":[],"class_list":{"0":"post-59236","1":"product","2":"type-product","3":"status-publish","4":"has-post-thumbnail","6":"product_cat-hp","7":"product_cat-outdoor-furniture","8":"product_cat-residential-furniture","10":"first","11":"instock","12":"sale","13":"taxable","14":"shipping-taxable","15":"purchasable","16":"product-type-simple"},"_links":{"self":[{"href":"https:\/\/nexgendecors.com\/es\/wp-json\/wp\/v2\/product\/59236","targetHints":{"allow":["GET"]}}],"collection":[{"href":"https:\/\/nexgendecors.com\/es\/wp-json\/wp\/v2\/product"}],"about":[{"href":"https:\/\/nexgendecors.com\/es\/wp-json\/wp\/v2\/types\/product"}],"replies":[{"embeddable":true,"href":"https:\/\/nexgendecors.com\/es\/wp-json\/wp\/v2\/comments?post=59236"}],"version-history":[{"count":0,"href":"https:\/\/nexgendecors.com\/es\/wp-json\/wp\/v2\/product\/59236\/revisions"}],"wp:featuredmedia":[{"embeddable":true,"href":"https:\/\/nexgendecors.com\/es\/wp-json\/wp\/v2\/media\/118125"}],"wp:attachment":[{"href":"https:\/\/nexgendecors.com\/es\/wp-json\/wp\/v2\/media?parent=59236"}],"wp:term":[{"taxonomy":"product_brand","embeddable":true,"href":"https:\/\/nexgendecors.com\/es\/wp-json\/wp\/v2\/product_brand?post=59236"},{"taxonomy":"product_cat","embeddable":true,"href":"https:\/\/nexgendecors.com\/es\/wp-json\/wp\/v2\/product_cat?post=59236"},{"taxonomy":"product_tag","embeddable":true,"href":"https:\/\/nexgendecors.com\/es\/wp-json\/wp\/v2\/product_tag?post=59236"}],"curies":[{"name":"wp","href":"https:\/\/api.w.org\/{rel}","templated":true}]}}