{"id":59330,"date":"2025-01-26T02:52:24","date_gmt":"2025-01-26T02:52:24","guid":{"rendered":"https:\/\/nexgendecors.com\/product\/green-future-stone-small-wall-brick-milk-tea-coffee-shop-porch-black-background-wall-brick-matte-rhombus-art-tile-three-dimensional-shape-matte-glaze-light-perception-changes-obviously-and-softly\/"},"modified":"2025-04-15T11:18:10","modified_gmt":"2025-04-15T11:18:10","slug":"futuro-verde-piedra-pequena-pared-ladrillo-leche-te-cafeteria-porche-fondo-negro-pared-ladrillo-rombo-mate-arte-azulejo-forma-tridimensional-esmalte-mate-la-percepcion-de-la-luz-cambia-obviamente-y-su","status":"publish","type":"product","link":"https:\/\/nexgendecors.com\/es\/product\/futuro-verde-piedra-pequena-pared-ladrillo-leche-te-cafeteria-porche-fondo-negro-pared-ladrillo-rombo-mate-arte-azulejo-forma-tridimensional-esmalte-mate-la-percepcion-de-la-luz-cambia-obviamente-y-su\/","title":{"rendered":"Rombo mate para paredes de cafeter\u00eda"},"content":{"rendered":"<div id=\"J_BrandAttr\">\n<div class=\"name\">\n<font style=\"vertical-align: inherit;\"><font style=\"vertical-align: inherit;\">Nombre de la marca: <\/font><\/font><b class=\"J_EbrandLogo\" target=\"_blank\" href=\"\/\/brand.tmall.com\/brandInfo.htm?brandId=38744885&#038;type=0&#038;scm=1048.1.1.4\"><font style=\"vertical-align: inherit;\"><font style=\"vertical-align: inherit;\">Kashuo<\/font><\/font><\/b>\n<\/div>\n<\/div>\n<p><em><font style=\"vertical-align: inherit;\"><font style=\"vertical-align: inherit;\">Par\u00e1metros del producto:<\/font><\/font><\/em><\/p>\n<ul id=\"J_AttrUL\">\n<li title=\"\u00a0A prueba de humedad\"><font style=\"vertical-align: inherit;\"><font style=\"vertical-align: inherit;\">Uso especial: A prueba de humedad<\/font><\/font><\/li>\n<li id=\"J_attrBrandName\" title=\"\u00a0Kashuo\"><font style=\"vertical-align: inherit;\"><font style=\"vertical-align: inherit;\">Marca: Kashuo<\/font><\/font><\/li>\n<li title=\"\u00a03DCL-N02Y\"><font style=\"vertical-align: inherit;\"><font style=\"vertical-align: inherit;\">Modelo: 3DCL-N02Y<\/font><\/font><\/li>\n<li title=\"\u00a0color s\u00f3lido\"><font style=\"vertical-align: inherit;\"><font style=\"vertical-align: inherit;\">patr\u00f3n: liso<\/font><\/font><\/li>\n<li title=\"\u00a0Sencillo y moderno\"><font style=\"vertical-align: inherit;\"><font style=\"vertical-align: inherit;\">Estilo: sencillo y moderno.<\/font><\/font><\/li>\n<li title=\"\u00a0China continental\"><font style=\"vertical-align: inherit;\"><font style=\"vertical-align: inherit;\">Origen: China continental<\/font><\/font><\/li>\n<li title=\"\u00a0otro\"><font style=\"vertical-align: inherit;\"><font style=\"vertical-align: inherit;\">Tama\u00f1o: otro<\/font><\/font><\/li>\n<li title=\"\u00a0pared interior\"><font style=\"vertical-align: inherit;\"><font style=\"vertical-align: inherit;\">Espacio aplicable: pared interior.<\/font><\/font><\/li>\n<li title=\"\u00a0Piedra del futuro negra Piedra del futuro blanca Piedra del futuro verde claro Piedra del futuro verde medio Piedra del futuro verde oscuro\"><font style=\"vertical-align: inherit;\"><font style=\"vertical-align: inherit;\">Clasificaci\u00f3n de colores: Piedra del futuro negra, piedra del futuro blanca, piedra del futuro verde claro, piedra del futuro verde medio, piedra del futuro verde oscuro<\/font><\/font><\/li>\n<li title=\"\u00a0Los compradores de la misma ciudad vienen a recoger la mercanc\u00eda.\"><font style=\"vertical-align: inherit;\"><font style=\"vertical-align: inherit;\">Servicio en la misma ciudad: Los compradores de la misma ciudad vienen a recoger la mercanc\u00eda.<\/font><\/font><\/li>\n<li title=\"\u00a0pared de fondo del hall de entrada\"><font style=\"vertical-align: inherit;\"><font style=\"vertical-align: inherit;\">Clasificaci\u00f3n del espacio de decoraci\u00f3n: pared de fondo del hall de entrada.<\/font><\/font><\/li>\n<li title=\"\u00a049 mm\"><font style=\"vertical-align: inherit;\"><font style=\"vertical-align: inherit;\">Ancho de cada pieza (mm): 49 mm<\/font><\/font><\/li>\n<li title=\"\u00a0203 mm\"><font style=\"vertical-align: inherit;\"><font style=\"vertical-align: inherit;\">Longitud de cada pieza (mm): 203mm<\/font><\/font><\/li>\n<li title=\"\u00a00,0099\u33a1\"><font style=\"vertical-align: inherit;\"><font style=\"vertical-align: inherit;\">Unidad de precio: 0,0099\u33a1<\/font><\/font><\/li>\n<li title=\"\u00a00,5% o m\u00e1s\"><font style=\"vertical-align: inherit;\"><font style=\"vertical-align: inherit;\">Absorci\u00f3n de agua: m\u00e1s de 0,5%<\/font><\/font><\/li>\n<li title=\"\u00a0El corte de muestra es gratuito y el flete corre por su cuenta.\"><font style=\"vertical-align: inherit;\"><font style=\"vertical-align: inherit;\">Si desea enviar muestras: el corte de muestra es gratuito, el flete corre por su cuenta<\/font><\/font><\/li>\n<p>                                \t\t\t\t\t\t\t\t\t\t\t\t\t\t\t\t\t\t\t\t\t                        <!-- \u5065\u5b57\u53f7\u76f8\u5173-->\t\t\t\t\t\t\t    <\/ul>","protected":false},"excerpt":{"rendered":"<p>Nombre de marca: Kashuo Par\u00e1metros del producto: Prop\u00f3sito especial: A prueba de humedad Marca: Kashuo Modelo: 3DCL-N02Y patr\u00f3n: liso Estilo: sencillo y moderno Origen: Continente<\/p>","protected":false},"featured_media":118405,"comment_status":"open","ping_status":"closed","template":"","meta":[],"product_brand":[],"product_cat":[30894,30971,30986,30878],"product_tag":[12259,12260],"class_list":{"0":"post-59330","1":"product","2":"type-product","3":"status-publish","4":"has-post-thumbnail","6":"product_cat-bs-wall-panels","7":"product_cat-hp","8":"product_cat-tiles-wall-bricks","9":"product_cat-wall-panel","10":"product_tag-_wf_cus","11":"product_tag-_wf_exc","13":"first","14":"instock","15":"sale","16":"taxable","17":"shipping-taxable","18":"purchasable","19":"product-type-variable"},"_links":{"self":[{"href":"https:\/\/nexgendecors.com\/es\/wp-json\/wp\/v2\/product\/59330","targetHints":{"allow":["GET"]}}],"collection":[{"href":"https:\/\/nexgendecors.com\/es\/wp-json\/wp\/v2\/product"}],"about":[{"href":"https:\/\/nexgendecors.com\/es\/wp-json\/wp\/v2\/types\/product"}],"replies":[{"embeddable":true,"href":"https:\/\/nexgendecors.com\/es\/wp-json\/wp\/v2\/comments?post=59330"}],"version-history":[{"count":0,"href":"https:\/\/nexgendecors.com\/es\/wp-json\/wp\/v2\/product\/59330\/revisions"}],"wp:featuredmedia":[{"embeddable":true,"href":"https:\/\/nexgendecors.com\/es\/wp-json\/wp\/v2\/media\/118405"}],"wp:attachment":[{"href":"https:\/\/nexgendecors.com\/es\/wp-json\/wp\/v2\/media?parent=59330"}],"wp:term":[{"taxonomy":"product_brand","embeddable":true,"href":"https:\/\/nexgendecors.com\/es\/wp-json\/wp\/v2\/product_brand?post=59330"},{"taxonomy":"product_cat","embeddable":true,"href":"https:\/\/nexgendecors.com\/es\/wp-json\/wp\/v2\/product_cat?post=59330"},{"taxonomy":"product_tag","embeddable":true,"href":"https:\/\/nexgendecors.com\/es\/wp-json\/wp\/v2\/product_tag?post=59330"}],"curies":[{"name":"wp","href":"https:\/\/api.w.org\/{rel}","templated":true}]}}