{"id":59338,"date":"2025-01-26T02:52:26","date_gmt":"2025-01-26T02:52:26","guid":{"rendered":"https:\/\/nexgendecors.com\/product\/large-flower-green-stone-mosaic-tile-natural-marble-dark-green-viewing-fish-pond-pool-bathroom-background-wall-pure-natural-stone-the-choice-of-fish-pond-garden\/"},"modified":"2025-04-15T11:18:10","modified_gmt":"2025-04-15T11:18:10","slug":"azulejo-de-mosaico-de-piedra-verde-con-flores-grandes-marmol-natural-verde-oscuro-para-ver-el-fondo-del-bano-de-la-piscina-del-estanque-de-peces-piedra-natural-pura-la-eleccion-del-jardin-del-est","status":"publish","type":"product","link":"https:\/\/nexgendecors.com\/es\/product\/azulejo-de-mosaico-de-piedra-verde-con-flores-grandes-marmol-natural-verde-oscuro-para-ver-el-fondo-del-bano-de-la-piscina-del-estanque-de-peces-piedra-natural-pura-la-eleccion-del-jardin-del-est\/","title":{"rendered":"Mosaico de m\u00e1rmol verde: dise\u00f1o elegante y duradero"},"content":{"rendered":"<p><strong>Descripci\u00f3n<\/strong><\/p>\n<p>Este mosaico de m\u00e1rmol verde oscuro est\u00e1 hecho de m\u00e1rmol natural de la India. Es precioso y acogedor, y le dar\u00e1 a su hogar una sensaci\u00f3n de lujo. Su color verde oscuro presenta un jaspeado con una textura verde mar claro. En algunas zonas, el tono intenso parece disolverse, como un espejo, revelando el tono p\u00e1lido que se esconde debajo, mientras que en otras, el veteado es sutil, como el cuero agrietado. Cada mosaico es \u00fanico. Los patrones de los dos mosaicos de m\u00e1rmol verde oscuro son inigualables, ya que cada losa extra\u00edda de la tierra es diferente a la siguiente, como dos robles centenarios.<\/p>\n<p>Estos mosaicos de m\u00e1rmol verde oscuro son una obra de arte que utiliza peque\u00f1os trozos de m\u00e1rmol verde natural para crear im\u00e1genes u objetos. Tienen un significado hist\u00f3rico y aportan un toque art\u00edstico y decorativo a tu espacio.<\/p>","protected":false},"excerpt":{"rendered":"<p>Descripci\u00f3n Este mosaico de m\u00e1rmol verde oscuro est\u00e1 hecho de m\u00e1rmol natural de la India. Es precioso y atractivo.<\/p>","protected":false},"featured_media":118415,"comment_status":"open","ping_status":"closed","template":"","meta":[],"product_brand":[],"product_cat":[30971,30986,30878],"product_tag":[],"class_list":{"0":"post-59338","1":"product","2":"type-product","3":"status-publish","4":"has-post-thumbnail","6":"product_cat-hp","7":"product_cat-tiles-wall-bricks","8":"product_cat-wall-panel","10":"first","11":"instock","12":"sale","13":"taxable","14":"shipping-taxable","15":"purchasable","16":"product-type-variable"},"_links":{"self":[{"href":"https:\/\/nexgendecors.com\/es\/wp-json\/wp\/v2\/product\/59338","targetHints":{"allow":["GET"]}}],"collection":[{"href":"https:\/\/nexgendecors.com\/es\/wp-json\/wp\/v2\/product"}],"about":[{"href":"https:\/\/nexgendecors.com\/es\/wp-json\/wp\/v2\/types\/product"}],"replies":[{"embeddable":true,"href":"https:\/\/nexgendecors.com\/es\/wp-json\/wp\/v2\/comments?post=59338"}],"version-history":[{"count":0,"href":"https:\/\/nexgendecors.com\/es\/wp-json\/wp\/v2\/product\/59338\/revisions"}],"wp:featuredmedia":[{"embeddable":true,"href":"https:\/\/nexgendecors.com\/es\/wp-json\/wp\/v2\/media\/118415"}],"wp:attachment":[{"href":"https:\/\/nexgendecors.com\/es\/wp-json\/wp\/v2\/media?parent=59338"}],"wp:term":[{"taxonomy":"product_brand","embeddable":true,"href":"https:\/\/nexgendecors.com\/es\/wp-json\/wp\/v2\/product_brand?post=59338"},{"taxonomy":"product_cat","embeddable":true,"href":"https:\/\/nexgendecors.com\/es\/wp-json\/wp\/v2\/product_cat?post=59338"},{"taxonomy":"product_tag","embeddable":true,"href":"https:\/\/nexgendecors.com\/es\/wp-json\/wp\/v2\/product_tag?post=59338"}],"curies":[{"name":"wp","href":"https:\/\/api.w.org\/{rel}","templated":true}]}}