{"id":59533,"date":"2025-01-26T02:52:51","date_gmt":"2025-01-26T02:52:51","guid":{"rendered":"https:\/\/nexgendecors.com\/product\/guquan-electric-boss-chair-reclining-leather-executive-chair-comfortable-study-computer-chair-comfortable-long-term-sitting-business-office-chair\/"},"modified":"2025-04-06T08:40:58","modified_gmt":"2025-04-06T08:40:58","slug":"guquan-electric-boss-chair-reclining-leather-executive-chair-comfortable-study-computer-chair-comfortable-long-term-sitting-business-office-chair","status":"publish","type":"product","link":"https:\/\/nexgendecors.com\/es\/product\/guquan-electric-boss-chair-reclining-leather-executive-chair-comfortable-study-computer-chair-comfortable-long-term-sitting-business-office-chair\/","title":{"rendered":"Silla de oficina reclinable ejecutiva de cuero Guquan"},"content":{"rendered":"<ul>\n<li>\n<strong>marca<\/strong>:Gu Quan<\/li>\n<li>\n<strong>modelo<\/strong>:S002<\/li>\n<li>\n<strong>elementos populares<\/strong>:Metal<\/li>\n<li>\n<strong>Armar<\/strong>:S\u00ed<\/li>\n<li>\n<strong>Peso bruto<\/strong>:30 kilos<\/li>\n<li>\n<strong>\u00bfEs giratorio?<\/strong>:S\u00ed<\/li>\n<li>\n<strong>\u00bfSe puede subir o bajar?<\/strong>:S\u00ed<\/li>\n<li>\n<strong>\u00bfEs compatible con la ergonom\u00eda?<\/strong>:No<\/li>\n<li>\n<strong>Material para pies de cinco estrellas<\/strong>:Pies de acero<\/li>\n<li>\n<strong>Material de tela<\/strong>:Cuero<\/li>\n<li>\n<strong>volumen del paquete<\/strong>:0.6<\/li>\n<li>\n<strong>\u00bfEs personalizable?<\/strong>:No<\/li>\n<li>\n<strong>Material met\u00e1lico<\/strong>:hierro<\/li>\n<li>\n<strong>\u00bfPuedo acostarme?<\/strong>:S\u00ed<\/li>\n<li>\n<strong>Tipo de pasamanos<\/strong>:Reposabrazos fijo<\/li>\n<li>\n<strong>Si tener pedales<\/strong>:S\u00ed<\/li>\n<li>\n<strong>Material<\/strong>:Metal<\/li>\n<li>\n<strong>Detalles de las instrucciones de instalaci\u00f3n<\/strong>:Proporcione herramientas de instalaci\u00f3n sencillas. Proporcione instrucciones de instalaci\u00f3n. Proporcione un video de instalaci\u00f3n.<\/li>\n<li>\n<strong>\u00bfHay taxi disponible para transporte?<\/strong>:No<\/li>\n<li>\n<strong>Posicionamiento de estilo<\/strong>:Lujo de calidad<\/li>\n<li>\n<strong>Tipo de reposacabezas<\/strong>:Sin reposacabezas<\/li>\n<li>\n<strong>Entrega\/instalaci\u00f3n disponible<\/strong>:Foshan Zhengzhou Guiyang Guangzhou Fuzhou Harbin Xiamen Chongqing Changzhou Suzhou Xi&#039;an Shenzhen Nanjing Beijing Changsha Qingdao Wuxi Chengdu Shanghai Wuhan Nanning Shenyang Dalian Taizhou Dongguan Tianjin Todas las ciudades Jinhua Hangzhou Nanchang Ningbo Wenzhou<\/li>\n<li>\n<strong>ordenar por color<\/strong>:Electric model &#8211; light brown leather (adjustable at any angle) Electric model &#8211; light brown microfiber leather (adjustable at any angle) Electric model &#8211; black leather (adjustable at any angle) Electric model &#8211; light orange microfiber leather (adjustable at any angle) Electric model &#8211; light orange leather (adjustable at any angle) Manual model &#8211; light brown microfiber leather (two-speed adjustment for gravity reclining) [Newly upgraded flap armrests] Light brown massage model [Newly upgraded flap armrests] Dark gray standard model [Newly upgraded flap armrests] Dark gray massage model [Newly upgraded flap armrests] Light brown standard model<\/li>\n<li>\n<strong><\/strong>:<\/li>\n<\/ul>\n<p><img><\/p>","protected":false},"excerpt":{"rendered":"<p>brand:Gu Quan model:S002 popular elements:Metal Assemble:yes Gross Weight:30kg Is it rotatable?:yes Can it be raised or lowered?:yes Does it support<\/p>","protected":false},"featured_media":118566,"comment_status":"open","ping_status":"closed","template":"","meta":[],"product_brand":[],"product_cat":[30971,30859],"product_tag":[],"class_list":{"0":"post-59533","1":"product","2":"type-product","3":"status-publish","4":"has-post-thumbnail","6":"product_cat-hp","7":"product_cat-wholesale-office","9":"first","10":"instock","11":"sale","12":"taxable","13":"shipping-taxable","14":"purchasable","15":"product-type-variable"},"_links":{"self":[{"href":"https:\/\/nexgendecors.com\/es\/wp-json\/wp\/v2\/product\/59533","targetHints":{"allow":["GET"]}}],"collection":[{"href":"https:\/\/nexgendecors.com\/es\/wp-json\/wp\/v2\/product"}],"about":[{"href":"https:\/\/nexgendecors.com\/es\/wp-json\/wp\/v2\/types\/product"}],"replies":[{"embeddable":true,"href":"https:\/\/nexgendecors.com\/es\/wp-json\/wp\/v2\/comments?post=59533"}],"version-history":[{"count":0,"href":"https:\/\/nexgendecors.com\/es\/wp-json\/wp\/v2\/product\/59533\/revisions"}],"wp:featuredmedia":[{"embeddable":true,"href":"https:\/\/nexgendecors.com\/es\/wp-json\/wp\/v2\/media\/118566"}],"wp:attachment":[{"href":"https:\/\/nexgendecors.com\/es\/wp-json\/wp\/v2\/media?parent=59533"}],"wp:term":[{"taxonomy":"product_brand","embeddable":true,"href":"https:\/\/nexgendecors.com\/es\/wp-json\/wp\/v2\/product_brand?post=59533"},{"taxonomy":"product_cat","embeddable":true,"href":"https:\/\/nexgendecors.com\/es\/wp-json\/wp\/v2\/product_cat?post=59533"},{"taxonomy":"product_tag","embeddable":true,"href":"https:\/\/nexgendecors.com\/es\/wp-json\/wp\/v2\/product_tag?post=59533"}],"curies":[{"name":"wp","href":"https:\/\/api.w.org\/{rel}","templated":true}]}}