{"id":59573,"date":"2025-01-26T02:52:57","date_gmt":"2025-01-26T02:52:57","guid":{"rendered":"https:\/\/nexgendecors.com\/product\/guquan-home-computer-chair-ergonomic-sitting-comfortable-study-desk-chair-bedroom-makeup-chair-dressing-swivel-chair\/"},"modified":"2025-04-06T08:41:03","modified_gmt":"2025-04-06T08:41:03","slug":"silla-de-ordenador-guquan-para-el-hogar-ergonomica-comoda-para-estudio-dormitorio-maquillaje-tocador-y-giratoria","status":"publish","type":"product","link":"https:\/\/nexgendecors.com\/es\/product\/silla-de-ordenador-guquan-para-el-hogar-ergonomica-comoda-para-estudio-dormitorio-maquillaje-tocador-y-giratoria\/","title":{"rendered":"Silla giratoria ergon\u00f3mica Guquan para estudio y maquillaje"},"content":{"rendered":"<ul>\n<li>\n<strong>marca<\/strong>:Gu Quan<\/li>\n<li>\n<strong>modelo<\/strong>:c717-1<\/li>\n<li>\n<strong>elementos populares<\/strong>:Metal<\/li>\n<li>\n<strong>Armar<\/strong>:S\u00ed<\/li>\n<li>\n<strong>\u00bfEs giratorio?<\/strong>:S\u00ed<\/li>\n<li>\n<strong>\u00bfSe puede subir o bajar?<\/strong>:S\u00ed<\/li>\n<li>\n<strong>\u00bfEs compatible con la ergonom\u00eda?<\/strong>:S\u00ed<\/li>\n<li>\n<strong>Material para pies de cinco estrellas<\/strong>:Pies de acero<\/li>\n<li>\n<strong>Material de tela<\/strong>:Lino<\/li>\n<li>\n<strong>volumen del paquete<\/strong>:0.4<\/li>\n<li>\n<strong>\u00bfEs personalizable?<\/strong>:No<\/li>\n<li>\n<strong>Material met\u00e1lico<\/strong>:acero<\/li>\n<li>\n<strong>\u00bfPuedo acostarme?<\/strong>:No<\/li>\n<li>\n<strong>Tipo de pasamanos<\/strong>:Sin apoyabrazos<\/li>\n<li>\n<strong>Si tener pedales<\/strong>:No<\/li>\n<li>\n<strong>Material<\/strong>:Metal<\/li>\n<li>\n<strong>\u00bfHay taxi disponible para transporte?<\/strong>:S\u00ed<\/li>\n<li>\n<strong>Posicionamiento de estilo<\/strong>:Lujo de calidad<\/li>\n<li>\n<strong>Entrega\/instalaci\u00f3n disponible<\/strong>:Foshan Zhengzhou Guiyang Guangzhou Fuzhou Harbin Xiamen Chongqing Changzhou Suzhou Xi&#039;an Shenzhen Nanjing Beijing Wuxi Qingdao Changsha Chengdu Shanghai Wuhan Nanning Shenyang Dalian Taizhou Dongguan Tianjin Todas las ciudades Jinhua Hangzhou Ningbo Nanchang Wenzhou<\/li>\n<li>\n<strong>ordenar por color<\/strong>:Modelo de tela amarillo claro (versi\u00f3n de desmontaje en el extranjero) Modelo de tela con pie de rodillo amarillo claro (versi\u00f3n de desmontaje en el extranjero) Modelo de cuero de microfibra blanca Modelo de rodillo negro blanco lino Modelo de soporte blanco cremoso Modelo de soporte blanco cremoso (versi\u00f3n de desmontaje en el extranjero) Modelo de rodillo blanco cremoso (versi\u00f3n de desmontaje en el extranjero) Entrega prioritaria de recogida y compra [Detalles para obtener cupones para reducir m\u00e1s del 60]<\/li>\n<\/ul>\n<p><img><\/p>","protected":false},"excerpt":{"rendered":"<p>brand:Gu Quan model:c717-1 popular elements:Metal Assemble:yes Is it rotatable?:yes Can it be raised or lowered?:yes Does it support ergonomics?:yes Five-star<\/p>","protected":false},"featured_media":118687,"comment_status":"open","ping_status":"closed","template":"","meta":[],"product_brand":[],"product_cat":[30971,30859],"product_tag":[],"class_list":{"0":"post-59573","1":"product","2":"type-product","3":"status-publish","4":"has-post-thumbnail","6":"product_cat-hp","7":"product_cat-wholesale-office","9":"first","10":"instock","11":"sale","12":"taxable","13":"shipping-taxable","14":"purchasable","15":"product-type-variable"},"_links":{"self":[{"href":"https:\/\/nexgendecors.com\/es\/wp-json\/wp\/v2\/product\/59573","targetHints":{"allow":["GET"]}}],"collection":[{"href":"https:\/\/nexgendecors.com\/es\/wp-json\/wp\/v2\/product"}],"about":[{"href":"https:\/\/nexgendecors.com\/es\/wp-json\/wp\/v2\/types\/product"}],"replies":[{"embeddable":true,"href":"https:\/\/nexgendecors.com\/es\/wp-json\/wp\/v2\/comments?post=59573"}],"version-history":[{"count":0,"href":"https:\/\/nexgendecors.com\/es\/wp-json\/wp\/v2\/product\/59573\/revisions"}],"wp:featuredmedia":[{"embeddable":true,"href":"https:\/\/nexgendecors.com\/es\/wp-json\/wp\/v2\/media\/118687"}],"wp:attachment":[{"href":"https:\/\/nexgendecors.com\/es\/wp-json\/wp\/v2\/media?parent=59573"}],"wp:term":[{"taxonomy":"product_brand","embeddable":true,"href":"https:\/\/nexgendecors.com\/es\/wp-json\/wp\/v2\/product_brand?post=59573"},{"taxonomy":"product_cat","embeddable":true,"href":"https:\/\/nexgendecors.com\/es\/wp-json\/wp\/v2\/product_cat?post=59573"},{"taxonomy":"product_tag","embeddable":true,"href":"https:\/\/nexgendecors.com\/es\/wp-json\/wp\/v2\/product_tag?post=59573"}],"curies":[{"name":"wp","href":"https:\/\/api.w.org\/{rel}","templated":true}]}}