{"id":59825,"date":"2025-01-26T02:53:40","date_gmt":"2025-01-26T02:53:40","guid":{"rendered":"https:\/\/nexgendecors.com\/product\/height-adjustable-kids-table-and-4-chairs-set-toddler-table-and-chair-set-with-graffiti-desktop-31-5l-x-23-6w-children-activity-table-for-daycare-classroom-home1711880169534\/"},"modified":"2025-04-06T08:41:52","modified_gmt":"2025-04-06T08:41:52","slug":"mesa-y-4-sillas-para-ninos-con-altura-ajustable-mesa-y-sillas-para-ninos-pequenos-con-escritorio-de-graffiti-31-5-de-largo-x-23-6-de-ancho-mesa-de-actividades-para-ninos-guarderia-aula-hogar-17","status":"publish","type":"product","link":"https:\/\/nexgendecors.com\/es\/product\/mesa-y-4-sillas-para-ninos-con-altura-ajustable-mesa-y-sillas-para-ninos-pequenos-con-escritorio-de-graffiti-31-5-de-largo-x-23-6-de-ancho-mesa-de-actividades-para-ninos-guarderia-aula-hogar-17\/","title":{"rendered":"Juego de mesa y 4 sillas infantiles de altura regulable Graffiti"},"content":{"rendered":"<p data-mce-fragment=\"1\">\ud83c\udf1f <strong data-mce-fragment=\"1\">Conjunto de mesa y sillas para ni\u00f1os Doreroom: Creciendo con tu hijo<\/strong><\/p>\n<p data-mce-fragment=\"1\">\ud83d\udc66\ud83d\udc67 <strong data-mce-fragment=\"1\">Sobre nosotros<\/strong>En Doreroom, nos especializamos en la creaci\u00f3n de juegos de mesa y sillas vers\u00e1tiles y de alta calidad, dise\u00f1ados para ni\u00f1os peque\u00f1os y adolescentes. Con una amplia selecci\u00f3n de colores, tama\u00f1os y estilos, encontrar\u00e1 el juego perfecto para las preferencias y necesidades de su hijo.<\/p>\n<p data-mce-fragment=\"1\">\ud83c\udfa8 <strong data-mce-fragment=\"1\">Vers\u00e1til y divertido<\/strong>Nuestro juego de mesa y 4 sillas infantiles es una adici\u00f3n encantadora al crecimiento de tu hijo. Ideal para ni\u00f1os peque\u00f1os y preescolares, esta mesa multiusos es el lugar ideal para comidas, refrigerios, manualidades, juegos y diversi\u00f3n sin l\u00edmites. El escritorio con grafiti tambi\u00e9n sirve como papel de dibujo, permitiendo que los ni\u00f1os den rienda suelta a su creatividad con acuarelas.<\/p>\n<p data-mce-fragment=\"1\">\ud83c\udf7d\ufe0f <strong data-mce-fragment=\"1\">Dise\u00f1o multifuncional<\/strong>Este juego no es solo una mesa de dibujo; tambi\u00e9n sirve como mesa de comedor, mesa de estudio y mesa de juegos, adapt\u00e1ndose f\u00e1cilmente a las diversas actividades y necesidades de tu hijo. La mesa cuenta con un soporte giratorio antideslizante para ajustarse a terrenos irregulares y evitar resbalones. Adem\u00e1s, ofrece 8 alturas ajustables para la mesa y 3 para las sillas, ideal para ni\u00f1os de 3 a 8 a\u00f1os.<\/p>\n<p data-mce-fragment=\"1\">\ud83c\udf08 <strong data-mce-fragment=\"1\">Seguro y c\u00f3modo<\/strong>Con esquinas y bordes redondeados y lisos, nuestro juego garantiza la seguridad y evita ara\u00f1azos mientras tu hijo juega libremente. La silla ergon\u00f3mica proporciona un soporte espinal fiable, lo que facilita el estudio y el juego.<\/p>\n<p data-mce-fragment=\"1\">\ud83c\udf88 <strong data-mce-fragment=\"1\">Que empiece la diversi\u00f3n<\/strong>Con Doreroom, no hay de qu\u00e9 preocuparse. Deja que tus hijos se sumerjan en el juego, la alegr\u00eda y la creatividad, con el apoyo de nuestro juego de mesa y sillas duradero y cuidadosamente dise\u00f1ado.<\/p>\n<div><\/div>","protected":false},"excerpt":{"rendered":"<p>\ud83c\udf1f Juego de mesa y sillas para ni\u00f1os Doreroom: creciendo con tu hijo \ud83d\udc66\ud83d\udc67 Acerca de nosotros: En Doreroom, nos especializamos en<\/p>","protected":false},"featured_media":118992,"comment_status":"open","ping_status":"closed","template":"","meta":[],"product_brand":[],"product_cat":[30899,30971,30836,30839,30849],"product_tag":[],"class_list":{"0":"post-59825","1":"product","2":"type-product","3":"status-publish","4":"has-post-thumbnail","6":"product_cat-bs-kindergarten","7":"product_cat-hp","8":"product_cat-kids-chairs","9":"product_cat-kids-tables","10":"product_cat-kindergarten-school-furniture","12":"first","13":"instock","14":"taxable","15":"shipping-taxable","16":"purchasable","17":"product-type-variable"},"_links":{"self":[{"href":"https:\/\/nexgendecors.com\/es\/wp-json\/wp\/v2\/product\/59825","targetHints":{"allow":["GET"]}}],"collection":[{"href":"https:\/\/nexgendecors.com\/es\/wp-json\/wp\/v2\/product"}],"about":[{"href":"https:\/\/nexgendecors.com\/es\/wp-json\/wp\/v2\/types\/product"}],"replies":[{"embeddable":true,"href":"https:\/\/nexgendecors.com\/es\/wp-json\/wp\/v2\/comments?post=59825"}],"version-history":[{"count":0,"href":"https:\/\/nexgendecors.com\/es\/wp-json\/wp\/v2\/product\/59825\/revisions"}],"wp:featuredmedia":[{"embeddable":true,"href":"https:\/\/nexgendecors.com\/es\/wp-json\/wp\/v2\/media\/118992"}],"wp:attachment":[{"href":"https:\/\/nexgendecors.com\/es\/wp-json\/wp\/v2\/media?parent=59825"}],"wp:term":[{"taxonomy":"product_brand","embeddable":true,"href":"https:\/\/nexgendecors.com\/es\/wp-json\/wp\/v2\/product_brand?post=59825"},{"taxonomy":"product_cat","embeddable":true,"href":"https:\/\/nexgendecors.com\/es\/wp-json\/wp\/v2\/product_cat?post=59825"},{"taxonomy":"product_tag","embeddable":true,"href":"https:\/\/nexgendecors.com\/es\/wp-json\/wp\/v2\/product_tag?post=59825"}],"curies":[{"name":"wp","href":"https:\/\/api.w.org\/{rel}","templated":true}]}}