{"id":59882,"date":"2025-01-26T02:53:51","date_gmt":"2025-01-26T02:53:51","guid":{"rendered":"https:\/\/nexgendecors.com\/product\/light-luxury-style-marble-mosaic-background-wall-entrance-golden-stainless-steel-gradient-stone-parquet-bathroom-tiles\/"},"modified":"2025-04-15T11:18:10","modified_gmt":"2025-04-15T11:18:10","slug":"azulejos-de-bano-con-mosaico-de-marmol-de-estilo-lujoso-y-ligero-para-pared-de-entrada-de-acero-inoxidable-dorado-con-piedra-degradada-y-parque","status":"publish","type":"product","link":"https:\/\/nexgendecors.com\/es\/product\/azulejos-de-bano-con-mosaico-de-marmol-de-estilo-lujoso-y-ligero-para-pared-de-entrada-de-acero-inoxidable-dorado-con-piedra-degradada-y-parque\/","title":{"rendered":"Mosaico hexagonal Thassos blanco y dorado: estilo de lujo"},"content":{"rendered":"<div class=\"kzv0b81yc_693\" data-hb-id=\"Box\" data-mce-fragment=\"1\">\n<div class=\"ProductOverviewInformation-description\" data-mce-fragment=\"1\">\n<div class=\"RomanceCopy\" data-mce-fragment=\"1\">\n<div class=\"RomanceCopy-text\" data-mce-fragment=\"1\"><strong>Azulejo de colecci\u00f3n Hexagon<\/strong><\/div>\n<div class=\"RomanceCopy-text\" data-mce-fragment=\"1\"><strong><\/strong><\/div>\n<\/div>\n<\/div>\n<\/div>\n<div class=\"kzv0b81yc_693\" data-hb-id=\"Box\" data-mce-fragment=\"1\">\n<p>Estas innovadoras formas de mosaico en piedra de m\u00e1rmol natural y acero inoxidable crean una versi\u00f3n vanguardista y contempor\u00e1nea del cl\u00e1sico mosaico de m\u00e1rmol. Estas piezas forman superficies \u00fanicas y poco comunes que combinan a la perfecci\u00f3n con colores s\u00f3lidos e interiores modernos.<\/p>\n<p>M\u00e1s populares en: Paredes de cocina, Paredes de ba\u00f1o, Paredes de cafeter\u00eda, \u00c1reas de acento<\/p>\n<\/div>\n<div class=\"kzv0b81yc_693\" data-hb-id=\"Box\" data-mce-fragment=\"1\">\n<div data-mce-fragment=\"1\">\n<h4 class=\"kzv0b81bu_693 kzv0b81yc_693 _1yimfeh6_693 undefined _1yimfeh9_693\" data-hb-id=\"Heading\" data-mce-fragment=\"1\">Caracter\u00edsticas<\/h4>\n<ul class=\"BulletList BulletList--withPadding\" data-mce-fragment=\"1\">\n<li class=\"BulletList-listItem\" data-mce-fragment=\"1\">Material: Marbe blanco Thassos, aluminio dorado.<\/li>\n<li class=\"BulletList-listItem\" data-mce-fragment=\"1\">Patr\u00f3n: Hex\u00e1gono de 3\u2033 x 3\u2033<\/li>\n<li class=\"BulletList-listItem\" data-mce-fragment=\"1\">Acabado: Pulido<\/li>\n<\/ul>\n<p>\u00a0<\/p>\n<div class=\"DescriptionList-item\"><strong>Ubicaci\u00f3n de la instalaci\u00f3n<\/strong><\/div>\n<div class=\"DescriptionList-item\">Protector contra salpicaduras; Suelo del ba\u00f1o; Pared del ba\u00f1o; Suelo de la ducha; Pared de la ducha; Marco de la chimenea; Entrada<\/div>\n<p>\u00a0<\/p>\n<\/div>\n<\/div>","protected":false},"excerpt":{"rendered":"<p>Azulejo de la colecci\u00f3n Hexagon Estas innovadoras formas de mosaico en piedra de m\u00e1rmol natural y acero inoxidable crean una reiteraci\u00f3n vanguardista y contempor\u00e1nea<\/p>","protected":false},"featured_media":119068,"comment_status":"open","ping_status":"closed","template":"","meta":[],"product_brand":[],"product_cat":[30971,30986,30878],"product_tag":[12259,12260],"class_list":{"0":"post-59882","1":"product","2":"type-product","3":"status-publish","4":"has-post-thumbnail","6":"product_cat-hp","7":"product_cat-tiles-wall-bricks","8":"product_cat-wall-panel","9":"product_tag-_wf_cus","10":"product_tag-_wf_exc","12":"first","13":"instock","14":"sale","15":"taxable","16":"shipping-taxable","17":"purchasable","18":"product-type-variable"},"_links":{"self":[{"href":"https:\/\/nexgendecors.com\/es\/wp-json\/wp\/v2\/product\/59882","targetHints":{"allow":["GET"]}}],"collection":[{"href":"https:\/\/nexgendecors.com\/es\/wp-json\/wp\/v2\/product"}],"about":[{"href":"https:\/\/nexgendecors.com\/es\/wp-json\/wp\/v2\/types\/product"}],"replies":[{"embeddable":true,"href":"https:\/\/nexgendecors.com\/es\/wp-json\/wp\/v2\/comments?post=59882"}],"version-history":[{"count":0,"href":"https:\/\/nexgendecors.com\/es\/wp-json\/wp\/v2\/product\/59882\/revisions"}],"wp:featuredmedia":[{"embeddable":true,"href":"https:\/\/nexgendecors.com\/es\/wp-json\/wp\/v2\/media\/119068"}],"wp:attachment":[{"href":"https:\/\/nexgendecors.com\/es\/wp-json\/wp\/v2\/media?parent=59882"}],"wp:term":[{"taxonomy":"product_brand","embeddable":true,"href":"https:\/\/nexgendecors.com\/es\/wp-json\/wp\/v2\/product_brand?post=59882"},{"taxonomy":"product_cat","embeddable":true,"href":"https:\/\/nexgendecors.com\/es\/wp-json\/wp\/v2\/product_cat?post=59882"},{"taxonomy":"product_tag","embeddable":true,"href":"https:\/\/nexgendecors.com\/es\/wp-json\/wp\/v2\/product_tag?post=59882"}],"curies":[{"name":"wp","href":"https:\/\/api.w.org\/{rel}","templated":true}]}}