{"id":60433,"date":"2025-01-26T02:54:59","date_gmt":"2025-01-26T02:54:59","guid":{"rendered":"https:\/\/nexgendecors.com\/product\/hikenture-camping-pillow-with-removable-cover-ultralight-inflatable-pillow-for-neck-lumbar-support-upgrade-backpacking-pillow-washable-travel-air-pillows-for-camping-hiking-backpacking1706339191927"},"modified":"2025-04-06T08:43:17","modified_gmt":"2025-04-06T08:43:17","slug":"hikenture-camping-pillow-with-removable-cover-ultralight-inflatable-pillow-for-neck-lumbar-support-upgrade-backpacking-pillow-washable-travel-air-pillows-for-camping-hiking-backpacking1706339191927","status":"publish","type":"product","link":"https:\/\/nexgendecors.com\/es\/product\/hikenture-camping-pillow-with-removable-cover-ultralight-inflatable-pillow-for-neck-lumbar-support-upgrade-backpacking-pillow-washable-travel-air-pillows-for-camping-hiking-backpacking1706339191927\/","title":{"rendered":"Almohada inflable ultraligera para acampar Hikenture (lavable)"},"content":{"rendered":"<p><strong>Descubra la m\u00e1xima comodidad con la almohada de camping Hikenture<\/strong><\/p>\n<p>En Hikenture, nos dedicamos a ofrecerte el mejor equipo de camping para que disfrutes al m\u00e1ximo de tus actividades al aire libre y te mantengas conectado con la naturaleza. Nos satisface que disfrutes de nuestros productos, lo que nos convierte en tu compa\u00f1ero de confianza en todas tus aventuras.<\/p>\n<p><strong>Caracter\u00edsticas principales:<\/strong><\/p>\n<p>\u2728 <strong>Dise\u00f1o ergon\u00f3mico:<\/strong> Nuestra almohada de camping presenta una forma curva ergon\u00f3mica, dise\u00f1ada para aliviar la tensi\u00f3n del cuello y brindar la m\u00e1xima comodidad durante su viaje.<\/p>\n<p>\ud83c\udf0a <strong>Resistente al agua y a las fugas:<\/strong> Fabricada con un dise\u00f1o resistente al agua y a las fugas, nuestra almohada garantiza durabilidad y longevidad, incluso en condiciones exteriores dif\u00edciles.<\/p>\n<p>\ud83c\udf2c\ufe0f <strong>Dise\u00f1o inflable:<\/strong> Con una pr\u00e1ctica correa para sujetar a tu silla de playa, nuestra almohada es inflable y f\u00e1cilmente ajustable a la firmeza deseada, brindando comodidad personalizada donde quiera que vayas.<\/p>\n<p>\ud83d\udecc <strong>Perfecto para dos:<\/strong> Con unas medidas de 12,2\u2033 de largo x 17,3\u2033 de ancho y 4\u2033 de grosor, nuestra almohada es la colchoneta perfecta para dos personas y ofrece comodidad de primer nivel para una noche de sue\u00f1o reparador.<\/p>\n<p>\ud83c\udf1f <strong>Cubierta extra\u00edble:<\/strong> La almohada viene con una funda extra\u00edble hecha de poli\u00e9ster y algod\u00f3n transpirable, lo que garantiza una f\u00e1cil limpieza y mantenimiento.<\/p>\n<p>\u2764\ufe0f <strong>Garant\u00eda satisfactoria:<\/strong> Respaldamos nuestro producto con una garant\u00eda satisfactoria de 365 d\u00edas, brind\u00e1ndole tranquilidad y confianza en su compra.<\/p>\n<p><strong>Presupuesto:<\/strong><\/p>\n<ul>\n<li>\n<strong>Marca:<\/strong> Senderismo<\/li>\n<li>\n<strong>Color:<\/strong> Verde<\/li>\n<li>\n<strong>Tama\u00f1o:<\/strong> 1 unidad (paquete de 1)<\/li>\n<li>\n<strong>Dimensiones del producto:<\/strong> 12,2\u2033 de largo x 17,3\u2033 de ancho<\/li>\n<li>\n<strong>Caracter\u00edstica especial:<\/strong> Inflable, resistente al agua, a prueba de fugas, cubierta extra\u00edble<\/li>\n<li>\n<strong>Material de la cubierta:<\/strong> poli\u00e9ster, algod\u00f3n<\/li>\n<li>\n<strong>N\u00famero de hilos:<\/strong> 7<\/li>\n<li>\n<strong>Peso del art\u00edculo:<\/strong> 159 gramos<\/li>\n<li>\n<strong>Tipo de tela:<\/strong> Cubierta de poli\u00e9ster transpirable, c\u00e1mara de TPU herm\u00e9tica<\/li>\n<li>\n<strong>Descripci\u00f3n de la garant\u00eda:<\/strong> Garant\u00eda de satisfacci\u00f3n de 365 d\u00edas<\/li>\n<\/ul>\n<p>Mejora tu relajaci\u00f3n al aire libre con la almohada de camping Hikenture, dise\u00f1ada para m\u00e1xima comodidad y practicidad en todas tus aventuras. \u00a1\u00danete a miles de clientes satisfechos y experimenta la diferencia con Hikenture!<\/p>","protected":false},"excerpt":{"rendered":"<p>Descubra la m\u00e1xima comodidad con la almohada para acampar Hikenture En Hikenture, nos dedicamos a brindarle el mejor equipo para acampar.<\/p>","protected":false},"featured_media":119556,"comment_status":"open","ping_status":"closed","template":"","meta":[],"product_brand":[],"product_cat":[30818,30971],"product_tag":[],"class_list":{"0":"post-60433","1":"product","2":"type-product","3":"status-publish","4":"has-post-thumbnail","6":"product_cat-camping-furniture","7":"product_cat-hp","9":"first","10":"instock","11":"sale","12":"taxable","13":"shipping-taxable","14":"purchasable","15":"product-type-variable"},"_links":{"self":[{"href":"https:\/\/nexgendecors.com\/es\/wp-json\/wp\/v2\/product\/60433","targetHints":{"allow":["GET"]}}],"collection":[{"href":"https:\/\/nexgendecors.com\/es\/wp-json\/wp\/v2\/product"}],"about":[{"href":"https:\/\/nexgendecors.com\/es\/wp-json\/wp\/v2\/types\/product"}],"replies":[{"embeddable":true,"href":"https:\/\/nexgendecors.com\/es\/wp-json\/wp\/v2\/comments?post=60433"}],"version-history":[{"count":0,"href":"https:\/\/nexgendecors.com\/es\/wp-json\/wp\/v2\/product\/60433\/revisions"}],"wp:featuredmedia":[{"embeddable":true,"href":"https:\/\/nexgendecors.com\/es\/wp-json\/wp\/v2\/media\/119556"}],"wp:attachment":[{"href":"https:\/\/nexgendecors.com\/es\/wp-json\/wp\/v2\/media?parent=60433"}],"wp:term":[{"taxonomy":"product_brand","embeddable":true,"href":"https:\/\/nexgendecors.com\/es\/wp-json\/wp\/v2\/product_brand?post=60433"},{"taxonomy":"product_cat","embeddable":true,"href":"https:\/\/nexgendecors.com\/es\/wp-json\/wp\/v2\/product_cat?post=60433"},{"taxonomy":"product_tag","embeddable":true,"href":"https:\/\/nexgendecors.com\/es\/wp-json\/wp\/v2\/product_tag?post=60433"}],"curies":[{"name":"wp","href":"https:\/\/api.w.org\/{rel}","templated":true}]}}