{"id":60475,"date":"2025-01-26T02:55:06","date_gmt":"2025-01-26T02:55:06","guid":{"rendered":"https:\/\/nexgendecors.com\/product\/home-simple-solid-wood-childrens-study-table-writing-table-childrens-sofa-seat-baby-sofa-chair-cute-reading-table\/"},"modified":"2025-04-06T08:43:28","modified_gmt":"2025-04-06T08:43:28","slug":"mesa-de-estudio-infantil-sencilla-de-madera-maciza-para-el-hogar-mesa-de-escritura-sofa-infantil-sillon-para-bebe-bonita-mesa-de-lectura","status":"publish","type":"product","link":"https:\/\/nexgendecors.com\/es\/product\/mesa-de-estudio-infantil-sencilla-de-madera-maciza-para-el-hogar-mesa-de-escritura-sofa-infantil-sillon-para-bebe-bonita-mesa-de-lectura\/","title":{"rendered":"Bonita mesa de estudio y sof\u00e1 infantil de madera maciza"},"content":{"rendered":"<ul>\n<li>\n<strong>marca<\/strong>:Zhaosheng<\/li>\n<li>\n<strong>modelo<\/strong>:F2020010202 Sof\u00e1 infantil<\/li>\n<li>\n<strong>Material<\/strong>:Tela<\/li>\n<li>\n<strong>patr\u00f3n<\/strong>:Arte<\/li>\n<li>\n<strong>estilo<\/strong>:Europa del Norte<\/li>\n<li>\n<strong>ordenar por color<\/strong>:Comun\u00edquese con el servicio de atenci\u00f3n al cliente para obtener tama\u00f1os personalizados 160*60*60 140*60*60 Sof\u00e1 peque\u00f1o 65*40*35 Taburete peque\u00f1o di\u00e1metro 28*altura 32 120*60*60<\/li>\n<li>\n<strong>\u00bfEs personalizable?<\/strong>:S\u00ed<\/li>\n<li>\n<strong>Estructura del mobiliario<\/strong>:Estructura de soporte<\/li>\n<li>\n<strong>Armar<\/strong>:S\u00ed<\/li>\n<li>\n<strong>volumen del paquete<\/strong>:1<\/li>\n<li>\n<strong>\u00bfEst\u00e1 disponible la preventa?<\/strong>:No<\/li>\n<li>\n<strong><\/strong>:<\/li>\n<\/ul>\n<p><img><\/p>","protected":false},"excerpt":{"rendered":"<p>brand:Zhaosheng model:F2020010202 Children&#8217;s sofa Material:Fabric pattern:Art style:Northern Europe sort by color:Please contact customer service for customized sizes 160*60*60 140*60*60 Small<\/p>","protected":false},"featured_media":119611,"comment_status":"open","ping_status":"closed","template":"","meta":[],"product_brand":[],"product_cat":[30899,30971,30849],"product_tag":[],"class_list":{"0":"post-60475","1":"product","2":"type-product","3":"status-publish","4":"has-post-thumbnail","6":"product_cat-bs-kindergarten","7":"product_cat-hp","8":"product_cat-kindergarten-school-furniture","10":"first","11":"instock","12":"taxable","13":"shipping-taxable","14":"purchasable","15":"product-type-variable"},"_links":{"self":[{"href":"https:\/\/nexgendecors.com\/es\/wp-json\/wp\/v2\/product\/60475","targetHints":{"allow":["GET"]}}],"collection":[{"href":"https:\/\/nexgendecors.com\/es\/wp-json\/wp\/v2\/product"}],"about":[{"href":"https:\/\/nexgendecors.com\/es\/wp-json\/wp\/v2\/types\/product"}],"replies":[{"embeddable":true,"href":"https:\/\/nexgendecors.com\/es\/wp-json\/wp\/v2\/comments?post=60475"}],"version-history":[{"count":0,"href":"https:\/\/nexgendecors.com\/es\/wp-json\/wp\/v2\/product\/60475\/revisions"}],"wp:featuredmedia":[{"embeddable":true,"href":"https:\/\/nexgendecors.com\/es\/wp-json\/wp\/v2\/media\/119611"}],"wp:attachment":[{"href":"https:\/\/nexgendecors.com\/es\/wp-json\/wp\/v2\/media?parent=60475"}],"wp:term":[{"taxonomy":"product_brand","embeddable":true,"href":"https:\/\/nexgendecors.com\/es\/wp-json\/wp\/v2\/product_brand?post=60475"},{"taxonomy":"product_cat","embeddable":true,"href":"https:\/\/nexgendecors.com\/es\/wp-json\/wp\/v2\/product_cat?post=60475"},{"taxonomy":"product_tag","embeddable":true,"href":"https:\/\/nexgendecors.com\/es\/wp-json\/wp\/v2\/product_tag?post=60475"}],"curies":[{"name":"wp","href":"https:\/\/api.w.org\/{rel}","templated":true}]}}