{"id":60485,"date":"2025-01-26T02:55:10","date_gmt":"2025-01-26T02:55:10","guid":{"rendered":"https:\/\/nexgendecors.com\/product\/home-theater-sofa-audio-visual-room-movie-theater-italian-high-end-smart-luxury-function-sofa-electric-adjustable\/"},"modified":"2025-04-06T08:43:33","modified_gmt":"2025-04-06T08:43:33","slug":"home-theater-sofa-audio-visual-room-movie-theater-italian-high-end-smart-luxury-function-sofa-electric-adjustable","status":"publish","type":"product","link":"https:\/\/nexgendecors.com\/es\/product\/home-theater-sofa-audio-visual-room-movie-theater-italian-high-end-smart-luxury-function-sofa-electric-adjustable\/","title":{"rendered":"Sof\u00e1 el\u00e9ctrico italiano de lujo para cine en casa"},"content":{"rendered":"<ul>\n<li>\n<strong>marca<\/strong>:Zhou Daheng<\/li>\n<li>\n<strong>modelo<\/strong>:808-1#<\/li>\n<li>\n<strong>Material<\/strong>:Madera<\/li>\n<li>\n<strong>Material de madera<\/strong>:Eucalipto<\/li>\n<li>\n<strong>patr\u00f3n<\/strong>:Arte<\/li>\n<li>\n<strong>estilo<\/strong>:minimalismo italiano<\/li>\n<li>\n<strong>N\u00famero de personas aplicable<\/strong>:otro<\/li>\n<li>\n<strong>elementos populares<\/strong>:Empalme<\/li>\n<li>\n<strong>ordenar por color<\/strong>:Imported bull leather\/single seat\/single electric, imported bull leather\/2+1 medium table\/single electric, imported bull leather\/3+2 medium table\/single electric, imported bull leather\/4+3 medium table\/single electric, imported bull leather\/4+1 medium table\/single electric, imported bull leather\/single seat\/double electric, imported bull leather\/2+1 medium table\/double electric, imported bull leather\/3+2 medium table\/double electric, imported bull leather\/4+3 medium table\/double electric, imported bull leather\/4+1 medium table\/double electric ,Medium-thick bull leather\/single seat\/single electric,Medium-thick bull leather\/2+1 medium table\/single electric,Medium-thick bull leather\/3+2 medium table\/single electric,Medium-thick bull leather\/4+3 medium table\/single electric,Medium-thick bull leather\/4+1 medium table\/single electric,Medium-thick bull leather\/single seat\/double electric,Medium-thick bull leather\/2+1 medium table\/double electric,Medium-thick bull leather\/3+2 medium table\/double electric,Medium-thick bull leather\/4+3 medium table\/double electric,Medium-thick bull leather\/4+1 medium table\/double electric<\/li>\n<li>\n<strong>Relleno<\/strong>:esponja<\/li>\n<li>\n<strong>Tecnolog\u00eda estructural<\/strong>:Artesan\u00eda en madera<\/li>\n<li>\n<strong>Tecnolog\u00eda de estructura de madera<\/strong>:otro<\/li>\n<li>\n<strong>\u00bfEs personalizable?<\/strong>:S\u00ed<\/li>\n<li>\n<strong>Combinaci\u00f3n de sof\u00e1s<\/strong>:Forma de L<\/li>\n<li>\n<strong>Caracter\u00edsticas adicionales<\/strong>:Estirar<\/li>\n<li>\n<strong>Adecuado<\/strong>:Adultos<\/li>\n<li>\n<strong>\u00bfHay espacio de almacenamiento?<\/strong>:S\u00ed<\/li>\n<li>\n<strong>Proceso de acabado del cuero<\/strong>:grieta<\/li>\n<li>\n<strong>Material de cuero<\/strong>:Capa superior de piel de vaca<\/li>\n<li>\n<strong>Entrega\/instalaci\u00f3n disponible<\/strong>:Nationwide, Nanchang, Harbin, Dalian, Shenyang, Xi&#8217;an, Guiyang, Zhengzhou, Jinhua, Changsha, Beijing, Changzhou, Chengdu, Dongguan, Foshan, Fuzhou, Guangzhou, Hangzhou, Nanjing, Nanning, Ningbo, Qingdao, Shanghai, Shenzhen, Suzhou, Taizhou, Tianjin, Wenzhou, Wuxi, Wuhan, Xiamen, Chongqing<\/li>\n<li>\n<strong>Armar<\/strong>:S\u00ed<\/li>\n<li>\n<strong>volumen del paquete<\/strong>:3.2<\/li>\n<li>\n<strong>\u00bfHay taxi disponible para transporte?<\/strong>:No<\/li>\n<li>\n<strong>Dureza del relleno<\/strong>:suave<\/li>\n<li>\n<strong>Posicionamiento de estilo<\/strong>:Lujo de calidad<\/li>\n<li>\n<strong>Detalles de las instrucciones de instalaci\u00f3n<\/strong>:Proporcione instrucciones de instalaci\u00f3n, videos de instalaci\u00f3n y herramientas de instalaci\u00f3n sencillas.<\/li>\n<li>\n<strong>Gama de acabados de cuero<\/strong>:Superficie de contacto<\/li>\n<\/ul>\n<p><img><\/p>","protected":false},"excerpt":{"rendered":"<p>Marca: Zhou Daheng Modelo: 808-1# Material: Madera Material de madera: Eucalipto Patr\u00f3n: Arte Estilo: Minimalismo italiano N\u00famero aplicable de personas: otros Elementos populares: Empalme Ordenar por color: Cuero de toro importado \/ individual<\/p>","protected":false},"featured_media":119641,"comment_status":"open","ping_status":"closed","template":"","meta":[],"product_brand":[],"product_cat":[30863,30971],"product_tag":[],"class_list":{"0":"post-60485","1":"product","2":"type-product","3":"status-publish","4":"has-post-thumbnail","6":"product_cat-wholesales-cinema-theater","7":"product_cat-hp","9":"first","10":"instock","11":"sale","12":"taxable","13":"shipping-taxable","14":"purchasable","15":"product-type-variable"},"_links":{"self":[{"href":"https:\/\/nexgendecors.com\/es\/wp-json\/wp\/v2\/product\/60485","targetHints":{"allow":["GET"]}}],"collection":[{"href":"https:\/\/nexgendecors.com\/es\/wp-json\/wp\/v2\/product"}],"about":[{"href":"https:\/\/nexgendecors.com\/es\/wp-json\/wp\/v2\/types\/product"}],"replies":[{"embeddable":true,"href":"https:\/\/nexgendecors.com\/es\/wp-json\/wp\/v2\/comments?post=60485"}],"version-history":[{"count":0,"href":"https:\/\/nexgendecors.com\/es\/wp-json\/wp\/v2\/product\/60485\/revisions"}],"wp:featuredmedia":[{"embeddable":true,"href":"https:\/\/nexgendecors.com\/es\/wp-json\/wp\/v2\/media\/119641"}],"wp:attachment":[{"href":"https:\/\/nexgendecors.com\/es\/wp-json\/wp\/v2\/media?parent=60485"}],"wp:term":[{"taxonomy":"product_brand","embeddable":true,"href":"https:\/\/nexgendecors.com\/es\/wp-json\/wp\/v2\/product_brand?post=60485"},{"taxonomy":"product_cat","embeddable":true,"href":"https:\/\/nexgendecors.com\/es\/wp-json\/wp\/v2\/product_cat?post=60485"},{"taxonomy":"product_tag","embeddable":true,"href":"https:\/\/nexgendecors.com\/es\/wp-json\/wp\/v2\/product_tag?post=60485"}],"curies":[{"name":"wp","href":"https:\/\/api.w.org\/{rel}","templated":true}]}}