{"id":60555,"date":"2025-01-26T02:55:28","date_gmt":"2025-01-26T02:55:28","guid":{"rendered":"https:\/\/nexgendecors.com\/product\/honey-joy-kids-book-rack-with-2-storage-bins-wooden-toddler-bookshelf-with-4-sling-shelves-book-display-stand-toy-storage-organizer-for-kids-bedroom-playroom-coffee1711879851262\/"},"modified":"2025-04-06T08:44:33","modified_gmt":"2025-04-06T08:44:33","slug":"estanteria-infantil-honey-joy-con-2-compartimentos-estanteria-de-madera-para-ninos-pequenos-con-4-estantes-colgantes-expositor-de-libros-organizador-de-juguetes-para-dormitorio-infantil-sala-de-ju","status":"publish","type":"product","link":"https:\/\/nexgendecors.com\/es\/product\/estanteria-infantil-honey-joy-con-2-compartimentos-estanteria-de-madera-para-ninos-pequenos-con-4-estantes-colgantes-expositor-de-libros-organizador-de-juguetes-para-dormitorio-infantil-sala-de-ju\/","title":{"rendered":"Estanter\u00eda de libros y organizador de juguetes de madera para ni\u00f1os HONEY JOY"},"content":{"rendered":"<p data-mce-fragment=\"1\">\ud83d\udcda <strong data-mce-fragment=\"1\">Fomenta el aprendizaje y la creatividad<\/strong>Nuestra estanter\u00eda infantil est\u00e1 dise\u00f1ada para inspirar la curiosidad y la creatividad de los ni\u00f1os. Su altura ideal permite que los ni\u00f1os vean y seleccionen f\u00e1cilmente sus libros favoritos, fomentando as\u00ed el amor por la lectura desde peque\u00f1os.<\/p>\n<p data-mce-fragment=\"1\">\ud83e\uddf8 <strong data-mce-fragment=\"1\">Soluci\u00f3n de almacenamiento vers\u00e1til<\/strong>Con cuatro niveles, esta estanter\u00eda ofrece amplio espacio para guardar juguetes, libros, juegos y m\u00e1s en la habitaci\u00f3n, el dormitorio o el cuarto de juegos de tu hijo. Es lo suficientemente resistente como para sostener libros pesados o exhibir juguetes para un almacenamiento pr\u00e1ctico.<\/p>\n<p data-mce-fragment=\"1\">\ud83c\udf31 <strong data-mce-fragment=\"1\">Robusto y respetuoso con el medio ambiente<\/strong>Fabricada con MDF resistente, esta estanter\u00eda est\u00e1 dise\u00f1ada para durar. Es ecol\u00f3gica, no t\u00f3xica y sin olores, lo que garantiza un entorno seguro para su hijo. Sus bordes lisos est\u00e1n dise\u00f1ados para evitar cualquier da\u00f1o a los ni\u00f1os.<\/p>\n<p data-mce-fragment=\"1\">\ud83d\udc67 <strong data-mce-fragment=\"1\">Promueve la organizaci\u00f3n<\/strong>Ens\u00e9\u00f1ales a tus hijos la importancia de la organizaci\u00f3n anim\u00e1ndolos a ordenar sus libros en la estanter\u00eda. Mantener su habitaci\u00f3n ordenada es muy f\u00e1cil con este mueble funcional.<\/p>\n<p data-mce-fragment=\"1\">\ud83c\udfe0 <strong data-mce-fragment=\"1\">Tama\u00f1o perfecto para ni\u00f1os<\/strong>Dise\u00f1ada pensando en los ni\u00f1os, esta estanter\u00eda tiene el tama\u00f1o ideal para los m\u00e1s peque\u00f1os y se adapta a la perfecci\u00f3n a cualquier habitaci\u00f3n u ocasi\u00f3n. Puede albergar libros, juguetes, plantas peque\u00f1as y m\u00e1s, lo que la convierte en un complemento vers\u00e1til para el espacio de tu hijo.<\/p>\n<p data-mce-fragment=\"1\">\ud83d\udcd6 <strong data-mce-fragment=\"1\">Aumenta el inter\u00e9s por la lectura<\/strong>Al tener sus libros bien organizados y f\u00e1cilmente accesibles, los ni\u00f1os desarrollan un gran inter\u00e9s por la lectura. Fomenta su amor por los libros con esta pr\u00e1ctica y atractiva estanter\u00eda.<\/p>\n<p data-mce-fragment=\"1\">\ud83e\uddf9 <strong data-mce-fragment=\"1\">F\u00e1cil de limpiar y mantener<\/strong>Limpiar es facil\u00edsimo con esta estanter\u00eda. Su superficie lisa facilita su limpieza, ayud\u00e1ndote a mantener la habitaci\u00f3n de tu hijo limpia y ordenada con el m\u00ednimo esfuerzo.<\/p>\n<p data-mce-fragment=\"1\">\ud83c\udfa8 <strong data-mce-fragment=\"1\">Presupuesto<\/strong>:<\/p>\n<ul data-mce-fragment=\"1\">\n<li data-mce-fragment=\"1\">\n<strong data-mce-fragment=\"1\">Material<\/strong>: MDF<\/li>\n<li data-mce-fragment=\"1\">\n<strong data-mce-fragment=\"1\">Peso neto<\/strong>: 19 libras<\/li>\n<li data-mce-fragment=\"1\">\n<strong data-mce-fragment=\"1\">Dimensi\u00f3n general<\/strong>: 28\u201d x 11\u201d x 34\u201d<\/li>\n<li data-mce-fragment=\"1\">\n<strong data-mce-fragment=\"1\">Altura del estante<\/strong>: 12&#039;&#039;<\/li>\n<li data-mce-fragment=\"1\">\n<strong data-mce-fragment=\"1\">El paquete incluye<\/strong>: 1 x Estanter\u00eda, 1 x Instrucciones<\/li>\n<\/ul>\n<div><\/div>","protected":false},"excerpt":{"rendered":"<p>\ud83d\udcda Fomenta el aprendizaje y la creatividad: Nuestra estanter\u00eda infantil est\u00e1 dise\u00f1ada para inspirar la curiosidad y la creatividad de los ni\u00f1os. Su altura perfecta permite...<\/p>","protected":false},"featured_media":119754,"comment_status":"open","ping_status":"closed","template":"","meta":[],"product_brand":[],"product_cat":[30971,30838,30849],"product_tag":[],"class_list":{"0":"post-60555","1":"product","2":"type-product","3":"status-publish","4":"has-post-thumbnail","6":"product_cat-hp","7":"product_cat-kids-storage-orgganizer","8":"product_cat-kindergarten-school-furniture","10":"first","11":"instock","12":"taxable","13":"shipping-taxable","14":"purchasable","15":"product-type-variable"},"_links":{"self":[{"href":"https:\/\/nexgendecors.com\/es\/wp-json\/wp\/v2\/product\/60555","targetHints":{"allow":["GET"]}}],"collection":[{"href":"https:\/\/nexgendecors.com\/es\/wp-json\/wp\/v2\/product"}],"about":[{"href":"https:\/\/nexgendecors.com\/es\/wp-json\/wp\/v2\/types\/product"}],"replies":[{"embeddable":true,"href":"https:\/\/nexgendecors.com\/es\/wp-json\/wp\/v2\/comments?post=60555"}],"version-history":[{"count":0,"href":"https:\/\/nexgendecors.com\/es\/wp-json\/wp\/v2\/product\/60555\/revisions"}],"wp:featuredmedia":[{"embeddable":true,"href":"https:\/\/nexgendecors.com\/es\/wp-json\/wp\/v2\/media\/119754"}],"wp:attachment":[{"href":"https:\/\/nexgendecors.com\/es\/wp-json\/wp\/v2\/media?parent=60555"}],"wp:term":[{"taxonomy":"product_brand","embeddable":true,"href":"https:\/\/nexgendecors.com\/es\/wp-json\/wp\/v2\/product_brand?post=60555"},{"taxonomy":"product_cat","embeddable":true,"href":"https:\/\/nexgendecors.com\/es\/wp-json\/wp\/v2\/product_cat?post=60555"},{"taxonomy":"product_tag","embeddable":true,"href":"https:\/\/nexgendecors.com\/es\/wp-json\/wp\/v2\/product_tag?post=60555"}],"curies":[{"name":"wp","href":"https:\/\/api.w.org\/{rel}","templated":true}]}}