{"id":60569,"date":"2025-01-26T02:55:29","date_gmt":"2025-01-26T02:55:29","guid":{"rendered":"https:\/\/nexgendecors.com\/product\/honey-joy-kids-toy-storage-organizer-with-bins-children-daycare-shelf-w-blackboard-top-3-wooden-toy-box-w-wheels-toddler-classroom-display-cabinet-for-playroom-nursery-kindergarten1711879851192\/"},"modified":"2025-04-06T08:44:49","modified_gmt":"2025-04-06T08:44:49","slug":"honey-joy-kids-toy-storage-organizer-with-bins-children-daycare-shelf-w-blackboard-top-3-wooden-toy-box-w-wheels-toddler-classroom-display-cabinet-for-playroom-nursery-kindergarten1711879851192","status":"publish","type":"product","link":"https:\/\/nexgendecors.com\/es\/product\/honey-joy-kids-toy-storage-organizer-with-bins-children-daycare-shelf-w-blackboard-top-3-wooden-toy-box-w-wheels-toddler-classroom-display-cabinet-for-playroom-nursery-kindergarten1711879851192\/","title":{"rendered":"Organizador de juguetes para ni\u00f1os HONEY JOY con tapa de pizarra"},"content":{"rendered":"<p data-mce-fragment=\"1\">\ud83d\udcda <strong data-mce-fragment=\"1\">Spacious &#038; Classified Storage<\/strong>: Our kids&#8217; bookcase features a spacious tabletop, a large open compartment, and three removable toy bins, offering ample storage space for toys, books, clothes, snacks, and more. It&#8217;s the perfect storage organizer to help kids keep their belongings tidy and organized.<\/p>\n<p data-mce-fragment=\"1\">\ud83d\udd8d\ufe0f <strong data-mce-fragment=\"1\">Interactive Blackboard Tabletop<\/strong>: The blackboard tabletop is a favorite feature among kids, allowing them to draw, write, and count with chalk. It adds an interactive element to playtime and learning activities.<\/p>\n<p data-mce-fragment=\"1\">\ud83d\udd12 <strong data-mce-fragment=\"1\">Enhanced Safety &#038; Security<\/strong>: Our toy storage cabinet comes with an anti-tip kit for extra security, ensuring it remains firm in place, especially in kids&#8217; rooms or kindergartens. The round corner design and child-friendly cut-out handles further enhance safety and ease of use.<\/p>\n<p data-mce-fragment=\"1\">\ud83d\udd04 <strong data-mce-fragment=\"1\">Movable Toy Bins<\/strong>: Three removable toy bins provide flexible storage options, allowing kids to arrange their belongings as they please. Smooth rolling casters make it easy to move the toy bins around for added convenience.<\/p>\n<p data-mce-fragment=\"1\">\ud83d\udee0\ufe0f <strong data-mce-fragment=\"1\">Easy Assembly &#038; Durable Construction<\/strong>: With detailed instructions included, assembly is straightforward and hassle-free. Constructed from sturdy MDF material, this storage organizer is built to last.<\/p>\n<p data-mce-fragment=\"1\">\ud83c\udfa8 <strong data-mce-fragment=\"1\">Dise\u00f1o vers\u00e1til<\/strong>: The white and black color scheme complements any room decor, making it suitable for kids&#8217; bedrooms, playrooms, or kindergartens. The open compartment and toy bins allow for easy access to stored items.<\/p>\n<p data-mce-fragment=\"1\">\ud83d\udccf <strong data-mce-fragment=\"1\">Presupuesto<\/strong>:<\/p>\n<ul data-mce-fragment=\"1\">\n<li data-mce-fragment=\"1\">Color: White + Black<\/li>\n<li data-mce-fragment=\"1\">Material: MDF<\/li>\n<li data-mce-fragment=\"1\">Overall Dimensions: 40\u201d x 13\u201d x 24.5\u201d<\/li>\n<li data-mce-fragment=\"1\">Open Compartment Dimensions: 35.5\u201d x 11.5\u201d x 8\u201d<\/li>\n<li data-mce-fragment=\"1\">Toy Bin Dimensions: 11.5\u201d x 11.5\u201d x 11.5\u201d<\/li>\n<li data-mce-fragment=\"1\">Max. Weight Capacity of Tabletop: 110 lbs<\/li>\n<li data-mce-fragment=\"1\">Max. Weight Capacity of Compartment: 22 lbs<\/li>\n<li data-mce-fragment=\"1\">Max. Weight Capacity of Toy Bin: 11 lbs<\/li>\n<li data-mce-fragment=\"1\">Net Weight: 52.5 lbs<\/li>\n<\/ul>\n<p data-mce-fragment=\"1\">\ud83d\udce6 <strong data-mce-fragment=\"1\">El paquete incluye<\/strong>:<\/p>\n<ul data-mce-fragment=\"1\">\n<li data-mce-fragment=\"1\">1 x Kids Toy Storage Organizer<\/li>\n<li data-mce-fragment=\"1\">1 x Instruction<\/li>\n<\/ul>\n<div><\/div>","protected":false},"excerpt":{"rendered":"<p>\ud83d\udcda Almacenamiento espacioso y clasificado: nuestra estanter\u00eda para ni\u00f1os cuenta con una mesa espaciosa, un compartimento abierto grande y tres juguetes extra\u00edbles.<\/p>","protected":false},"featured_media":119792,"comment_status":"open","ping_status":"closed","template":"","meta":[],"product_brand":[],"product_cat":[30971,30838,30849],"product_tag":[],"class_list":{"0":"post-60569","1":"product","2":"type-product","3":"status-publish","4":"has-post-thumbnail","6":"product_cat-hp","7":"product_cat-kids-storage-orgganizer","8":"product_cat-kindergarten-school-furniture","10":"first","11":"instock","12":"taxable","13":"shipping-taxable","14":"purchasable","15":"product-type-variable"},"_links":{"self":[{"href":"https:\/\/nexgendecors.com\/es\/wp-json\/wp\/v2\/product\/60569","targetHints":{"allow":["GET"]}}],"collection":[{"href":"https:\/\/nexgendecors.com\/es\/wp-json\/wp\/v2\/product"}],"about":[{"href":"https:\/\/nexgendecors.com\/es\/wp-json\/wp\/v2\/types\/product"}],"replies":[{"embeddable":true,"href":"https:\/\/nexgendecors.com\/es\/wp-json\/wp\/v2\/comments?post=60569"}],"version-history":[{"count":0,"href":"https:\/\/nexgendecors.com\/es\/wp-json\/wp\/v2\/product\/60569\/revisions"}],"wp:featuredmedia":[{"embeddable":true,"href":"https:\/\/nexgendecors.com\/es\/wp-json\/wp\/v2\/media\/119792"}],"wp:attachment":[{"href":"https:\/\/nexgendecors.com\/es\/wp-json\/wp\/v2\/media?parent=60569"}],"wp:term":[{"taxonomy":"product_brand","embeddable":true,"href":"https:\/\/nexgendecors.com\/es\/wp-json\/wp\/v2\/product_brand?post=60569"},{"taxonomy":"product_cat","embeddable":true,"href":"https:\/\/nexgendecors.com\/es\/wp-json\/wp\/v2\/product_cat?post=60569"},{"taxonomy":"product_tag","embeddable":true,"href":"https:\/\/nexgendecors.com\/es\/wp-json\/wp\/v2\/product_tag?post=60569"}],"curies":[{"name":"wp","href":"https:\/\/api.w.org\/{rel}","templated":true}]}}