{"id":60573,"date":"2025-01-26T02:55:32","date_gmt":"2025-01-26T02:55:32","guid":{"rendered":"https:\/\/nexgendecors.com\/product\/honey-joy-kids-toy-storage-organizer-5-section-storage-daycare-shelf-for-preschool-children-2-tier-open-wooden-display-book-shelf-organizer-for-classroom-playroom-nursery-kindergartenwood1711879851"},"modified":"2025-04-06T08:44:59","modified_gmt":"2025-04-06T08:44:59","slug":"organizador-de-juguetes-honey-joy-para-ninos-con-5-compartimentos-ideal-para-guarderias-preescolares-con-estanteria-de-madera-abierta-de-2-niveles-ideal-para-aulas-salas-de-juegos-guarderias-y","status":"publish","type":"product","link":"https:\/\/nexgendecors.com\/es\/product\/organizador-de-juguetes-honey-joy-para-ninos-con-5-compartimentos-ideal-para-guarderias-preescolares-con-estanteria-de-madera-abierta-de-2-niveles-ideal-para-aulas-salas-de-juegos-guarderias-y\/","title":{"rendered":"Organizador de juguetes para ni\u00f1os de 5 secciones HONEY JOY"},"content":{"rendered":"<p data-mce-fragment=\"1\">\ud83d\udcda <strong data-mce-fragment=\"1\">Amplio espacio de almacenamiento<\/strong>Mant\u00e9n la habitaci\u00f3n de tus hijos bien organizada con nuestro armario de dos niveles con 5 compartimentos. Perfecto para guardar libros de dibujos animados, juguetes, snacks, ropa y \u00fatiles escolares. Su amplia parte superior con bordes elevados es ideal para exhibir fotos, plantas en macetas y m\u00e1s.<\/p>\n<p data-mce-fragment=\"1\">\ud83c\udfe1 <strong data-mce-fragment=\"1\">Dise\u00f1o vers\u00e1til<\/strong>Con sus l\u00edneas sencillas y su pr\u00e1ctico dise\u00f1o, este organizador de juguetes se integra a la perfecci\u00f3n en cualquier espacio, ya sea una guarder\u00eda, una sala de juegos, una sala de estar, un dormitorio o un jard\u00edn de infancia. \u00dasalo como mueble de almacenaje, librero o expositor para a\u00f1adir espacio de almacenamiento donde lo necesites.<\/p>\n<p data-mce-fragment=\"1\">\ud83c\udf1f <strong data-mce-fragment=\"1\">Material seleccionado y gran capacidad de carga<\/strong>Fabricado con madera de ingenier\u00eda de alta calidad con chapa resistente a rayones e impermeable, este organizador de juguetes est\u00e1 dise\u00f1ado para durar. Sus tableros gruesos y su s\u00f3lida construcci\u00f3n garantizan que cada cubo soporte hasta 60 kg en la parte superior y 20 kg en el interior.<\/p>\n<p data-mce-fragment=\"1\">\ud83d\udee1\ufe0f <strong data-mce-fragment=\"1\">Seguridad y conveniencia<\/strong>Equipado con hebillas traseras reforzadas y almohadillas antideslizantes, nuestro organizador de estanter\u00eda ofrece excelente estabilidad y robustez. Su dise\u00f1o abierto y su altura ideal para ni\u00f1os facilitan el acceso a los art\u00edculos, fomentando as\u00ed la organizaci\u00f3n y el h\u00e1bito de la lectura.<\/p>\n<p data-mce-fragment=\"1\">\ud83d\udd27 <strong data-mce-fragment=\"1\">Instalaci\u00f3n y mantenimiento sin complicaciones<\/strong>El montaje es muy sencillo gracias a las instrucciones detalladas y los accesorios completos incluidos. Adem\u00e1s, su superficie lisa es f\u00e1cil de limpiar y mantener: simplemente l\u00edmpiela con un pa\u00f1o h\u00famedo para un mantenimiento sin complicaciones.<\/p>\n<p data-mce-fragment=\"1\">\u00a1Transforma tu espacio en un refugio organizado y funcional con nuestro organizador de almacenamiento de juguetes vers\u00e1til y duradero! \ud83c\udf08\ud83d\udce6<\/p>\n<div><\/div>","protected":false},"excerpt":{"rendered":"<p>Amplio espacio de almacenamiento: Mant\u00e9n la habitaci\u00f3n de tus hijos bien organizada con nuestro armario de dos niveles con 5 compartimentos. Perfecto para guardar dibujos animados.<\/p>","protected":false},"featured_media":119805,"comment_status":"open","ping_status":"closed","template":"","meta":[],"product_brand":[],"product_cat":[30971,30838,30849],"product_tag":[],"class_list":{"0":"post-60573","1":"product","2":"type-product","3":"status-publish","4":"has-post-thumbnail","6":"product_cat-hp","7":"product_cat-kids-storage-orgganizer","8":"product_cat-kindergarten-school-furniture","10":"first","11":"instock","12":"taxable","13":"shipping-taxable","14":"purchasable","15":"product-type-variable"},"_links":{"self":[{"href":"https:\/\/nexgendecors.com\/es\/wp-json\/wp\/v2\/product\/60573","targetHints":{"allow":["GET"]}}],"collection":[{"href":"https:\/\/nexgendecors.com\/es\/wp-json\/wp\/v2\/product"}],"about":[{"href":"https:\/\/nexgendecors.com\/es\/wp-json\/wp\/v2\/types\/product"}],"replies":[{"embeddable":true,"href":"https:\/\/nexgendecors.com\/es\/wp-json\/wp\/v2\/comments?post=60573"}],"version-history":[{"count":0,"href":"https:\/\/nexgendecors.com\/es\/wp-json\/wp\/v2\/product\/60573\/revisions"}],"wp:featuredmedia":[{"embeddable":true,"href":"https:\/\/nexgendecors.com\/es\/wp-json\/wp\/v2\/media\/119805"}],"wp:attachment":[{"href":"https:\/\/nexgendecors.com\/es\/wp-json\/wp\/v2\/media?parent=60573"}],"wp:term":[{"taxonomy":"product_brand","embeddable":true,"href":"https:\/\/nexgendecors.com\/es\/wp-json\/wp\/v2\/product_brand?post=60573"},{"taxonomy":"product_cat","embeddable":true,"href":"https:\/\/nexgendecors.com\/es\/wp-json\/wp\/v2\/product_cat?post=60573"},{"taxonomy":"product_tag","embeddable":true,"href":"https:\/\/nexgendecors.com\/es\/wp-json\/wp\/v2\/product_tag?post=60573"}],"curies":[{"name":"wp","href":"https:\/\/api.w.org\/{rel}","templated":true}]}}