{"id":60589,"date":"2025-01-26T02:55:36","date_gmt":"2025-01-26T02:55:36","guid":{"rendered":"https:\/\/nexgendecors.com\/product\/honey-joy-reading-nook-organizer-with-seat-cushion-kids-bookcase-with-reading-nook-6-cubby-wooden-corner-storage-shelf-book-nook-for-playroom-bedroom-decor-white1711879851253\/"},"modified":"2025-04-06T08:45:24","modified_gmt":"2025-04-06T08:45:24","slug":"organizador-de-rincon-de-lectura-honey-joy-con-cojin-de-asiento-estanteria-infantil-con-rincon-de-lectura-estante-de-almacenamiento-de-esquina-de-madera-de-6-compartimentos-rincon-de-libros-para-sa","status":"publish","type":"product","link":"https:\/\/nexgendecors.com\/es\/product\/organizador-de-rincon-de-lectura-honey-joy-con-cojin-de-asiento-estanteria-infantil-con-rincon-de-lectura-estante-de-almacenamiento-de-esquina-de-madera-de-6-compartimentos-rincon-de-libros-para-sa\/","title":{"rendered":"Organizador de rinc\u00f3n de lectura para ni\u00f1os HONEY JOY con coj\u00edn"},"content":{"rendered":"<p data-mce-fragment=\"1\">\ud83d\udee0\ufe0f <strong data-mce-fragment=\"1\">Construcci\u00f3n robusta con material de primera calidad<\/strong>Fabricado con tableros de part\u00edculas de alta calidad y reforzado con tornillos met\u00e1licos, este organizador de rinc\u00f3n de lectura garantiza una estabilidad y durabilidad excepcionales. Con una capacidad de peso de hasta 50 kg, ofrece una resistencia confiable para un uso prolongado.<\/p>\n<p data-mce-fragment=\"1\">\ud83d\udcda <strong data-mce-fragment=\"1\">Librer\u00eda infantil de 6 compartimentos con coj\u00edn de asiento<\/strong>Mant\u00e9n las pertenencias de tu peque\u00f1o perfectamente organizadas con los seis compartimentos de almacenamiento frontales abiertos, perfectos para guardar libros, juguetes y m\u00e1s. El coj\u00edn del asiento incluido, hecho de esponja de alta resiliencia y tela de lino, ofrece un acogedor rinc\u00f3n de lectura para ni\u00f1os y adultos.<\/p>\n<p data-mce-fragment=\"1\">\ud83e\ude91 <strong data-mce-fragment=\"1\">Rinc\u00f3n de lectura con coj\u00edn desmontable<\/strong>Disfrute de una c\u00f3moda experiencia de asiento con el suave coj\u00edn, que se desmonta f\u00e1cilmente para una limpieza sin complicaciones. Ya sea para leer un cuento o relajarse, este rinc\u00f3n de lectura ofrece mayor comodidad y practicidad.<\/p>\n<p data-mce-fragment=\"1\">\ud83c\udf1f <strong data-mce-fragment=\"1\">Aspecto elegante y amplia aplicaci\u00f3n<\/strong>Realza cualquier espacio con el elegante dise\u00f1o de este organizador de madera para rinc\u00f3n de lectura. Su dise\u00f1o vers\u00e1til se integra a la perfecci\u00f3n en diversas estancias, como salas de estar, dormitorios, estudios y oficinas, mejorando tanto la funcionalidad como la est\u00e9tica.<\/p>\n<p data-mce-fragment=\"1\">\ud83d\udd27 <strong data-mce-fragment=\"1\">F\u00e1cil de montar y mantener<\/strong>El montaje es muy sencillo gracias a las instrucciones detalladas y los accesorios incluidos. Adem\u00e1s, su superficie lisa facilita la limpieza y el mantenimiento: simplemente l\u00edmpielo con un pa\u00f1o h\u00famedo para un acabado impecable.<\/p>\n<div><\/div>","protected":false},"excerpt":{"rendered":"<p>Construcci\u00f3n robusta con material de primera calidad: fabricado con tableros de part\u00edculas de alta calidad y reforzado con tornillos met\u00e1licos conectados, este rinc\u00f3n de lectura<\/p>","protected":false},"featured_media":119877,"comment_status":"open","ping_status":"closed","template":"","meta":[],"product_brand":[],"product_cat":[30899,30971,30838,30849],"product_tag":[],"class_list":{"0":"post-60589","1":"product","2":"type-product","3":"status-publish","4":"has-post-thumbnail","6":"product_cat-bs-kindergarten","7":"product_cat-hp","8":"product_cat-kids-storage-orgganizer","9":"product_cat-kindergarten-school-furniture","11":"first","12":"instock","13":"taxable","14":"shipping-taxable","15":"purchasable","16":"product-type-variable"},"_links":{"self":[{"href":"https:\/\/nexgendecors.com\/es\/wp-json\/wp\/v2\/product\/60589","targetHints":{"allow":["GET"]}}],"collection":[{"href":"https:\/\/nexgendecors.com\/es\/wp-json\/wp\/v2\/product"}],"about":[{"href":"https:\/\/nexgendecors.com\/es\/wp-json\/wp\/v2\/types\/product"}],"replies":[{"embeddable":true,"href":"https:\/\/nexgendecors.com\/es\/wp-json\/wp\/v2\/comments?post=60589"}],"version-history":[{"count":0,"href":"https:\/\/nexgendecors.com\/es\/wp-json\/wp\/v2\/product\/60589\/revisions"}],"wp:featuredmedia":[{"embeddable":true,"href":"https:\/\/nexgendecors.com\/es\/wp-json\/wp\/v2\/media\/119877"}],"wp:attachment":[{"href":"https:\/\/nexgendecors.com\/es\/wp-json\/wp\/v2\/media?parent=60589"}],"wp:term":[{"taxonomy":"product_brand","embeddable":true,"href":"https:\/\/nexgendecors.com\/es\/wp-json\/wp\/v2\/product_brand?post=60589"},{"taxonomy":"product_cat","embeddable":true,"href":"https:\/\/nexgendecors.com\/es\/wp-json\/wp\/v2\/product_cat?post=60589"},{"taxonomy":"product_tag","embeddable":true,"href":"https:\/\/nexgendecors.com\/es\/wp-json\/wp\/v2\/product_tag?post=60589"}],"curies":[{"name":"wp","href":"https:\/\/api.w.org\/{rel}","templated":true}]}}