{"id":60592,"date":"2025-01-26T02:55:37","date_gmt":"2025-01-26T02:55:37","guid":{"rendered":"https:\/\/nexgendecors.com\/product\/hong-kong-style-light-luxury-genuine-leather-armani-sofa-combination-living-room-postmodern-villa-italian-minimalist-high-end-luxury-furniture\/"},"modified":"2025-04-06T08:45:35","modified_gmt":"2025-04-06T08:45:35","slug":"hong-kong-style-light-luxury-genuine-leather-armani-sofa-combination-living-room-postmodern-villa-italian-minimalist-high-end-luxury-furniture","status":"publish","type":"product","link":"https:\/\/nexgendecors.com\/es\/product\/hong-kong-style-light-luxury-genuine-leather-armani-sofa-combination-living-room-postmodern-villa-italian-minimalist-high-end-luxury-furniture\/","title":{"rendered":"Conjunto de sof\u00e1s de piel aut\u00e9ntica Armani: dise\u00f1o de lujo posmoderno"},"content":{"rendered":"<ul>\n<li>\n<strong>marca<\/strong>:#0 F\u00e1brica<\/li>\n<li>\n<strong>modelo<\/strong>:GC-66<\/li>\n<li>\n<strong>estilo<\/strong>:minimalismo italiano<\/li>\n<li>\n<strong>\u00bfEs personalizable?<\/strong>:S\u00ed<\/li>\n<li>\n<strong>Relleno<\/strong>:esponja<\/li>\n<li>\n<strong>Combinaci\u00f3n de sof\u00e1s<\/strong>:otro<\/li>\n<li>\n<strong>Material<\/strong>:Madera<\/li>\n<li>\n<strong>Tela<\/strong>:Piel genuina<\/li>\n<li>\n<strong>Posicionamiento de estilo<\/strong>:Lujo de calidad<\/li>\n<li>\n<strong>ordenar por color<\/strong>:Single seat, double seat, triple seat, quad seat, coffee table, TV cabinet, side table, triple seat + double seat + triple seat, single seat + double seat + quad seat, single seat + double seat + triple seat + coffee table + TV cabinet deposit<\/li>\n<\/ul>\n<p><img><\/p>","protected":false},"excerpt":{"rendered":"<p>Marca: #0 Modelo de f\u00e1brica: GC-66 Estilo: minimalismo italiano \u00bfEs personalizable?: s\u00ed Relleno: esponja Combinaci\u00f3n de sof\u00e1s: otros Material: madera Tela: cuero genuino Posicionamiento de estilo: lujo de calidad Ordenar por color: individual<\/p>","protected":false},"featured_media":119889,"comment_status":"open","ping_status":"closed","template":"","meta":[],"product_brand":[],"product_cat":[30862,30971,30850],"product_tag":[],"class_list":{"0":"post-60592","1":"product","2":"type-product","3":"status-publish","4":"has-post-thumbnail","6":"product_cat-wholesales-hotels","7":"product_cat-hp","8":"product_cat-wholesale-furniture","10":"first","11":"instock","12":"taxable","13":"shipping-taxable","14":"purchasable","15":"product-type-variable"},"_links":{"self":[{"href":"https:\/\/nexgendecors.com\/es\/wp-json\/wp\/v2\/product\/60592","targetHints":{"allow":["GET"]}}],"collection":[{"href":"https:\/\/nexgendecors.com\/es\/wp-json\/wp\/v2\/product"}],"about":[{"href":"https:\/\/nexgendecors.com\/es\/wp-json\/wp\/v2\/types\/product"}],"replies":[{"embeddable":true,"href":"https:\/\/nexgendecors.com\/es\/wp-json\/wp\/v2\/comments?post=60592"}],"version-history":[{"count":0,"href":"https:\/\/nexgendecors.com\/es\/wp-json\/wp\/v2\/product\/60592\/revisions"}],"wp:featuredmedia":[{"embeddable":true,"href":"https:\/\/nexgendecors.com\/es\/wp-json\/wp\/v2\/media\/119889"}],"wp:attachment":[{"href":"https:\/\/nexgendecors.com\/es\/wp-json\/wp\/v2\/media?parent=60592"}],"wp:term":[{"taxonomy":"product_brand","embeddable":true,"href":"https:\/\/nexgendecors.com\/es\/wp-json\/wp\/v2\/product_brand?post=60592"},{"taxonomy":"product_cat","embeddable":true,"href":"https:\/\/nexgendecors.com\/es\/wp-json\/wp\/v2\/product_cat?post=60592"},{"taxonomy":"product_tag","embeddable":true,"href":"https:\/\/nexgendecors.com\/es\/wp-json\/wp\/v2\/product_tag?post=60592"}],"curies":[{"name":"wp","href":"https:\/\/api.w.org\/{rel}","templated":true}]}}