{"id":60605,"date":"2025-01-26T02:55:40","date_gmt":"2025-01-26T02:55:40","guid":{"rendered":"https:\/\/nexgendecors.com\/product\/staircase-long-chandelier-modern-minimalist-villa-duplex-light-luxury-loft-personality-creative-round-design-long-chandelier\/"},"modified":"2025-04-06T08:45:42","modified_gmt":"2025-04-06T08:45:42","slug":"lampara-de-arana-larga-con-escalera-moderna-minimalista-estilo-villa-duplex-de-lujo-estilo-loft-con-personalidad-diseno-redondo-creativo-lampara-de-arana-larga","status":"publish","type":"product","link":"https:\/\/nexgendecors.com\/es\/product\/lampara-de-arana-larga-con-escalera-moderna-minimalista-estilo-villa-duplex-de-lujo-estilo-loft-con-personalidad-diseno-redondo-creativo-lampara-de-arana-larga\/","title":{"rendered":"L\u00e1mpara de ara\u00f1a con ganchos para escalera: iluminaci\u00f3n elegante y con estilo"},"content":{"rendered":"<p><strong>L\u00e1mpara de ara\u00f1a con ganchos para escalera: una elegante l\u00e1mpara<\/strong><\/p>\n<p>Ilumine su escalera con la l\u00e1mpara de ara\u00f1a Hooked Staircase, una impactante luminaria que combina elegancia y funcionalidad. Perfecta para a\u00f1adir un toque de sofisticaci\u00f3n a su hogar, esta l\u00e1mpara realza cualquier escalera con su dise\u00f1o refinado y su luz ambiental.<\/p>\n<h3><strong>Caracter\u00edsticas principales:<\/strong><\/h3>\n<ul>\n<li>\n<strong>Dise\u00f1o elegante:<\/strong> Con un aspecto cl\u00e1sico pero contempor\u00e1neo, esta l\u00e1mpara de ara\u00f1a realza su escalera con su elegante estructura en forma de gancho.<\/li>\n<li>\n<strong>Iluminaci\u00f3n ambiental:<\/strong> Proporciona una luz c\u00e1lida y acogedora que ilumina el \u00e1rea de la escalera, creando una atm\u00f3sfera acogedora.<\/li>\n<li>\n<strong>Estilo vers\u00e1til:<\/strong> Su elegante dise\u00f1o complementa varios estilos de interiores, desde el tradicional al moderno, lo que lo convierte en una opci\u00f3n vers\u00e1til para su hogar.<\/li>\n<li>\n<strong>Construcci\u00f3n duradera:<\/strong> Fabricado con materiales de alta calidad, lo que garantiza una durabilidad y un rendimiento duraderos.<\/li>\n<li>\n<strong>F\u00e1cil instalaci\u00f3n:<\/strong> Dise\u00f1ado para una instalaci\u00f3n sencilla, lo que lo convierte en un complemento sin complicaciones para su escalera.<\/li>\n<\/ul>\n<h3><strong>Ideal para:<\/strong><\/h3>\n<ul>\n<li>\n<strong>Escaleras:<\/strong> A\u00f1ade un toque de elegancia y sofisticaci\u00f3n a cualquier escalera.<\/li>\n<li>\n<strong>Entradas:<\/strong> Crea una gran entrada con su dise\u00f1o llamativo.<\/li>\n<li>\n<strong>Salas de estar:<\/strong> Mejora la iluminaci\u00f3n y la decoraci\u00f3n de tu espacio vital.<\/li>\n<\/ul>\n<p>Transforme su hogar con la l\u00e1mpara de ara\u00f1a Hooked Staircase, donde la elegancia se combina con una iluminaci\u00f3n pr\u00e1ctica.<\/p>\n<p>\u00a0<\/p>\n<ul>\n<li>\n<strong>modelo<\/strong>:MG023-5X<\/li>\n<li>\n<strong>fuerza<\/strong>:5W y menos<\/li>\n<li>\n<strong>estilo<\/strong>:Simple y moderno<\/li>\n<li>\n<strong>Valor K de la temperatura de color de la fuente de luz<\/strong>:4000K<\/li>\n<li>\n<strong>Espacio aplicable<\/strong>:LOFT\/D\u00faplex Casa D\u00faplex\/Escaleras<\/li>\n<li>\n<strong>\u00bfLa l\u00e1mpara tiene una fuente de luz?<\/strong>:S\u00ed<\/li>\n<li>\n<strong>Servicio en la ciudad<\/strong>:Los compradores de la misma ciudad recogen la mercanc\u00eda en casa.<\/li>\n<li>\n<strong>Voltaje<\/strong>:100 V-240 V<\/li>\n<li>\n<strong>Material principal del cuerpo de la l\u00e1mpara.<\/strong>:hierro<\/li>\n<li>\n<strong>Material principal de la pantalla de la l\u00e1mpara<\/strong>:Pantalla de PMMA de alta transmitancia de luz<\/li>\n<li>\n<strong>tipo de fuente de luz<\/strong>:Luces LED<\/li>\n<li>\n<strong>N\u00famero de fuentes de luz<\/strong>:10 (inclusive) \u2013 15 (exclusivo)<\/li>\n<li>\n<strong>Tecnolog\u00eda<\/strong>:Escarchado de pintura en aerosol<\/li>\n<li>\n<strong>\u00c1rea de irradiaci\u00f3n<\/strong>:10\u33a1-15\u33a1<\/li>\n<li>\n<strong>Tipo de control<\/strong>:otro<\/li>\n<li>\n<strong>Temperatura de color<\/strong>:Otro<\/li>\n<li>\n<strong>Material auxiliar para pantallas de l\u00e1mparas<\/strong>:Pantalla de PMMA de alta transmitancia de luz<\/li>\n<li>\n<strong>Per\u00edodo de garant\u00eda<\/strong>:3 a\u00f1os<\/li>\n<li>\n<strong>Material auxiliar del cuerpo de la l\u00e1mpara<\/strong>:hierro<\/li>\n<li>\n<strong>Tipo inteligente<\/strong>:No hay soporte para smart<\/li>\n<li>\n<strong>Ya sea control inteligente<\/strong>:No<\/li>\n<li>\n<strong>Forma de la l\u00e1mpara<\/strong>:L\u00e1mpara de ara\u00f1a de l\u00ednea de pescado<\/li>\n<li>\n<strong>N\u00famero de accesorios<\/strong>:1<\/li>\n<li>\n<strong>N\u00famero de cabezales de l\u00e1mpara<\/strong>:1<\/li>\n<li>\n<strong>Tipo de l\u00e1mpara de ara\u00f1a<\/strong>:L\u00e1mpara de ara\u00f1a de hierro forjado<\/li>\n<li>\n<strong>N\u00famero de certificado 3C<\/strong>:2015171001000063<\/li>\n<\/ul>","protected":false},"excerpt":{"rendered":"<p>Hooked Staircase Chandelier: Elegant Lighting Fixture Illuminate your staircase with the Hooked Staircase Chandelier, a striking lighting fixture that combines<\/p>","protected":false},"featured_media":119904,"comment_status":"open","ping_status":"closed","template":"","meta":[],"product_brand":[],"product_cat":[30971,30864],"product_tag":[],"class_list":{"0":"post-60605","1":"product","2":"type-product","3":"status-publish","4":"has-post-thumbnail","6":"product_cat-hp","7":"product_cat-new-wholesales-lights","9":"first","10":"instock","11":"taxable","12":"shipping-taxable","13":"purchasable","14":"product-type-variable"},"_links":{"self":[{"href":"https:\/\/nexgendecors.com\/es\/wp-json\/wp\/v2\/product\/60605","targetHints":{"allow":["GET"]}}],"collection":[{"href":"https:\/\/nexgendecors.com\/es\/wp-json\/wp\/v2\/product"}],"about":[{"href":"https:\/\/nexgendecors.com\/es\/wp-json\/wp\/v2\/types\/product"}],"replies":[{"embeddable":true,"href":"https:\/\/nexgendecors.com\/es\/wp-json\/wp\/v2\/comments?post=60605"}],"version-history":[{"count":0,"href":"https:\/\/nexgendecors.com\/es\/wp-json\/wp\/v2\/product\/60605\/revisions"}],"wp:featuredmedia":[{"embeddable":true,"href":"https:\/\/nexgendecors.com\/es\/wp-json\/wp\/v2\/media\/119904"}],"wp:attachment":[{"href":"https:\/\/nexgendecors.com\/es\/wp-json\/wp\/v2\/media?parent=60605"}],"wp:term":[{"taxonomy":"product_brand","embeddable":true,"href":"https:\/\/nexgendecors.com\/es\/wp-json\/wp\/v2\/product_brand?post=60605"},{"taxonomy":"product_cat","embeddable":true,"href":"https:\/\/nexgendecors.com\/es\/wp-json\/wp\/v2\/product_cat?post=60605"},{"taxonomy":"product_tag","embeddable":true,"href":"https:\/\/nexgendecors.com\/es\/wp-json\/wp\/v2\/product_tag?post=60605"}],"curies":[{"name":"wp","href":"https:\/\/api.w.org\/{rel}","templated":true}]}}