{"id":60920,"date":"2025-01-26T02:56:06","date_gmt":"2025-01-26T02:56:06","guid":{"rendered":"https:\/\/nexgendecors.com\/product\/hotel-lobby-vip-club-lounge-reception-sales-department-sofa-sales-office-negotiation-sofa-2\/"},"modified":"2025-04-06T08:46:23","modified_gmt":"2025-04-06T08:46:23","slug":"vestibulo-del-hotel-sala-vip-recepcion-departamento-de-ventas-sofa-oficina-de-ventas-negociacion-sofa-2","status":"publish","type":"product","link":"https:\/\/nexgendecors.com\/es\/product\/vestibulo-del-hotel-sala-vip-recepcion-departamento-de-ventas-sofa-oficina-de-ventas-negociacion-sofa-2\/","title":{"rendered":"Sof\u00e1 de lujo para vest\u00edbulos de hoteles y salas VIP"},"content":{"rendered":"<ul>\n<li>\n<strong>marca<\/strong>:#0 F\u00e1brica<\/li>\n<li>\n<strong>modelo<\/strong>:122222231<\/li>\n<li>\n<strong>Material<\/strong>:Arte en cuero<\/li>\n<li>\n<strong>estilo<\/strong>:Europa del Norte<\/li>\n<li>\n<strong>ordenar por color<\/strong>:210 sof\u00e1 + 1 + 1 + mesa de t\u00e9 color caf\u00e9, 210 sof\u00e1 + 1 + 1 + mesa de t\u00e9 negro, 250 sof\u00e1 + 1 + 1 + mesa de t\u00e9 color caf\u00e9, 250 sof\u00e1 + 1 + 1 + mesa de t\u00e9 negro, 300 sof\u00e1 + 1 + 1 + mesa de t\u00e9 color caf\u00e9, 300 sof\u00e1 + 1 + 1 + mesa de t\u00e9 negro, 210 sof\u00e1 color caf\u00e9, 210 sof\u00e1 negro, 250 sof\u00e1 color caf\u00e9, 250 sof\u00e1 negro, 300 sof\u00e1 color caf\u00e9, 300 sof\u00e1 negro, sof\u00e1 individual color caf\u00e9, sof\u00e1 individual negro, combinaci\u00f3n de mesa de t\u00e9<\/li>\n<li>\n<strong>Relleno<\/strong>:Esponja de alta resiliencia<\/li>\n<li>\n<strong>\u00bfEs personalizable?<\/strong>:S\u00ed<\/li>\n<li>\n<strong>Combinaci\u00f3n de sof\u00e1s<\/strong>:arco<\/li>\n<li>\n<strong>Caracter\u00edsticas adicionales<\/strong>:Multifunci\u00f3n<\/li>\n<li>\n<strong>Adecuado<\/strong>:General<\/li>\n<li>\n<strong>Proceso de acabado del cuero<\/strong>:Cuero<\/li>\n<li>\n<strong>Material de cuero<\/strong>:PU<\/li>\n<li>\n<strong>Entrega\/instalaci\u00f3n disponible<\/strong>:A escala nacional<\/li>\n<li>\n<strong>Origen<\/strong>:Provincia de Fujian<\/li>\n<li>\n<strong>ciudad<\/strong>:Ciudad de Quanzhou<\/li>\n<li>\n<strong>Distritos y condados<\/strong>:Condado de Anxi<\/li>\n<li>\n<strong>Armar<\/strong>:No<\/li>\n<li>\n<strong>volumen del paquete<\/strong>:Un metro c\u00fabico<\/li>\n<li>\n<strong>\u00bfHay taxi disponible para transporte?<\/strong>:No<\/li>\n<li>\n<strong>Dureza del relleno<\/strong>:Dureza y suavidad moderadas.<\/li>\n<li>\n<strong>Posicionamiento de estilo<\/strong>:Estilo art\u00edstico<\/li>\n<li>\n<strong>Detalles de las instrucciones de instalaci\u00f3n<\/strong>:No hay instrucciones de instalaci\u00f3n<\/li>\n<li>\n<strong>Gama de acabados de cuero<\/strong>:Cuero PU completo<\/li>\n<li>\n<strong><\/strong>:<\/li>\n<\/ul>\n<p><img><\/p>","protected":false},"excerpt":{"rendered":"<p>brand:#0 Factory model:122222231 Material:Leather Art style:Northern Europe sort by color:210 sofa + 1 + 1 + tea table coffee color,<\/p>","protected":false},"featured_media":120150,"comment_status":"open","ping_status":"closed","template":"","meta":[],"product_brand":[],"product_cat":[30862,30971,30850],"product_tag":[],"class_list":{"0":"post-60920","1":"product","2":"type-product","3":"status-publish","4":"has-post-thumbnail","6":"product_cat-wholesales-hotels","7":"product_cat-hp","8":"product_cat-wholesale-furniture","10":"first","11":"instock","12":"sale","13":"taxable","14":"shipping-taxable","15":"purchasable","16":"product-type-variable"},"_links":{"self":[{"href":"https:\/\/nexgendecors.com\/es\/wp-json\/wp\/v2\/product\/60920","targetHints":{"allow":["GET"]}}],"collection":[{"href":"https:\/\/nexgendecors.com\/es\/wp-json\/wp\/v2\/product"}],"about":[{"href":"https:\/\/nexgendecors.com\/es\/wp-json\/wp\/v2\/types\/product"}],"replies":[{"embeddable":true,"href":"https:\/\/nexgendecors.com\/es\/wp-json\/wp\/v2\/comments?post=60920"}],"version-history":[{"count":0,"href":"https:\/\/nexgendecors.com\/es\/wp-json\/wp\/v2\/product\/60920\/revisions"}],"wp:featuredmedia":[{"embeddable":true,"href":"https:\/\/nexgendecors.com\/es\/wp-json\/wp\/v2\/media\/120150"}],"wp:attachment":[{"href":"https:\/\/nexgendecors.com\/es\/wp-json\/wp\/v2\/media?parent=60920"}],"wp:term":[{"taxonomy":"product_brand","embeddable":true,"href":"https:\/\/nexgendecors.com\/es\/wp-json\/wp\/v2\/product_brand?post=60920"},{"taxonomy":"product_cat","embeddable":true,"href":"https:\/\/nexgendecors.com\/es\/wp-json\/wp\/v2\/product_cat?post=60920"},{"taxonomy":"product_tag","embeddable":true,"href":"https:\/\/nexgendecors.com\/es\/wp-json\/wp\/v2\/product_tag?post=60920"}],"curies":[{"name":"wp","href":"https:\/\/api.w.org\/{rel}","templated":true}]}}