{"id":61172,"date":"2025-01-26T02:56:38","date_gmt":"2025-01-26T02:56:38","guid":{"rendered":"https:\/\/nexgendecors.com\/product\/hulala-home-buffet-storage-cabinet-with-adjusted-shelves-47-w-modern-sideboard-with-black-metal-legs-3-push-catch-doors-credenza-cupboard-for-dinning-room-living-room-walnut1712157210872\/"},"modified":"2025-04-06T08:46:54","modified_gmt":"2025-04-06T08:46:54","slug":"aparador-moderno-hulala-home-de-47-pulgadas-con-estantes-ajustables-y-patas-de-metal-negro-3-puertas-con-cierre-a-presion-credenza-para-comedor-y-sala-de-estar-nogal-1712157210872","status":"publish","type":"product","link":"https:\/\/nexgendecors.com\/es\/product\/aparador-moderno-hulala-home-de-47-pulgadas-con-estantes-ajustables-y-patas-de-metal-negro-3-puertas-con-cierre-a-presion-credenza-para-comedor-y-sala-de-estar-nogal-1712157210872\/","title":{"rendered":"Aparador moderno HULALA HOME, color nogal"},"content":{"rendered":"<p>\ud83d\udeaa **Amplio espacio de almacenamiento:** Con cuatro puertas batientes, este aparador ofrece un generoso espacio de almacenamiento oculto. Desmonta los estantes para crear un espacio personalizable y mantener tu hogar ordenado. <br data-mce-fragment=\"1\">**Uso vers\u00e1til:** Sirva como gabinete o servidor de buffet en su comedor o cocina: este aparador multiusos satisface diversas necesidades de almacenamiento sin esfuerzo. <br data-mce-fragment=\"1\">**Encanto oto\u00f1al:** Agregue un ambiente oto\u00f1al acogedor a cualquier habitaci\u00f3n con su marco pintado de negro limpio y patas de metal, completo con almohadillas ajustables para mantener el equilibrio. <br data-mce-fragment=\"1\">\ud83d\udca7 **Impermeable y resistente al polvo:** Fabricadas con pintura impermeable y adornadas con un patr\u00f3n de espiga, las puertas protegen eficazmente de la humedad y el polvo, lo que garantiza una durabilidad duradera. <br data-mce-fragment=\"1\">\ud83d\udda4 **Fusi\u00f3n cl\u00e1sica y moderna:** El atemporal gabinete negro con puertas de madera combina estilos retro y modernos, infundiendo elegancia sin adornos a su espacio. <br data-mce-fragment=\"1\">\ud83d\udce6 **El producto incluye:** Un aparador, requiere ensamblaje. <br data-mce-fragment=\"1\">\ud83d\udee0\ufe0f **Material:** Fabricado en madera manufacturada y metal, ofreciendo patrones \u00fanicos, resistencia a las manchas y gran durabilidad contra el desgaste. <br data-mce-fragment=\"1\">\ud83c\udfa8 **Dise\u00f1o moderno:** Elegantes puertas con dise\u00f1o en espiga sobre un elegante marco pintado de negro, que encarnan una est\u00e9tica contempor\u00e1nea. <br data-mce-fragment=\"1\">\ud83d\udd04 **F\u00e1cil montaje:** Construye tu aparador con el m\u00ednimo esfuerzo y sin complicaciones. <br data-mce-fragment=\"1\">**Env\u00edo y soporte:** Env\u00edo inmediato al realizar el pedido. Cont\u00e1ctanos si tienes alguna duda o problema. <br data-mce-fragment=\"1\">\ud83d\udccf **Tama\u00f1o:** 55\u2033 de ancho x 15.7\u2033 de profundidad x 30.7\u2033 de alto, Interior del gabinete: 26.5\u2033 de ancho x 13.5\u2033 de profundidad x 9.8\u2033 de alto <br data-mce-fragment=\"1\">\ud83d\udce6 **Peso:** Env\u00edo: 98 libras, Art\u00edculo: 86 libras <br data-mce-fragment=\"1\">\ud83e\uddb5 **Patas:** Altura: 7.2\u201d, Material: Hierro, Color: Negro <br data-mce-fragment=\"1\">\u2696\ufe0f **Capacidad de peso:** 80 libras<\/p>\n<div><\/div>","protected":false},"excerpt":{"rendered":"<p>\ud83d\udeaa **Amplio espacio de almacenamiento:** Con cuatro puertas batientes, este aparador ofrece un generoso espacio de almacenamiento oculto. Desmonta los estantes del aparador para personalizarlo.<\/p>","protected":false},"featured_media":120323,"comment_status":"open","ping_status":"closed","template":"","meta":[],"product_brand":[],"product_cat":[30971,30846],"product_tag":[],"class_list":{"0":"post-61172","1":"product","2":"type-product","3":"status-publish","4":"has-post-thumbnail","6":"product_cat-hp","7":"product_cat-living-room","9":"first","10":"outofstock","11":"taxable","12":"shipping-taxable","13":"purchasable","14":"product-type-variable"},"_links":{"self":[{"href":"https:\/\/nexgendecors.com\/es\/wp-json\/wp\/v2\/product\/61172","targetHints":{"allow":["GET"]}}],"collection":[{"href":"https:\/\/nexgendecors.com\/es\/wp-json\/wp\/v2\/product"}],"about":[{"href":"https:\/\/nexgendecors.com\/es\/wp-json\/wp\/v2\/types\/product"}],"replies":[{"embeddable":true,"href":"https:\/\/nexgendecors.com\/es\/wp-json\/wp\/v2\/comments?post=61172"}],"version-history":[{"count":0,"href":"https:\/\/nexgendecors.com\/es\/wp-json\/wp\/v2\/product\/61172\/revisions"}],"wp:featuredmedia":[{"embeddable":true,"href":"https:\/\/nexgendecors.com\/es\/wp-json\/wp\/v2\/media\/120323"}],"wp:attachment":[{"href":"https:\/\/nexgendecors.com\/es\/wp-json\/wp\/v2\/media?parent=61172"}],"wp:term":[{"taxonomy":"product_brand","embeddable":true,"href":"https:\/\/nexgendecors.com\/es\/wp-json\/wp\/v2\/product_brand?post=61172"},{"taxonomy":"product_cat","embeddable":true,"href":"https:\/\/nexgendecors.com\/es\/wp-json\/wp\/v2\/product_cat?post=61172"},{"taxonomy":"product_tag","embeddable":true,"href":"https:\/\/nexgendecors.com\/es\/wp-json\/wp\/v2\/product_tag?post=61172"}],"curies":[{"name":"wp","href":"https:\/\/api.w.org\/{rel}","templated":true}]}}