{"id":61307,"date":"2025-01-26T02:56:53","date_gmt":"2025-01-26T02:56:53","guid":{"rendered":"https:\/\/nexgendecors.com\/product\/hulala-home-swivel-accent-barrel-chair-modern-velvet-accent-chair-with-3d-curved-open-back-swivel-gold-metal-base-velvet-club-lounge-chair-for-living-room-bedroom-nursery-mustard1711879084128\/"},"modified":"2025-04-06T08:48:05","modified_gmt":"2025-04-06T08:48:05","slug":"sillon-giratorio-hulala-home-con-acento-de-barril-moderno-sillon-de-terciopelo-con-respaldo-abierto-curvo-3d-base-giratoria-de-metal-dorado-sillon-club-de-terciopelo-para-sala-de-estar-dormitorio","status":"publish","type":"product","link":"https:\/\/nexgendecors.com\/es\/product\/sillon-giratorio-hulala-home-con-acento-de-barril-moderno-sillon-de-terciopelo-con-respaldo-abierto-curvo-3d-base-giratoria-de-metal-dorado-sillon-club-de-terciopelo-para-sala-de-estar-dormitorio\/","title":{"rendered":"HULALA HOME Sill\u00f3n giratorio moderno de terciopelo - Mostaza"},"content":{"rendered":"<p data-mce-fragment=\"1\">\ud83e\ude91 <strong data-mce-fragment=\"1\">Estilo contempor\u00e1neo y cl\u00e1sico<\/strong>:<\/p>\n<ul data-mce-fragment=\"1\">\n<li data-mce-fragment=\"1\">Elegante silla giratoria de barril 3D con un exclusivo respaldo abierto curvo \ud83c\udf1f<\/li>\n<li data-mce-fragment=\"1\">La base giratoria de metal dorado a\u00f1ade un toque de sofisticaci\u00f3n \ud83c\udf1f<\/li>\n<li data-mce-fragment=\"1\">Complementa cualquier espacio habitable con una decoraci\u00f3n acogedora \ud83d\udecb\ufe0f<\/li>\n<\/ul>\n<p data-mce-fragment=\"1\">\ud83d\udcaa <strong data-mce-fragment=\"1\">Fuerte y duradero<\/strong>:<\/p>\n<ul data-mce-fragment=\"1\">\n<li data-mce-fragment=\"1\">Marco de madera con base de metal estable \ud83e\udeb5\ud83e\uddb5<\/li>\n<li data-mce-fragment=\"1\">Soporte de resorte de alta resistencia para un uso duradero \ud83d\udd04<\/li>\n<\/ul>\n<p data-mce-fragment=\"1\">\ud83c\udf1f <strong data-mce-fragment=\"1\">Silla decorativa de terciopelo suave<\/strong>:<\/p>\n<ul data-mce-fragment=\"1\">\n<li data-mce-fragment=\"1\">Tapizado en terciopelo de alta calidad para mayor comodidad y lujo \ud83d\udecb\ufe0f<\/li>\n<li data-mce-fragment=\"1\">Resistente a las arrugas y a la decoloraci\u00f3n \ud83c\udf1f<\/li>\n<li data-mce-fragment=\"1\">F\u00e1cil de limpiar derrames con un pa\u00f1o h\u00famedo \ud83e\uddfc<\/li>\n<\/ul>\n<p data-mce-fragment=\"1\">\ud83d\udd04 <strong data-mce-fragment=\"1\">Base giratoria de 360 grados<\/strong>:<\/p>\n<ul data-mce-fragment=\"1\">\n<li data-mce-fragment=\"1\">Giro de 360 grados sin esfuerzo con base redonda dorada \ud83d\udd04<\/li>\n<li data-mce-fragment=\"1\">Capacidad de peso: 250 lb, Tama\u00f1o del asiento: 21.5\u2033 de ancho x 25\u2033 de profundidad x 16\u2033 de alto \ud83c\udfcb\ufe0f<\/li>\n<\/ul>\n<p data-mce-fragment=\"1\">\ud83d\udee0\ufe0f <strong data-mce-fragment=\"1\">No requiere ensamblaje<\/strong>:<\/p>\n<ul data-mce-fragment=\"1\">\n<li data-mce-fragment=\"1\">Sill\u00f3n giratorio listo para usar que ahorra tiempo y energ\u00eda \u23f0<\/li>\n<li data-mce-fragment=\"1\">Servicio de atenci\u00f3n al cliente con respuesta r\u00e1pida en 24 horas para cualquier consulta \ud83d\udc8c<\/li>\n<\/ul>\n<div><\/div>","protected":false},"excerpt":{"rendered":"<p>\ud83e\ude91 Estilo contempor\u00e1neo y cl\u00e1sico: Elegante silla giratoria de barril 3D con un respaldo abierto curvado \u00fanico \ud83c\udf1f Giratoria de metal dorado.<\/p>","protected":false},"featured_media":120489,"comment_status":"open","ping_status":"closed","template":"","meta":[],"product_brand":[],"product_cat":[30811,30902,30971,30846,32],"product_tag":[],"class_list":{"0":"post-61307","1":"product","2":"type-product","3":"status-publish","4":"has-post-thumbnail","6":"product_cat-armchairs","7":"product_cat-bs-chairs","8":"product_cat-hp","9":"product_cat-living-room","10":"product_cat-residential-furniture","12":"first","13":"instock","14":"sale","15":"taxable","16":"shipping-taxable","17":"purchasable","18":"product-type-variable"},"_links":{"self":[{"href":"https:\/\/nexgendecors.com\/es\/wp-json\/wp\/v2\/product\/61307","targetHints":{"allow":["GET"]}}],"collection":[{"href":"https:\/\/nexgendecors.com\/es\/wp-json\/wp\/v2\/product"}],"about":[{"href":"https:\/\/nexgendecors.com\/es\/wp-json\/wp\/v2\/types\/product"}],"replies":[{"embeddable":true,"href":"https:\/\/nexgendecors.com\/es\/wp-json\/wp\/v2\/comments?post=61307"}],"version-history":[{"count":0,"href":"https:\/\/nexgendecors.com\/es\/wp-json\/wp\/v2\/product\/61307\/revisions"}],"wp:featuredmedia":[{"embeddable":true,"href":"https:\/\/nexgendecors.com\/es\/wp-json\/wp\/v2\/media\/120489"}],"wp:attachment":[{"href":"https:\/\/nexgendecors.com\/es\/wp-json\/wp\/v2\/media?parent=61307"}],"wp:term":[{"taxonomy":"product_brand","embeddable":true,"href":"https:\/\/nexgendecors.com\/es\/wp-json\/wp\/v2\/product_brand?post=61307"},{"taxonomy":"product_cat","embeddable":true,"href":"https:\/\/nexgendecors.com\/es\/wp-json\/wp\/v2\/product_cat?post=61307"},{"taxonomy":"product_tag","embeddable":true,"href":"https:\/\/nexgendecors.com\/es\/wp-json\/wp\/v2\/product_tag?post=61307"}],"curies":[{"name":"wp","href":"https:\/\/api.w.org\/{rel}","templated":true}]}}