{"id":61334,"date":"2025-01-26T02:56:56","date_gmt":"2025-01-26T02:56:56","guid":{"rendered":"https:\/\/nexgendecors.com\/product\/hulala-home-velvet-accent-chair-modern-upholstered-cute-side-chair-with-gold-metal-legs-armless-wingback-slipper-chair-comfy-living-room-chair-for-bedroom-guest-room-vanity-mustard1711879084087\/"},"modified":"2025-04-06T08:48:17","modified_gmt":"2025-04-06T08:48:17","slug":"sillon-hulala-home-de-terciopelo-moderno-y-elegante-tapizado-con-patas-de-metal-dorado-sin-brazos-con-respaldo-alto-comodo-sillon-para-sala-de-estar-ideal-para-dormitorio-habitacion-de-invitad","status":"publish","type":"product","link":"https:\/\/nexgendecors.com\/es\/product\/sillon-hulala-home-de-terciopelo-moderno-y-elegante-tapizado-con-patas-de-metal-dorado-sin-brazos-con-respaldo-alto-comodo-sillon-para-sala-de-estar-ideal-para-dormitorio-habitacion-de-invitad\/","title":{"rendered":"HULALA HOME Silla acentuada de terciopelo mostaza con patas doradas"},"content":{"rendered":"<p>\ud83d\udecb\ufe0f <strong>Uso multifuncional<\/strong>:<\/p>\n<ul>\n<li>Adecuado para varios escenarios: comedor, cocina, sala de estar, dormitorio y m\u00e1s \ud83c\udfe0<\/li>\n<li>Elecci\u00f3n perfecta para decorar habitaciones o regalar a familiares y amigos.<\/li>\n<\/ul>\n<p>\ud83d\udcaa <strong>Silla moderna y robusta con acento<\/strong>:<\/p>\n<ul>\n<li>Almohadillas de pl\u00e1stico ajustables en las patas de la silla para mayor equilibrio \ud83d\udd04<\/li>\n<li>Protectores de suelo de goma suave para proteger suelos sensibles \ud83e\uddb6<\/li>\n<\/ul>\n<p>\ud83c\udf1f <strong>Excelente estructura<\/strong>:<\/p>\n<ul>\n<li>Tapicer\u00eda de terciopelo de primera calidad para una sensaci\u00f3n de lujo \ud83d\udecb\ufe0f<\/li>\n<li>Relleno de espuma de alta densidad y marco de madera maciza para mayor comodidad y soporte \ud83e\udeb5<\/li>\n<li>Parte posterior con capiton\u00e9 para un buen soporte y comodidad durante todo el d\u00eda \ud83c\udf1f<\/li>\n<\/ul>\n<p>\ud83e\ude91 <strong>Peque\u00f1o y lindo<\/strong>:<\/p>\n<ul>\n<li>Tama\u00f1o compacto, un poco bajo, perfecto para espacios m\u00e1s peque\u00f1os \ud83d\udccf<\/li>\n<li>Capacidad de peso: 220 libras, altura del respaldo: 14 pulgadas, distancia del asiento al piso: 18 pulgadas \ud83c\udfcb\ufe0f<\/li>\n<\/ul>\n<p>\ud83d\udee0\ufe0f <strong>Cuidado y f\u00e1cil instalaci\u00f3n<\/strong>:<\/p>\n<ul>\n<li>Se recomienda limpieza localizada o limpieza profesional \ud83e\uddfc<\/li>\n<li>F\u00e1cil montaje en tan solo 15 minutos con las instrucciones y herramientas proporcionadas \ud83d\udee0\ufe0f<\/li>\n<li>Servicio de atenci\u00f3n al cliente con respuesta r\u00e1pida en 24 horas para cualquier consulta \ud83d\udc8c<\/li>\n<\/ul>","protected":false},"excerpt":{"rendered":"<p>\ud83d\udecb\ufe0f Uso multifuncional: Adecuado para varios escenarios: comedor, cocina, sala de estar, dormitorio, y m\u00e1s \ud83c\udfe0 Elecci\u00f3n perfecta para la habitaci\u00f3n.<\/p>","protected":false},"featured_media":120509,"comment_status":"open","ping_status":"closed","template":"","meta":[],"product_brand":[],"product_cat":[30811,30971,30846,32],"product_tag":[],"class_list":{"0":"post-61334","1":"product","2":"type-product","3":"status-publish","4":"has-post-thumbnail","6":"product_cat-armchairs","7":"product_cat-hp","8":"product_cat-living-room","9":"product_cat-residential-furniture","11":"first","12":"instock","13":"sale","14":"taxable","15":"shipping-taxable","16":"purchasable","17":"product-type-variable"},"_links":{"self":[{"href":"https:\/\/nexgendecors.com\/es\/wp-json\/wp\/v2\/product\/61334","targetHints":{"allow":["GET"]}}],"collection":[{"href":"https:\/\/nexgendecors.com\/es\/wp-json\/wp\/v2\/product"}],"about":[{"href":"https:\/\/nexgendecors.com\/es\/wp-json\/wp\/v2\/types\/product"}],"replies":[{"embeddable":true,"href":"https:\/\/nexgendecors.com\/es\/wp-json\/wp\/v2\/comments?post=61334"}],"version-history":[{"count":0,"href":"https:\/\/nexgendecors.com\/es\/wp-json\/wp\/v2\/product\/61334\/revisions"}],"wp:featuredmedia":[{"embeddable":true,"href":"https:\/\/nexgendecors.com\/es\/wp-json\/wp\/v2\/media\/120509"}],"wp:attachment":[{"href":"https:\/\/nexgendecors.com\/es\/wp-json\/wp\/v2\/media?parent=61334"}],"wp:term":[{"taxonomy":"product_brand","embeddable":true,"href":"https:\/\/nexgendecors.com\/es\/wp-json\/wp\/v2\/product_brand?post=61334"},{"taxonomy":"product_cat","embeddable":true,"href":"https:\/\/nexgendecors.com\/es\/wp-json\/wp\/v2\/product_cat?post=61334"},{"taxonomy":"product_tag","embeddable":true,"href":"https:\/\/nexgendecors.com\/es\/wp-json\/wp\/v2\/product_tag?post=61334"}],"curies":[{"name":"wp","href":"https:\/\/api.w.org\/{rel}","templated":true}]}}