{"id":61480,"date":"2025-01-26T02:57:19","date_gmt":"2025-01-26T02:57:19","guid":{"rendered":"https:\/\/nexgendecors.com\/product\/humble-crew-white-pink-12-bin-toy-storage-organizer1711876968614\/"},"modified":"2025-04-06T08:49:55","modified_gmt":"2025-04-06T08:49:55","slug":"organizador-de-juguetes-humble-crew-blanco-y-rosa-de-12-compartimentos-1711876968614","status":"publish","type":"product","link":"https:\/\/nexgendecors.com\/es\/product\/organizador-de-juguetes-humble-crew-blanco-y-rosa-de-12-compartimentos-1711876968614\/","title":{"rendered":"Organizador de juguetes Humble Crew de 12 compartimentos (estilo blanco y rosa)"},"content":{"rendered":"<p data-mce-fragment=\"1\"><strong data-mce-fragment=\"1\">\u00a1Organiza y juega con facilidad!<\/strong> \ud83c\udfa8\ud83e\uddf8<\/p>\n<ul data-mce-fragment=\"1\">\n<li data-mce-fragment=\"1\">\n<p data-mce-fragment=\"1\"><strong data-mce-fragment=\"1\">F\u00e1cil acceso a los juguetes<\/strong>\u00a1Jugar es pan comido! Nuestro organizador de juguetes Humble Crew cuenta con 12 contenedores de pl\u00e1stico libres de BPA y ftalatos para que puedas sacar y limpiar los juguetes r\u00e1pidamente. \ud83d\ude80<\/p>\n<\/li>\n<li data-mce-fragment=\"1\">\n<p data-mce-fragment=\"1\"><strong data-mce-fragment=\"1\">Dise\u00f1o que ahorra espacio<\/strong>Con 8 compartimentos est\u00e1ndar y 4 grandes extra\u00edbles, este organizador de juguetes encaja a la perfecci\u00f3n en estantes de 4 niveles. \u00a1Ideal para ni\u00f1os peque\u00f1os y preescolares! \ud83e\uddd2<\/p>\n<\/li>\n<li data-mce-fragment=\"1\">\n<p data-mce-fragment=\"1\"><strong data-mce-fragment=\"1\">Desarrollo de habilidades y organizaci\u00f3n<\/strong>\u00a1No es solo una caja de juguetes! Fomenta la clasificaci\u00f3n y las habilidades cognitivas, a la vez que mantiene el orden en las habitaciones. \ud83e\udde0<\/p>\n<\/li>\n<li data-mce-fragment=\"1\">\n<p data-mce-fragment=\"1\"><strong data-mce-fragment=\"1\">Elegante y funcional<\/strong>Su elegante combinaci\u00f3n de colores complementa la decoraci\u00f3n de cualquier dormitorio o sala de juegos. \u00a1Es la soluci\u00f3n de almacenamiento definitiva! \ud83c\udfa8<\/p>\n<\/li>\n<li data-mce-fragment=\"1\">\n<p data-mce-fragment=\"1\"><strong data-mce-fragment=\"1\">Construcci\u00f3n duradera<\/strong>:Construido con madera de ingenier\u00eda resistente y varillas de acero para estanter\u00edas, cada estante soporta hasta 20 libras. \ud83d\udcaa<\/p>\n<\/li>\n<li data-mce-fragment=\"1\">\n<p data-mce-fragment=\"1\"><strong data-mce-fragment=\"1\">F\u00e1cil montaje<\/strong>Incluye todos los herrajes y requiere una instalaci\u00f3n m\u00ednima. Dimensiones del producto: 86 cm de ancho x 28 cm de profundidad (40 cm de profundidad con soportes) x 78 cm de alto. \ud83d\udee0\ufe0f<\/p>\n<\/li>\n<li data-mce-fragment=\"1\">\n<p data-mce-fragment=\"1\"><strong data-mce-fragment=\"1\">Tama\u00f1os de contenedores<\/strong>:<\/p>\n<ul data-mce-fragment=\"1\">\n<li data-mce-fragment=\"1\">Est\u00e1ndar: 12\u2033 de largo x 9\u2033 de ancho x 6\u2033 de alto<\/li>\n<li data-mce-fragment=\"1\">Grande: 16\u2033 de largo x 12\u2033 de ancho x 6\u2033 de alto<\/li>\n<\/ul>\n<\/li>\n<li data-mce-fragment=\"1\">\n<p data-mce-fragment=\"1\"><strong data-mce-fragment=\"1\">Almacenamiento expandible<\/strong>\u00bfNecesitas m\u00e1s contenedores? \u00a1Disponemos de contenedores de pl\u00e1stico adicionales para juguetes por separado! \ud83d\udce6<\/p>\n<\/li>\n<\/ul>\n<p data-mce-fragment=\"1\">Transforma la hora de jugar y limpiar con nuestro vers\u00e1til y elegante organizador de juguetes. Perfecto para mantener el espacio de tu hijo ordenado, organizado y divertido. \ud83c\udf1f\ud83e\uddf8<\/p>\n<div><\/div>","protected":false},"excerpt":{"rendered":"<p>\u00a1Organiza y juega f\u00e1cilmente! \ud83c\udfa8\ud83e\uddf8 F\u00e1cil acceso a los juguetes: \u00a1Jugar es pan comido! Nuestro organizador de juguetes Humble Crew incluye<\/p>","protected":false},"featured_media":120862,"comment_status":"open","ping_status":"closed","template":"","meta":[],"product_brand":[],"product_cat":[30971,30838,30849],"product_tag":[],"class_list":{"0":"post-61480","1":"product","2":"type-product","3":"status-publish","4":"has-post-thumbnail","6":"product_cat-hp","7":"product_cat-kids-storage-orgganizer","8":"product_cat-kindergarten-school-furniture","10":"first","11":"instock","12":"taxable","13":"shipping-taxable","14":"purchasable","15":"product-type-variable"},"_links":{"self":[{"href":"https:\/\/nexgendecors.com\/es\/wp-json\/wp\/v2\/product\/61480","targetHints":{"allow":["GET"]}}],"collection":[{"href":"https:\/\/nexgendecors.com\/es\/wp-json\/wp\/v2\/product"}],"about":[{"href":"https:\/\/nexgendecors.com\/es\/wp-json\/wp\/v2\/types\/product"}],"replies":[{"embeddable":true,"href":"https:\/\/nexgendecors.com\/es\/wp-json\/wp\/v2\/comments?post=61480"}],"version-history":[{"count":0,"href":"https:\/\/nexgendecors.com\/es\/wp-json\/wp\/v2\/product\/61480\/revisions"}],"wp:featuredmedia":[{"embeddable":true,"href":"https:\/\/nexgendecors.com\/es\/wp-json\/wp\/v2\/media\/120862"}],"wp:attachment":[{"href":"https:\/\/nexgendecors.com\/es\/wp-json\/wp\/v2\/media?parent=61480"}],"wp:term":[{"taxonomy":"product_brand","embeddable":true,"href":"https:\/\/nexgendecors.com\/es\/wp-json\/wp\/v2\/product_brand?post=61480"},{"taxonomy":"product_cat","embeddable":true,"href":"https:\/\/nexgendecors.com\/es\/wp-json\/wp\/v2\/product_cat?post=61480"},{"taxonomy":"product_tag","embeddable":true,"href":"https:\/\/nexgendecors.com\/es\/wp-json\/wp\/v2\/product_tag?post=61480"}],"curies":[{"name":"wp","href":"https:\/\/api.w.org\/{rel}","templated":true}]}}