{"id":61533,"date":"2025-01-26T02:57:27","date_gmt":"2025-01-26T02:57:27","guid":{"rendered":"https:\/\/nexgendecors.com\/product\/iclimb-ultralight-compact-mini-beach-picnic-folding-alu-table-with-carry-bag-two-size-blue-l1706339191992\/"},"modified":"2025-04-06T08:50:29","modified_gmt":"2025-04-06T08:50:29","slug":"mesa-de-picnic-ultraligera-y-compacta-de-aluminio-plegable-para-playa-iclimb-con-bolsa-de-transporte-dos-tamanos-azul-l1706339191992","status":"publish","type":"product","link":"https:\/\/nexgendecors.com\/es\/product\/mesa-de-picnic-ultraligera-y-compacta-de-aluminio-plegable-para-playa-iclimb-con-bolsa-de-transporte-dos-tamanos-azul-l1706339191992\/","title":{"rendered":"Mesa plegable ultraligera para picnic de playa iClimb (azul)"},"content":{"rendered":"<p><strong>Presentamos la mesa de camping definitiva de iClimb<\/strong><\/p>\n<p>\ud83d\udd17 <strong>Conexi\u00f3n con dise\u00f1o \u00fanico con bisagras:<\/strong> A diferencia de otras mesas con conexiones de cord\u00f3n el\u00e1stico, nuestra mesa presenta un dise\u00f1o con bisagras duradero que garantiza longevidad y estabilidad durante los a\u00f1os venideros.<\/p>\n<p>\ud83c\udf1f <strong>Ultraligero y duradero:<\/strong> Fabricada en aleaci\u00f3n de aluminio 6063 de alta calidad, con un peso de tan solo 700 g y una capacidad de hasta 30 kg, esta mesa es impermeable, resistente a la corrosi\u00f3n y al calor, lo que la hace perfecta para cualquier aventura al aire libre.<\/p>\n<p>\ud83c\udfd5\ufe0f <strong>Estabilidad a baja altura del suelo:<\/strong> Con una altura de tan solo 4,9 pulgadas, nuestra mesa ofrece una estabilidad excepcional, garantizando que se mantenga firmemente en su lugar incluso en terrenos irregulares.<\/p>\n<p>\ud83d\udee0\ufe0f <strong>F\u00e1cil instalaci\u00f3n y dise\u00f1o compacto:<\/strong> Montar nuestra mesa es facil\u00edsimo. Simplemente abre la base y f\u00edjala con las barras para disfrutar al instante. Su altura y tama\u00f1o perfectos la hacen ideal para bebidas y aperitivos mientras acampas, haces un picnic, sales a la playa o incluso desayunas en la cama.<\/p>\n<p>\ud83d\udd12 <strong>Garant\u00eda de por vida:<\/strong> Respaldamos la calidad de nuestros productos. Por eso ofrecemos una garant\u00eda limitada de por vida contra defectos de fabricaci\u00f3n, para su tranquilidad.<\/p>\n<p>\ud83d\udccb <strong>Presupuesto:<\/strong><\/p>\n<ul>\n<li>\n<strong>Marca:<\/strong> iClimb<\/li>\n<li>\n<strong>Forma:<\/strong> Rectangular<\/li>\n<li>\n<strong>Color:<\/strong> Azul<\/li>\n<li>\n<strong>Dimensiones del producto:<\/strong> 22,4\u2033 de profundidad x 16,14\u2033 de ancho x 4,9\u2033 de alto<\/li>\n<li>\n<strong>Tama\u00f1o:<\/strong> Grande<\/li>\n<li>\n<strong>Material del marco:<\/strong> Metal<\/li>\n<li>\n<strong>Tipo de material superior:<\/strong> Aluminio<\/li>\n<li>\n<strong>Caracter\u00edstica especial:<\/strong> Baja altura, compacto, estable, seguro, ligero.<\/li>\n<li>\n<strong>Usos recomendados:<\/strong> Picnic<\/li>\n<li>\n<strong>Es plegable:<\/strong> S\u00ed<\/li>\n<li>\n<strong>Tipo de base:<\/strong> Pierna<\/li>\n<\/ul>\n<p>\ud83c\udf04 Mejora tu experiencia al aire libre con la mesa de camping iClimb: \u00a1el compa\u00f1ero perfecto para todas tus aventuras!<\/p>","protected":false},"excerpt":{"rendered":"<p>Presentamos la mesa de camping definitiva de iClimb \ud83d\udd17 Conexi\u00f3n de dise\u00f1o con bisagras \u00fanica: a diferencia de otras mesas con conexiones de cable el\u00e1stico, nuestra<\/p>","protected":false},"featured_media":120928,"comment_status":"open","ping_status":"closed","template":"","meta":[],"product_brand":[],"product_cat":[30818,30971],"product_tag":[],"class_list":{"0":"post-61533","1":"product","2":"type-product","3":"status-publish","4":"has-post-thumbnail","6":"product_cat-camping-furniture","7":"product_cat-hp","9":"first","10":"instock","11":"sale","12":"taxable","13":"shipping-taxable","14":"purchasable","15":"product-type-variable"},"_links":{"self":[{"href":"https:\/\/nexgendecors.com\/es\/wp-json\/wp\/v2\/product\/61533","targetHints":{"allow":["GET"]}}],"collection":[{"href":"https:\/\/nexgendecors.com\/es\/wp-json\/wp\/v2\/product"}],"about":[{"href":"https:\/\/nexgendecors.com\/es\/wp-json\/wp\/v2\/types\/product"}],"replies":[{"embeddable":true,"href":"https:\/\/nexgendecors.com\/es\/wp-json\/wp\/v2\/comments?post=61533"}],"version-history":[{"count":0,"href":"https:\/\/nexgendecors.com\/es\/wp-json\/wp\/v2\/product\/61533\/revisions"}],"wp:featuredmedia":[{"embeddable":true,"href":"https:\/\/nexgendecors.com\/es\/wp-json\/wp\/v2\/media\/120928"}],"wp:attachment":[{"href":"https:\/\/nexgendecors.com\/es\/wp-json\/wp\/v2\/media?parent=61533"}],"wp:term":[{"taxonomy":"product_brand","embeddable":true,"href":"https:\/\/nexgendecors.com\/es\/wp-json\/wp\/v2\/product_brand?post=61533"},{"taxonomy":"product_cat","embeddable":true,"href":"https:\/\/nexgendecors.com\/es\/wp-json\/wp\/v2\/product_cat?post=61533"},{"taxonomy":"product_tag","embeddable":true,"href":"https:\/\/nexgendecors.com\/es\/wp-json\/wp\/v2\/product_tag?post=61533"}],"curies":[{"name":"wp","href":"https:\/\/api.w.org\/{rel}","templated":true}]}}