{"id":61556,"date":"2025-01-26T02:57:33","date_gmt":"2025-01-26T02:57:33","guid":{"rendered":"https:\/\/nexgendecors.com\/product\/fengsen-series-warm-pillowcase-nordic-light-luxury-pillow\/"},"modified":"2025-04-06T08:50:53","modified_gmt":"2025-04-06T08:50:53","slug":"funda-de-almohada-calida-de-la-serie-fengsen-almohada-nordica-ligera-de-lujo","status":"publish","type":"product","link":"https:\/\/nexgendecors.com\/es\/product\/funda-de-almohada-calida-de-la-serie-fengsen-almohada-nordica-ligera-de-lujo\/","title":{"rendered":"Coj\u00edn decorativo indio de lujo con luz n\u00f3rdica"},"content":{"rendered":"<div><strong>Descripci\u00f3n:<\/strong><\/div>\n<ul class=\"a-unordered-list a-vertical a-spacing-mini\" data-mce-fragment=\"1\">\n<li data-mce-fragment=\"1\"><span class=\"a-list-item\" data-mce-fragment=\"1\">Trabajo del producto: Material impreso: algod\u00f3n<\/span><\/li>\n<li data-mce-fragment=\"1\"><span class=\"a-list-item\" data-mce-fragment=\"1\">Tama\u00f1o en pulgadas: largo 16 x ancho 16 (40 x 40 cm)<\/span><\/li>\n<li data-mce-fragment=\"1\"><span class=\"a-list-item\" data-mce-fragment=\"1\">El paquete incluye: 2 fundas de almohada Patr\u00f3n: Mandala Ombre y Floral<\/span><\/li>\n<li data-mce-fragment=\"1\"><span class=\"a-list-item\" data-mce-fragment=\"1\">Instrucciones de cuidado: Lavado suave a m\u00e1quina. Aviso: El color puede variar ligeramente seg\u00fan la resoluci\u00f3n del monitor.<\/span><\/li>\n<li data-mce-fragment=\"1\"><span class=\"a-list-item\" data-mce-fragment=\"1\">Uso: casi para sof\u00e1, accesorios de sala de estar, dormitorios, accesorios decorativos, exteriores, viajes y regalos.<\/span><\/li>\n<\/ul>","protected":false},"excerpt":{"rendered":"<p>Descripci\u00f3n: Trabajo del producto: Material impreso: algod\u00f3n Tama\u00f1o en pulgadas: largo 16 x ancho 16 (40 x 40 cm) El paquete incluye:<\/p>","protected":false},"featured_media":120991,"comment_status":"open","ping_status":"closed","template":"","meta":[],"product_brand":[],"product_cat":[30823,30828,30971],"product_tag":[12259,12260],"class_list":{"0":"post-61556","1":"product","2":"type-product","3":"status-publish","4":"has-post-thumbnail","6":"product_cat-cushions-throuws","7":"product_cat-furnishing","8":"product_cat-hp","9":"product_tag-_wf_cus","10":"product_tag-_wf_exc","12":"first","13":"instock","14":"sale","15":"taxable","16":"shipping-taxable","17":"purchasable","18":"product-type-variable"},"_links":{"self":[{"href":"https:\/\/nexgendecors.com\/es\/wp-json\/wp\/v2\/product\/61556","targetHints":{"allow":["GET"]}}],"collection":[{"href":"https:\/\/nexgendecors.com\/es\/wp-json\/wp\/v2\/product"}],"about":[{"href":"https:\/\/nexgendecors.com\/es\/wp-json\/wp\/v2\/types\/product"}],"replies":[{"embeddable":true,"href":"https:\/\/nexgendecors.com\/es\/wp-json\/wp\/v2\/comments?post=61556"}],"version-history":[{"count":0,"href":"https:\/\/nexgendecors.com\/es\/wp-json\/wp\/v2\/product\/61556\/revisions"}],"wp:featuredmedia":[{"embeddable":true,"href":"https:\/\/nexgendecors.com\/es\/wp-json\/wp\/v2\/media\/120991"}],"wp:attachment":[{"href":"https:\/\/nexgendecors.com\/es\/wp-json\/wp\/v2\/media?parent=61556"}],"wp:term":[{"taxonomy":"product_brand","embeddable":true,"href":"https:\/\/nexgendecors.com\/es\/wp-json\/wp\/v2\/product_brand?post=61556"},{"taxonomy":"product_cat","embeddable":true,"href":"https:\/\/nexgendecors.com\/es\/wp-json\/wp\/v2\/product_cat?post=61556"},{"taxonomy":"product_tag","embeddable":true,"href":"https:\/\/nexgendecors.com\/es\/wp-json\/wp\/v2\/product_tag?post=61556"}],"curies":[{"name":"wp","href":"https:\/\/api.w.org\/{rel}","templated":true}]}}