{"id":61662,"date":"2025-01-26T02:57:47","date_gmt":"2025-01-26T02:57:47","guid":{"rendered":"https:\/\/nexgendecors.com\/product\/infusion-chair-row-hanging-needle-chair-drip-chair-hospital-medical-hanging-needle-chair-medical-clinic-infusion-chair-row-chair-1-2\/"},"modified":"2025-04-06T08:51:31","modified_gmt":"2025-04-06T08:51:31","slug":"silla-de-infusion-silla-de-aguja-colgante-silla-de-goteo-silla-de-aguja-colgante-para-hospital-silla-de-infusion-para-clinica-medica-silla-de-fila-1-2","status":"publish","type":"product","link":"https:\/\/nexgendecors.com\/es\/product\/silla-de-infusion-silla-de-aguja-colgante-silla-de-goteo-silla-de-aguja-colgante-para-hospital-silla-de-infusion-para-clinica-medica-silla-de-fila-1-2\/","title":{"rendered":"Silla de infusi\u00f3n: c\u00f3modo asiento para goteo m\u00e9dico"},"content":{"rendered":"<ul>\n<li>\n<strong>Origen<\/strong>:China continental<\/li>\n<li>\n<strong>provincia<\/strong>:Provincia de Guangdong<\/li>\n<li>\n<strong>ordenar por color<\/strong>:Asiento individual m\u00e1s reposabrazos de pizarra azul o verde, asiento individual m\u00e1s reposabrazos acolchado de cuero azul o verde, asiento individual m\u00e1s reposabrazos de roble azul o verde, dos personas m\u00e1s reposabrazos de pizarra azul o verde, dos personas m\u00e1s reposabrazos acolchados de cuero azul o verde, dos personas m\u00e1s reposabrazos de roble azul o verde, tres personas m\u00e1s reposabrazos de pizarra azul, tres personas m\u00e1s reposabrazos de pizarra verde, tres personas m\u00e1s reposabrazos acolchados de cuero azul, tres personas m\u00e1s reposabrazos acolchados de cuero verde, tres personas m\u00e1s reposabrazos de roble azul, tres personas m\u00e1s reposabrazos de roble verde, tres personas m\u00e1s reposabrazos de pizarra azul, tres personas m\u00e1s reposabrazos de pizarra verde, tres personas m\u00e1s reposabrazos acolchados de cuero azul, tres personas m\u00e1s reposabrazos acolchados de cuero verde, tres personas m\u00e1s reposabrazos de roble azul, tres personas m\u00e1s reposabrazos de roble verde, tres personas m\u00e1s reposabrazos de pizarra azul, tres personas m\u00e1s reposabrazos de pizarra verde, tres personas m\u00e1s reposabrazos acolchados de cuero azul, tres personas m\u00e1s reposabrazos acolchados de cuero verde, tres personas m\u00e1s reposabrazos de roble azul, tres personas m\u00e1s reposabrazos de roble verde, cuatro personas m\u00e1s reposabrazos de pizarra azul, cuatro personas m\u00e1s reposabrazos de pizarra verde, cuatro personas m\u00e1s reposabrazos acolchados de cuero azul, cuatro personas m\u00e1s reposabrazos acolchados de cuero verde, cuatro Asiento individual con reposabrazos de roble en azul o verde, Asiento individual con respaldo alto y reposabrazos de pizarra en azul o verde, Asiento individual con respaldo alto y reposabrazos acolchados de cuero en azul o verde, Asiento individual con respaldo alto y reposabrazos de roble en azul o verde, Dos asientos con respaldo alto y reposabrazos de pizarra en azul o verde, Dos asientos con respaldo alto y reposabrazos acolchados de cuero en azul o verde, Dos asientos con respaldo alto y reposabrazos de roble en azul o verde, Tres asientos con respaldo alto y reposabrazos de pizarra en azul o verde, Tres asientos con respaldo alto y reposabrazos acolchados de cuero en azul o verde, Tres asientos con respaldo alto y reposabrazos de roble en azul o verde, Tres asientos con respaldo alto y 6 pies m\u00e1s reposabrazos de pizarra en azul o verde, Tres asientos con respaldo alto y 6 pies m\u00e1s reposabrazos acolchados de cuero en azul o verde, Tres asientos con respaldo alto y 6 pies m\u00e1s apoyabrazos de roble en azul o verde, Cuatro asientos con respaldo alto y apoyabrazos de pizarra en azul o verde, Cuatro asientos con respaldo alto y apoyabrazos acolchados de cuero en azul o verde, Cuatro asientos con respaldo alto y apoyabrazos de roble en azul o verde<\/li>\n<li>\n<strong>Normas ambientales<\/strong>:Otro<\/li>\n<li>\n<strong>\u00bfEs personalizable?<\/strong>:No<\/li>\n<li>\n<strong>\u00bfEs giratorio?<\/strong>:No<\/li>\n<li>\n<strong><\/strong>:<\/li>\n<\/ul>\n<p><img><\/p>","protected":false},"excerpt":{"rendered":"<p>Origen: China continental, provincia: Guangdong, ordenar por color: Asiento individual con reposabrazos de pizarra blanca azul o verde, asiento individual con reposabrazos con almohadilla de cuero.<\/p>","protected":false},"featured_media":121148,"comment_status":"open","ping_status":"closed","template":"","meta":[],"product_brand":[],"product_cat":[30971,30853],"product_tag":[],"class_list":{"0":"post-61662","1":"product","2":"type-product","3":"status-publish","4":"has-post-thumbnail","6":"product_cat-hp","7":"product_cat-new-wholesale-public-projects","9":"first","10":"instock","11":"taxable","12":"shipping-taxable","13":"purchasable","14":"product-type-variable"},"_links":{"self":[{"href":"https:\/\/nexgendecors.com\/es\/wp-json\/wp\/v2\/product\/61662","targetHints":{"allow":["GET"]}}],"collection":[{"href":"https:\/\/nexgendecors.com\/es\/wp-json\/wp\/v2\/product"}],"about":[{"href":"https:\/\/nexgendecors.com\/es\/wp-json\/wp\/v2\/types\/product"}],"replies":[{"embeddable":true,"href":"https:\/\/nexgendecors.com\/es\/wp-json\/wp\/v2\/comments?post=61662"}],"version-history":[{"count":0,"href":"https:\/\/nexgendecors.com\/es\/wp-json\/wp\/v2\/product\/61662\/revisions"}],"wp:featuredmedia":[{"embeddable":true,"href":"https:\/\/nexgendecors.com\/es\/wp-json\/wp\/v2\/media\/121148"}],"wp:attachment":[{"href":"https:\/\/nexgendecors.com\/es\/wp-json\/wp\/v2\/media?parent=61662"}],"wp:term":[{"taxonomy":"product_brand","embeddable":true,"href":"https:\/\/nexgendecors.com\/es\/wp-json\/wp\/v2\/product_brand?post=61662"},{"taxonomy":"product_cat","embeddable":true,"href":"https:\/\/nexgendecors.com\/es\/wp-json\/wp\/v2\/product_cat?post=61662"},{"taxonomy":"product_tag","embeddable":true,"href":"https:\/\/nexgendecors.com\/es\/wp-json\/wp\/v2\/product_tag?post=61662"}],"curies":[{"name":"wp","href":"https:\/\/api.w.org\/{rel}","templated":true}]}}