{"id":61972,"date":"2025-01-26T02:58:24","date_gmt":"2025-01-26T02:58:24","guid":{"rendered":"https:\/\/nexgendecors.com\/product\/internet-celebrity-simple-nordic-modern-bedroom-bedside-light-luxury-creative-cafe-full-copper-restaurant-bar-glass-small-chandelier\/"},"modified":"2025-04-06T08:52:18","modified_gmt":"2025-04-06T08:52:18","slug":"internet-celebrity-simple-nordic-modern-bedroom-bedside-light-luxury-creative-cafe-full-copper-restaurant-bar-glass-small-chandelier","status":"publish","type":"product","link":"https:\/\/nexgendecors.com\/es\/product\/internet-celebrity-simple-nordic-modern-bedroom-bedside-light-luxury-creative-cafe-full-copper-restaurant-bar-glass-small-chandelier\/","title":{"rendered":"Nordic Copper Glass Chandelier &#8211; Modern Bedside Light"},"content":{"rendered":"<ul>\n<li>\n<strong>marca<\/strong>:Fox Intelligence<\/li>\n<li>\n<strong>modelo<\/strong>:XT5102<\/li>\n<li>\n<strong>estilo<\/strong>:Simple y moderno<\/li>\n<li>\n<strong>Origen<\/strong>:China continental<\/li>\n<li>\n<strong>Valor K de la temperatura de color de la fuente de luz<\/strong>:4000K<\/li>\n<li>\n<strong>ordenar por color<\/strong>:H6 full copper &#8211; single head cognac color, H6 full copper &#8211; single head smoke gray, H6 full copper &#8211; double heads cognac color, H6 full copper &#8211; double heads smoke gray, H6 full copper round plate &#8211; three heads cognac color, H6 full copper round plate &#8211; three heads smoke gray, H6 full copper long plate &#8211; three heads cognac color, H6 full copper long plate &#8211; three heads smoke gray, H6 full copper long plate &#8211; five heads cognac color, H6 full copper long plate &#8211; five heads smoke gray<\/li>\n<li>\n<strong>\u00bfLa l\u00e1mpara tiene una fuente de luz?<\/strong>:S\u00ed<\/li>\n<li>\n<strong>Servicio en la ciudad<\/strong>:Entrega a domicilio por vendedores locales<\/li>\n<li>\n<strong>Voltaje<\/strong>:111 V ~ 240 V (inclusive)<\/li>\n<li>\n<strong>Material principal del cuerpo de la l\u00e1mpara.<\/strong>:cobre<\/li>\n<li>\n<strong>Material principal de la pantalla de la l\u00e1mpara<\/strong>:Vaso<\/li>\n<li>\n<strong>tipo de fuente de luz<\/strong>:Luces LED<\/li>\n<li>\n<strong>N\u00famero de fuentes de luz<\/strong>:1<\/li>\n<li>\n<strong>Tecnolog\u00eda<\/strong>:enchapado<\/li>\n<li>\n<strong>\u00c1rea de irradiaci\u00f3n<\/strong>:3\u33a1-5\u33a1,5\u33a1-10\u33a1<\/li>\n<li>\n<strong>Tipo de control<\/strong>:otro<\/li>\n<li>\n<strong>Temperatura de color<\/strong>:Luz tricolor<\/li>\n<li>\n<strong>Material auxiliar para pantallas de l\u00e1mparas<\/strong>:Vaso<\/li>\n<li>\n<strong>Per\u00edodo de garant\u00eda<\/strong>:1 year<\/li>\n<li>\n<strong>Material auxiliar del cuerpo de la l\u00e1mpara<\/strong>:Vaso<\/li>\n<li>\n<strong>Tipo inteligente<\/strong>:Otra inteligencia<\/li>\n<li>\n<strong>Ya sea control inteligente<\/strong>:S\u00ed<\/li>\n<li>\n<strong>Forma de la l\u00e1mpara<\/strong>:L\u00e1mpara de ara\u00f1a de l\u00ednea de pescado<\/li>\n<li>\n<strong>N\u00famero de accesorios<\/strong>:1<\/li>\n<li>\n<strong>N\u00famero de cabezales de l\u00e1mpara<\/strong>:1<\/li>\n<li>\n<strong>Tipo de l\u00e1mpara de ara\u00f1a<\/strong>:L\u00e1mpara de ara\u00f1a de cobre\/cobre<\/li>\n<li>\n<strong>N\u00famero de certificado 3C<\/strong>:2020011001328184<\/li>\n<li>\n<strong><\/strong>:<\/li>\n<\/ul>\n<p><img><\/p>","protected":false},"excerpt":{"rendered":"<p>brand:Fox Intelligence model:XT5102 style:Simple and modern Origin:Chinese mainland Light source color temperature K value:4000K sort by color:H6 full copper &#8211;<\/p>","protected":false},"featured_media":121412,"comment_status":"open","ping_status":"closed","template":"","meta":[],"product_brand":[],"product_cat":[30971,30864],"product_tag":[],"class_list":{"0":"post-61972","1":"product","2":"type-product","3":"status-publish","4":"has-post-thumbnail","6":"product_cat-hp","7":"product_cat-new-wholesales-lights","9":"first","10":"instock","11":"taxable","12":"shipping-taxable","13":"purchasable","14":"product-type-variable"},"_links":{"self":[{"href":"https:\/\/nexgendecors.com\/es\/wp-json\/wp\/v2\/product\/61972","targetHints":{"allow":["GET"]}}],"collection":[{"href":"https:\/\/nexgendecors.com\/es\/wp-json\/wp\/v2\/product"}],"about":[{"href":"https:\/\/nexgendecors.com\/es\/wp-json\/wp\/v2\/types\/product"}],"replies":[{"embeddable":true,"href":"https:\/\/nexgendecors.com\/es\/wp-json\/wp\/v2\/comments?post=61972"}],"version-history":[{"count":0,"href":"https:\/\/nexgendecors.com\/es\/wp-json\/wp\/v2\/product\/61972\/revisions"}],"wp:featuredmedia":[{"embeddable":true,"href":"https:\/\/nexgendecors.com\/es\/wp-json\/wp\/v2\/media\/121412"}],"wp:attachment":[{"href":"https:\/\/nexgendecors.com\/es\/wp-json\/wp\/v2\/media?parent=61972"}],"wp:term":[{"taxonomy":"product_brand","embeddable":true,"href":"https:\/\/nexgendecors.com\/es\/wp-json\/wp\/v2\/product_brand?post=61972"},{"taxonomy":"product_cat","embeddable":true,"href":"https:\/\/nexgendecors.com\/es\/wp-json\/wp\/v2\/product_cat?post=61972"},{"taxonomy":"product_tag","embeddable":true,"href":"https:\/\/nexgendecors.com\/es\/wp-json\/wp\/v2\/product_tag?post=61972"}],"curies":[{"name":"wp","href":"https:\/\/api.w.org\/{rel}","templated":true}]}}