{"id":62355,"date":"2025-01-26T02:59:06","date_gmt":"2025-01-26T02:59:06","guid":{"rendered":"https:\/\/nexgendecors.com\/product\/italian-design-terminal-1-chair-massad-recliner-creative-model-room-hotel-leisure-sofa-bookshelf-chair\/"},"modified":"2025-04-06T08:53:01","modified_gmt":"2025-04-06T08:53:01","slug":"sillon-reclinable-massad-de-diseno-italiano-modelo-creativo-para-habitacion-de-hotel-sofa-de-ocio-sillon-de-estanteria","status":"publish","type":"product","link":"https:\/\/nexgendecors.com\/es\/product\/sillon-reclinable-massad-de-diseno-italiano-modelo-creativo-para-habitacion-de-hotel-sofa-de-ocio-sillon-de-estanteria\/","title":{"rendered":"Sill\u00f3n reclinable Massad Terminal 1: un elegante sill\u00f3n de hotel para el ocio"},"content":{"rendered":"<ul>\n<li>\n<strong>marca<\/strong>Residencia Sea Saint<\/li>\n<li>\n<strong>modelo<\/strong>:XXY<\/li>\n<li>\n<strong>elementos populares<\/strong>:Dise\u00f1o maestro<\/li>\n<li>\n<strong>\u00bfEs personalizable?<\/strong>:S\u00ed<\/li>\n<li>\n<strong>Material<\/strong>:Fibra de vidrio<\/li>\n<li>\n<strong>Detalles de las instrucciones de instalaci\u00f3n<\/strong>:No hay instrucciones de instalaci\u00f3n<\/li>\n<li>\n<strong>ciudad<\/strong>:Huizhou<\/li>\n<li>\n<strong>Distritos y condados<\/strong>:Distrito de Huiyang<\/li>\n<li>\n<strong>Posicionamiento de estilo<\/strong>:Estilo art\u00edstico<\/li>\n<li>\n<strong>ordenar por color<\/strong>:Tama\u00f1o peque\u00f1o 160*75*68CM, tama\u00f1o mediano 184*78*69, tama\u00f1o grande 203*85*78CM, blanco peque\u00f1o, blanco mediano, blanco grande, tama\u00f1o extra grande 209*85*70, otros colores comun\u00edquese con el servicio al cliente, tela especificada por el cliente<\/li>\n<li>\n<strong><\/strong>:<\/li>\n<\/ul>\n<p><img><\/p>","protected":false},"excerpt":{"rendered":"<p>Marca: Sea Saint Residence Modelo: XXY Elementos populares: Dise\u00f1o maestro \u00bfEs personalizable?: S\u00ed Material: Fibra de vidrio Detalles de las instrucciones de instalaci\u00f3n: No hay instrucciones de instalaci\u00f3n Ciudad: Huizhou Distritos y condados: Huiyang<\/p>","protected":false},"featured_media":121773,"comment_status":"open","ping_status":"closed","template":"","meta":[],"product_brand":[],"product_cat":[30902,30855,30862,30971,30850],"product_tag":[],"class_list":{"0":"post-62355","1":"product","2":"type-product","3":"status-publish","4":"has-post-thumbnail","6":"product_cat-bs-chairs","7":"product_cat-wholesale-chairs","8":"product_cat-wholesales-hotels","9":"product_cat-hp","10":"product_cat-wholesale-furniture","12":"first","13":"instock","14":"sale","15":"taxable","16":"shipping-taxable","17":"purchasable","18":"product-type-variable"},"_links":{"self":[{"href":"https:\/\/nexgendecors.com\/es\/wp-json\/wp\/v2\/product\/62355","targetHints":{"allow":["GET"]}}],"collection":[{"href":"https:\/\/nexgendecors.com\/es\/wp-json\/wp\/v2\/product"}],"about":[{"href":"https:\/\/nexgendecors.com\/es\/wp-json\/wp\/v2\/types\/product"}],"replies":[{"embeddable":true,"href":"https:\/\/nexgendecors.com\/es\/wp-json\/wp\/v2\/comments?post=62355"}],"version-history":[{"count":0,"href":"https:\/\/nexgendecors.com\/es\/wp-json\/wp\/v2\/product\/62355\/revisions"}],"wp:featuredmedia":[{"embeddable":true,"href":"https:\/\/nexgendecors.com\/es\/wp-json\/wp\/v2\/media\/121773"}],"wp:attachment":[{"href":"https:\/\/nexgendecors.com\/es\/wp-json\/wp\/v2\/media?parent=62355"}],"wp:term":[{"taxonomy":"product_brand","embeddable":true,"href":"https:\/\/nexgendecors.com\/es\/wp-json\/wp\/v2\/product_brand?post=62355"},{"taxonomy":"product_cat","embeddable":true,"href":"https:\/\/nexgendecors.com\/es\/wp-json\/wp\/v2\/product_cat?post=62355"},{"taxonomy":"product_tag","embeddable":true,"href":"https:\/\/nexgendecors.com\/es\/wp-json\/wp\/v2\/product_tag?post=62355"}],"curies":[{"name":"wp","href":"https:\/\/api.w.org\/{rel}","templated":true}]}}