{"id":62367,"date":"2025-01-26T02:59:08","date_gmt":"2025-01-26T02:59:08","guid":{"rendered":"https:\/\/nexgendecors.com\/product\/italian-designer-furniture-lama-chair-fiberglass-modern-model-room-leisure-lama-recliner-bookshelf-chair\/"},"modified":"2025-04-06T08:53:06","modified_gmt":"2025-04-06T08:53:06","slug":"italian-designer-furniture-lama-chair-fiberglass-modern-model-room-leisure-lama-recliner-bookshelf-chair","status":"publish","type":"product","link":"https:\/\/nexgendecors.com\/es\/product\/italian-designer-furniture-lama-chair-fiberglass-modern-model-room-leisure-lama-recliner-bookshelf-chair\/","title":{"rendered":"Sill\u00f3n reclinable de fibra de vidrio Lama: dise\u00f1o moderno para el tiempo libre"},"content":{"rendered":"<ul>\n<li>\n<strong>marca<\/strong>Residencia Sea Saint<\/li>\n<li>\n<strong>modelo<\/strong>:2362<\/li>\n<li>\n<strong>Material<\/strong>:Fibra de vidrio<\/li>\n<li>\n<strong>elementos populares<\/strong>:Dise\u00f1o maestro<\/li>\n<li>\n<strong>ordenar por color<\/strong>:Black, brown, reddish brown, size 173*86*100cm, please note the direction when placing an order, please contact customer service for color customization<\/li>\n<li>\n<strong>\u00bfEs personalizable?<\/strong>:S\u00ed<\/li>\n<li>\n<strong>ciudad<\/strong>:Huizhou<\/li>\n<li>\n<strong>Distritos y condados<\/strong>:Distrito de Huiyang<\/li>\n<li>\n<strong>Posicionamiento de estilo<\/strong>:Estilo art\u00edstico<\/li>\n<li>\n<strong>Detalles de las instrucciones de instalaci\u00f3n<\/strong>:No hay instrucciones de instalaci\u00f3n<\/li>\n<li>\n<strong><\/strong>:<\/li>\n<\/ul>","protected":false},"excerpt":{"rendered":"<p>Marca: Sea Saint Residence Modelo: 2362 Material: Fibra de vidrio Elementos populares: Dise\u00f1o maestro Ordenar por color: Negro, marr\u00f3n, marr\u00f3n rojizo, Tama\u00f1o 173 * 86 * 100 cm, tenga en cuenta la direcci\u00f3n<\/p>","protected":false},"featured_media":121781,"comment_status":"open","ping_status":"closed","template":"","meta":[],"product_brand":[],"product_cat":[30902,30855,30862,30971,30850],"product_tag":[],"class_list":{"0":"post-62367","1":"product","2":"type-product","3":"status-publish","4":"has-post-thumbnail","6":"product_cat-bs-chairs","7":"product_cat-wholesale-chairs","8":"product_cat-wholesales-hotels","9":"product_cat-hp","10":"product_cat-wholesale-furniture","12":"first","13":"instock","14":"sale","15":"taxable","16":"shipping-taxable","17":"purchasable","18":"product-type-variable"},"_links":{"self":[{"href":"https:\/\/nexgendecors.com\/es\/wp-json\/wp\/v2\/product\/62367","targetHints":{"allow":["GET"]}}],"collection":[{"href":"https:\/\/nexgendecors.com\/es\/wp-json\/wp\/v2\/product"}],"about":[{"href":"https:\/\/nexgendecors.com\/es\/wp-json\/wp\/v2\/types\/product"}],"replies":[{"embeddable":true,"href":"https:\/\/nexgendecors.com\/es\/wp-json\/wp\/v2\/comments?post=62367"}],"version-history":[{"count":0,"href":"https:\/\/nexgendecors.com\/es\/wp-json\/wp\/v2\/product\/62367\/revisions"}],"wp:featuredmedia":[{"embeddable":true,"href":"https:\/\/nexgendecors.com\/es\/wp-json\/wp\/v2\/media\/121781"}],"wp:attachment":[{"href":"https:\/\/nexgendecors.com\/es\/wp-json\/wp\/v2\/media?parent=62367"}],"wp:term":[{"taxonomy":"product_brand","embeddable":true,"href":"https:\/\/nexgendecors.com\/es\/wp-json\/wp\/v2\/product_brand?post=62367"},{"taxonomy":"product_cat","embeddable":true,"href":"https:\/\/nexgendecors.com\/es\/wp-json\/wp\/v2\/product_cat?post=62367"},{"taxonomy":"product_tag","embeddable":true,"href":"https:\/\/nexgendecors.com\/es\/wp-json\/wp\/v2\/product_tag?post=62367"}],"curies":[{"name":"wp","href":"https:\/\/api.w.org\/{rel}","templated":true}]}}