{"id":62429,"date":"2025-01-26T02:59:15","date_gmt":"2025-01-26T02:59:15","guid":{"rendered":"https:\/\/nexgendecors.com\/product\/italian-light-luxury-bentley-leather-sofa-villa-large-flat-modern-simple-living-room-combination-armani-high-end-furniture-1\/"},"modified":"2025-04-06T08:53:20","modified_gmt":"2025-04-06T08:53:20","slug":"italian-light-luxury-bentley-leather-sofa-villa-large-flat-modern-simple-living-room-combination-armani-high-end-furniture-1","status":"publish","type":"product","link":"https:\/\/nexgendecors.com\/es\/product\/italian-light-luxury-bentley-leather-sofa-villa-large-flat-modern-simple-living-room-combination-armani-high-end-furniture-1\/","title":{"rendered":"Sof\u00e1 de cuero de lujo Armani para salas de estar modernas"},"content":{"rendered":"<ul>\n<li>\n<strong>marca<\/strong>:#0 F\u00e1brica<\/li>\n<li>\n<strong>modelo<\/strong>:GC-11<\/li>\n<li>\n<strong>Material<\/strong>:Haya<\/li>\n<li>\n<strong>estilo<\/strong>:Lujo ligero italiano<\/li>\n<li>\n<strong>ordenar por color<\/strong>:Single sofa (first layer cowhide imported from Italy), double sofa (first layer cowhide imported from Italy), three-person sofa (first layer cowhide imported from Italy), four-person sofa (first layer cowhide imported from Italy), coffee table, TV cabinet, side table, leisure chair (first layer cowhide imported from Italy), dining sideboard, chest of drawers, bed 1800*2000 (first layer cowhide imported from Italy), dining table (one table and six chairs), single sofa + double sofa + three-person sofa (first layer cowhide imported from Italy), single sofa + double sofa + four-person sofa (first layer cowhide imported from Italy), three-person sofa + double sofa + three-person sofa + coffee table + TV cabinet deposit<\/li>\n<li>\n<strong>Relleno<\/strong>:Esponja de alta resiliencia<\/li>\n<li>\n<strong>\u00bfEs personalizable?<\/strong>:S\u00ed<\/li>\n<li>\n<strong>Combinaci\u00f3n de sof\u00e1s<\/strong>:Forma de U<\/li>\n<li>\n<strong>Adecuado<\/strong>:General<\/li>\n<li>\n<strong>Material de cuero<\/strong>:Capa superior de piel de vaca<\/li>\n<li>\n<strong>Armar<\/strong>:No<\/li>\n<li>\n<strong>Gama de acabados de cuero<\/strong>:Superficie de contacto<\/li>\n<\/ul>","protected":false},"excerpt":{"rendered":"<p>Marca: #0 Modelo de f\u00e1brica: GC-11 Material: Haya Estilo: Lujo ligero italiano Ordenar por color: Sof\u00e1 individual (primera capa de piel de vaca importada de Italia), sof\u00e1 doble (primera capa de piel de vaca importada de Italia)<\/p>","protected":false},"featured_media":121824,"comment_status":"open","ping_status":"closed","template":"","meta":[],"product_brand":[],"product_cat":[30862,30971,30850],"product_tag":[],"class_list":{"0":"post-62429","1":"product","2":"type-product","3":"status-publish","4":"has-post-thumbnail","6":"product_cat-wholesales-hotels","7":"product_cat-hp","8":"product_cat-wholesale-furniture","10":"first","11":"instock","12":"taxable","13":"shipping-taxable","14":"purchasable","15":"product-type-variable"},"_links":{"self":[{"href":"https:\/\/nexgendecors.com\/es\/wp-json\/wp\/v2\/product\/62429","targetHints":{"allow":["GET"]}}],"collection":[{"href":"https:\/\/nexgendecors.com\/es\/wp-json\/wp\/v2\/product"}],"about":[{"href":"https:\/\/nexgendecors.com\/es\/wp-json\/wp\/v2\/types\/product"}],"replies":[{"embeddable":true,"href":"https:\/\/nexgendecors.com\/es\/wp-json\/wp\/v2\/comments?post=62429"}],"version-history":[{"count":0,"href":"https:\/\/nexgendecors.com\/es\/wp-json\/wp\/v2\/product\/62429\/revisions"}],"wp:featuredmedia":[{"embeddable":true,"href":"https:\/\/nexgendecors.com\/es\/wp-json\/wp\/v2\/media\/121824"}],"wp:attachment":[{"href":"https:\/\/nexgendecors.com\/es\/wp-json\/wp\/v2\/media?parent=62429"}],"wp:term":[{"taxonomy":"product_brand","embeddable":true,"href":"https:\/\/nexgendecors.com\/es\/wp-json\/wp\/v2\/product_brand?post=62429"},{"taxonomy":"product_cat","embeddable":true,"href":"https:\/\/nexgendecors.com\/es\/wp-json\/wp\/v2\/product_cat?post=62429"},{"taxonomy":"product_tag","embeddable":true,"href":"https:\/\/nexgendecors.com\/es\/wp-json\/wp\/v2\/product_tag?post=62429"}],"curies":[{"name":"wp","href":"https:\/\/api.w.org\/{rel}","templated":true}]}}