{"id":62820,"date":"2025-01-26T03:00:04","date_gmt":"2025-01-26T03:00:04","guid":{"rendered":"https:\/\/nexgendecors.com\/product\/italian-minimalist-coffee-table-special-shaped-black-fiberglass-designer-creative-coffee-table-book-coffee-table-light-luxury-living-room-coffee-table\/"},"modified":"2025-04-06T08:54:45","modified_gmt":"2025-04-06T08:54:45","slug":"italian-minimalist-coffee-table-special-shaped-black-fiberglass-designer-creative-coffee-table-book-coffee-table-light-luxury-living-room-coffee-table","status":"publish","type":"product","link":"https:\/\/nexgendecors.com\/es\/product\/italian-minimalist-coffee-table-special-shaped-black-fiberglass-designer-creative-coffee-table-book-coffee-table-light-luxury-living-room-coffee-table\/","title":{"rendered":"Mesa de centro minimalista de fibra de vidrio negra de dise\u00f1o"},"content":{"rendered":"<ul>\n<li>\n<strong>marca<\/strong>:otro\/otro<\/li>\n<li>\n<strong>modelo<\/strong>:BNW-0098<\/li>\n<li>\n<strong>Material<\/strong>:Fibra de vidrio<\/li>\n<li>\n<strong>estilo<\/strong>:minimalismo italiano<\/li>\n<li>\n<strong>forma<\/strong>:Cuadrado<\/li>\n<li>\n<strong>Instalaci\u00f3n<\/strong>:Embalar<\/li>\n<li>\n<strong>ordenar por color<\/strong>:80*80*35cm tea table [black], 100*100*35cm tea table [black], 80*80*35cm tea table [cream white], 100*100*35cm tea table [cream white], 80*80*35cm tea table + side table [black], 100*100*35cm tea table + side table [black], 80*80*35cm tea table + side table [cream white], 100*100*35cm tea table + side table [cream white], 55cm side table [cream white], 55cm side table [black]<\/li>\n<li>\n<strong>Material de acabado<\/strong>:Fibra de vidrio<\/li>\n<li>\n<strong>\u00bfEs personalizable?<\/strong>:No<\/li>\n<li>\n<strong>N\u00famero de puertas<\/strong>:Sin puerta<\/li>\n<li>\n<strong>Armar<\/strong>:No<\/li>\n<li>\n<strong>Forma de esquina de mesa de caf\u00e9<\/strong>:Cuadrado<\/li>\n<li>\n<strong>Posicionamiento de estilo<\/strong>:Estilo art\u00edstico<\/li>\n<li>\n<strong>tama\u00f1o<\/strong>:0.8&#215;0.8&#215;0.35m<\/li>\n<\/ul>\n<p><img><\/p>","protected":false},"excerpt":{"rendered":"<p>Marca: otro\/otro Modelo: BNW-0098 Material: fibra de vidrio Estilo: minimalismo italiano Forma: cuadrada Instalaci\u00f3n: paquete Ordenar por color: mesa de t\u00e9 de 80 x 80 x 35 cm [negro], mesa de t\u00e9 de 100 x 100 x 35 cm [negro], mesa de t\u00e9 de 80 x 80 x 35 cm<\/p>","protected":false},"featured_media":122063,"comment_status":"open","ping_status":"closed","template":"","meta":[],"product_brand":[],"product_cat":[30971,30857],"product_tag":[],"class_list":{"0":"post-62820","1":"product","2":"type-product","3":"status-publish","4":"has-post-thumbnail","6":"product_cat-hp","7":"product_cat-wholesale-sofa-table","9":"first","10":"instock","11":"taxable","12":"shipping-taxable","13":"purchasable","14":"product-type-variable"},"_links":{"self":[{"href":"https:\/\/nexgendecors.com\/es\/wp-json\/wp\/v2\/product\/62820","targetHints":{"allow":["GET"]}}],"collection":[{"href":"https:\/\/nexgendecors.com\/es\/wp-json\/wp\/v2\/product"}],"about":[{"href":"https:\/\/nexgendecors.com\/es\/wp-json\/wp\/v2\/types\/product"}],"replies":[{"embeddable":true,"href":"https:\/\/nexgendecors.com\/es\/wp-json\/wp\/v2\/comments?post=62820"}],"version-history":[{"count":0,"href":"https:\/\/nexgendecors.com\/es\/wp-json\/wp\/v2\/product\/62820\/revisions"}],"wp:featuredmedia":[{"embeddable":true,"href":"https:\/\/nexgendecors.com\/es\/wp-json\/wp\/v2\/media\/122063"}],"wp:attachment":[{"href":"https:\/\/nexgendecors.com\/es\/wp-json\/wp\/v2\/media?parent=62820"}],"wp:term":[{"taxonomy":"product_brand","embeddable":true,"href":"https:\/\/nexgendecors.com\/es\/wp-json\/wp\/v2\/product_brand?post=62820"},{"taxonomy":"product_cat","embeddable":true,"href":"https:\/\/nexgendecors.com\/es\/wp-json\/wp\/v2\/product_cat?post=62820"},{"taxonomy":"product_tag","embeddable":true,"href":"https:\/\/nexgendecors.com\/es\/wp-json\/wp\/v2\/product_tag?post=62820"}],"curies":[{"name":"wp","href":"https:\/\/api.w.org\/{rel}","templated":true}]}}