{"id":63008,"date":"2025-01-26T03:00:40","date_gmt":"2025-01-26T03:00:40","guid":{"rendered":"https:\/\/nexgendecors.com\/product\/italian-minimalist-oval-flying-saucer-dining-table-luxury-stone-marble-slab-high-end-villa-light-luxury-home-dining-table-and-chair-set\/"},"modified":"2025-04-06T08:55:38","modified_gmt":"2025-04-06T08:55:38","slug":"mesa-de-comedor-italiana-minimalista-ovalada-con-platillo-volador-losa-de-marmol-de-piedra-de-lujo-juego-de-mesa-y-sillas-de-comedor-para-casa-de-lujo-de-alta-gama","status":"publish","type":"product","link":"https:\/\/nexgendecors.com\/es\/product\/mesa-de-comedor-italiana-minimalista-ovalada-con-platillo-volador-losa-de-marmol-de-piedra-de-lujo-juego-de-mesa-y-sillas-de-comedor-para-casa-de-lujo-de-alta-gama\/","title":{"rendered":"Juego de mesa de comedor italiana de m\u00e1rmol ovalado de lujo"},"content":{"rendered":"<ul>\n<li>\n<strong>estilo<\/strong>:minimalismo italiano<\/li>\n<li>\n<strong>Armar<\/strong>:S\u00ed<\/li>\n<li>\n<strong>Material de acabado<\/strong>:Tabla de roca<\/li>\n<li>\n<strong>Si tiene funci\u00f3n de cocina de inducci\u00f3n<\/strong>:No<\/li>\n<li>\n<strong>volumen del paquete<\/strong>:1.2<\/li>\n<li>\n<strong>forma<\/strong>:Oval<\/li>\n<li>\n<strong>N\u00famero de capas<\/strong>:1 historia<\/li>\n<li>\n<strong>Si traer una silla o un taburete<\/strong>:S\u00ed<\/li>\n<li>\n<strong>Estructura del mobiliario<\/strong>:Estructura de soporte<\/li>\n<li>\n<strong>\u00bfHay un gabinete?<\/strong>:No<\/li>\n<li>\n<strong>Posicionamiento de estilo<\/strong>:Lujo de calidad<\/li>\n<li>\n<strong>ordenar por color<\/strong>:Mesa de comedor con platillo volador de placa de roca de 1,6 m (tr\u00edpode de acero al carbono), mesa de comedor con platillo volador de placa de roca de 1,8 m (tr\u00edpode de acero al carbono), mesa de comedor con platillo volador de placa de roca de 2,0 m (tr\u00edpode de acero al carbono), mesa de comedor con platillo volador de placa de roca de 2,2 m (tr\u00edpode de acero al carbono), mesa de comedor con platillo volador de placa de roca de 2,4 m (tr\u00edpode de acero al carbono), servicio de atenci\u00f3n al cliente de consulta sobre piedra\/m\u00e1rmol de lujo<\/li>\n<li>\n<strong>marca<\/strong>:otro\/otro<\/li>\n<li>\n<strong>modelo<\/strong>:cz8433<\/li>\n<li>\n<strong>Ya sea con rodillo<\/strong>:No<\/li>\n<li>\n<strong>\u00bfEl escritorio es ajustable?<\/strong>:No<\/li>\n<li>\n<strong>\u00bfEs escalable?<\/strong>:No escalable<\/li>\n<li>\n<strong>Si llevar bomba<\/strong>:No<\/li>\n<li>\n<strong>Si llevar un tocadiscos<\/strong>:No<\/li>\n<li>\n<strong>\u00bfEs personalizable?<\/strong>:S\u00ed<\/li>\n<li>\n<strong>Funci\u00f3n<\/strong>:Estirar<\/li>\n<li>\n<strong>N\u00famero de personas aplicable<\/strong>:8 personas<\/li>\n<li>\n<strong>\u00bfHay taxi disponible para transporte?<\/strong>:No<\/li>\n<\/ul>\n<p><img><\/p>","protected":false},"excerpt":{"rendered":"<p>style:Italian minimalism Assemble:yes Finishing material:Rock board Whether it has induction cooker function:no package volume:1.2 shape:Oval Number of layers:1 story Whether<\/p>","protected":false},"featured_media":122180,"comment_status":"open","ping_status":"closed","template":"","meta":[],"product_brand":[],"product_cat":[30852,30862,30971,30860,30861],"product_tag":[],"class_list":{"0":"post-63008","1":"product","2":"type-product","3":"status-publish","4":"has-post-thumbnail","6":"product_cat-dining-set","7":"product_cat-wholesales-hotels","8":"product_cat-hp","9":"product_cat-wholesale-restaurant","10":"product_cat-wholesale-tables","12":"first","13":"instock","14":"taxable","15":"shipping-taxable","16":"purchasable","17":"product-type-variable"},"_links":{"self":[{"href":"https:\/\/nexgendecors.com\/es\/wp-json\/wp\/v2\/product\/63008","targetHints":{"allow":["GET"]}}],"collection":[{"href":"https:\/\/nexgendecors.com\/es\/wp-json\/wp\/v2\/product"}],"about":[{"href":"https:\/\/nexgendecors.com\/es\/wp-json\/wp\/v2\/types\/product"}],"replies":[{"embeddable":true,"href":"https:\/\/nexgendecors.com\/es\/wp-json\/wp\/v2\/comments?post=63008"}],"version-history":[{"count":0,"href":"https:\/\/nexgendecors.com\/es\/wp-json\/wp\/v2\/product\/63008\/revisions"}],"wp:featuredmedia":[{"embeddable":true,"href":"https:\/\/nexgendecors.com\/es\/wp-json\/wp\/v2\/media\/122180"}],"wp:attachment":[{"href":"https:\/\/nexgendecors.com\/es\/wp-json\/wp\/v2\/media?parent=63008"}],"wp:term":[{"taxonomy":"product_brand","embeddable":true,"href":"https:\/\/nexgendecors.com\/es\/wp-json\/wp\/v2\/product_brand?post=63008"},{"taxonomy":"product_cat","embeddable":true,"href":"https:\/\/nexgendecors.com\/es\/wp-json\/wp\/v2\/product_cat?post=63008"},{"taxonomy":"product_tag","embeddable":true,"href":"https:\/\/nexgendecors.com\/es\/wp-json\/wp\/v2\/product_tag?post=63008"}],"curies":[{"name":"wp","href":"https:\/\/api.w.org\/{rel}","templated":true}]}}