{"id":63101,"date":"2025-01-26T03:00:52","date_gmt":"2025-01-26T03:00:52","guid":{"rendered":"https:\/\/nexgendecors.com\/product\/italian-minimalist-tofu-block-electric-leather-sofa-home-theater-movie-theater-audio-visual-room-viewing-sofa-three-seater\/"},"modified":"2025-04-06T08:55:42","modified_gmt":"2025-04-06T08:55:42","slug":"sofa-electrico-de-cuero-con-diseno-minimalista-italiano-de-bloques-de-tofu-cine-en-casa-sala-audiovisual-sofa-de-tres-plazas","status":"publish","type":"product","link":"https:\/\/nexgendecors.com\/es\/product\/sofa-electrico-de-cuero-con-diseno-minimalista-italiano-de-bloques-de-tofu-cine-en-casa-sala-audiovisual-sofa-de-tres-plazas\/","title":{"rendered":"Sof\u00e1 minimalista italiano de cuero con bloques de tofu de 3 plazas"},"content":{"rendered":"<ul>\n<li>\n<strong>\u00bfHay espacio de almacenamiento?<\/strong>:S\u00ed<\/li>\n<li>\n<strong>estilo<\/strong>:minimalismo italiano<\/li>\n<li>\n<strong>Armar<\/strong>:S\u00ed<\/li>\n<li>\n<strong>Caracter\u00edsticas adicionales<\/strong>:Estirar<\/li>\n<li>\n<strong>volumen del paquete<\/strong>:3.2<\/li>\n<li>\n<strong>Relleno<\/strong>:esponja<\/li>\n<li>\n<strong>Combinaci\u00f3n de sof\u00e1s<\/strong>:otro<\/li>\n<li>\n<strong>Posicionamiento de estilo<\/strong>:Lujo de calidad<\/li>\n<li>\n<strong>Gama de acabados de cuero<\/strong>:Superficie de contacto<\/li>\n<li>\n<strong>ordenar por color<\/strong>:Cuero de toro importado\/monoplaza\/el\u00e9ctrico sencillo, cuero de toro importado\/mesa mediana 2+1\/monoplaza el\u00e9ctrico, cuero de toro importado\/mesa mediana 2+1\/monoplaza el\u00e9ctrico, cuero de toro importado\/mesa mediana 3+2\/monoplaza el\u00e9ctrico, cuero de toro importado\/mesa mediana 4+3\/monoplaza el\u00e9ctrico, cuero de toro importado\/mesa mediana 4+1\/monoplaza el\u00e9ctrico, cuero de toro importado\/monoplaza\/el\u00e9ctrico doble, cuero de toro importado\/mesa mediana 2+1\/doble el\u00e9ctrico, cuero de toro importado\/mesa mediana 3+2\/doble el\u00e9ctrico, cuero de toro importado\/mesa mediana 4+3\/doble el\u00e9ctrico, cuero de toro importado\/mesa mediana 4+1\/doble el\u00e9ctrico, cuero de toro de grosor medio\/monoplaza\/el\u00e9ctrico simple, cuero de toro de grosor medio\/mesa mediana 2+1\/monoplaza el\u00e9ctrico, cuero de toro de grosor medio\/mesa mediana 2+1\/monoplaza el\u00e9ctrico, cuero de toro de grosor medio\/mesa mediana 2+ 1\/monoplaza el\u00e9ctrico, cuero de toro de grosor medio\/mesa mediana 3+2\/monoplaza el\u00e9ctrico, toro de grosor medio cuero\/3+2 mesa mediana\/el\u00e9ctrica individual, toro de grosor medio cuero\/4+3 mesa mediana\/el\u00e9ctrica individual, toro de grosor medio cuero\/4+1 mesa mediana\/el\u00e9ctrica individual, toro de grosor medio cuero\/asiento individual\/el\u00e9ctrico doble, toro de grosor medio cuero\/2+1 mesa mediana\/el\u00e9ctrico doble, toro de grosor medio cuero\/3+2 mesa mediana\/el\u00e9ctrico doble\/, toro de grosor medio cuero\/4+3 mesa mediana\/el\u00e9ctrico doble, toro de grosor medio cuero\/4+1 mesa mediana\/el\u00e9ctrico doble<\/li>\n<li>\n<strong>marca<\/strong>:Zhou Daheng<\/li>\n<li>\n<strong>modelo<\/strong>:Z801#<\/li>\n<li>\n<strong>Material de cuero<\/strong>:Capa superior de piel de vaca<\/li>\n<li>\n<strong>elementos populares<\/strong>:Empalme<\/li>\n<li>\n<strong>Dureza del relleno<\/strong>:suave<\/li>\n<li>\n<strong>Adecuado<\/strong>:Adultos<\/li>\n<li>\n<strong>Tecnolog\u00eda estructural<\/strong>:Artesan\u00eda en madera<\/li>\n<li>\n<strong>Tecnolog\u00eda de estructura de madera<\/strong>:torno<\/li>\n<li>\n<strong>\u00bfEs personalizable?<\/strong>:S\u00ed<\/li>\n<li>\n<strong>Material<\/strong>:Madera<\/li>\n<li>\n<strong>Material de madera<\/strong>:Eucalipto<\/li>\n<li>\n<strong>Detalles de las instrucciones de instalaci\u00f3n<\/strong>:Proporcione instrucciones de instalaci\u00f3n y video de instalaci\u00f3n.<\/li>\n<li>\n<strong>N\u00famero de personas aplicable<\/strong>:otro<\/li>\n<li>\n<strong>patr\u00f3n<\/strong>:Arte<\/li>\n<li>\n<strong>\u00bfHay taxi disponible para transporte?<\/strong>:No<\/li>\n<li>\n<strong>Entrega\/instalaci\u00f3n disponible<\/strong>: Foshan, Zhengzhou, Guiyang, Guangzhou, Fuzhou, Harbin, Xiamen, Chongqing, Changzhou, Suzhou, Xi&#039;an, Shenzhen, Nanjing, Changsha, Beijing, Qingdao, Wuxi, Chengdu, Shanghai, Wuhan, Nanning, Shenyang, Dalian, Taizhou, Dongguan, Tianjin, Jinhua, Hangzhou, Nanchang, Ningbo, Wenzhou<\/li>\n<li>\n<strong>Proceso de acabado del cuero<\/strong>:grieta<\/li>\n<\/ul>\n<p><img><\/p>","protected":false},"excerpt":{"rendered":"<p>\u00bfHay espacio de almacenamiento?: s\u00ed Estilo: minimalismo italiano Ensamblaje: s\u00ed Caracter\u00edsticas adicionales: estiramiento Volumen del paquete: 3.2 Relleno: esponja Combinaci\u00f3n de sof\u00e1s: otro Posicionamiento de estilo: cuero de lujo de calidad Gama de acabados: contacto<\/p>","protected":false},"featured_media":122231,"comment_status":"open","ping_status":"closed","template":"","meta":[],"product_brand":[],"product_cat":[30863,30971],"product_tag":[],"class_list":{"0":"post-63101","1":"product","2":"type-product","3":"status-publish","4":"has-post-thumbnail","6":"product_cat-wholesales-cinema-theater","7":"product_cat-hp","9":"first","10":"instock","11":"sale","12":"taxable","13":"shipping-taxable","14":"purchasable","15":"product-type-variable"},"_links":{"self":[{"href":"https:\/\/nexgendecors.com\/es\/wp-json\/wp\/v2\/product\/63101","targetHints":{"allow":["GET"]}}],"collection":[{"href":"https:\/\/nexgendecors.com\/es\/wp-json\/wp\/v2\/product"}],"about":[{"href":"https:\/\/nexgendecors.com\/es\/wp-json\/wp\/v2\/types\/product"}],"replies":[{"embeddable":true,"href":"https:\/\/nexgendecors.com\/es\/wp-json\/wp\/v2\/comments?post=63101"}],"version-history":[{"count":0,"href":"https:\/\/nexgendecors.com\/es\/wp-json\/wp\/v2\/product\/63101\/revisions"}],"wp:featuredmedia":[{"embeddable":true,"href":"https:\/\/nexgendecors.com\/es\/wp-json\/wp\/v2\/media\/122231"}],"wp:attachment":[{"href":"https:\/\/nexgendecors.com\/es\/wp-json\/wp\/v2\/media?parent=63101"}],"wp:term":[{"taxonomy":"product_brand","embeddable":true,"href":"https:\/\/nexgendecors.com\/es\/wp-json\/wp\/v2\/product_brand?post=63101"},{"taxonomy":"product_cat","embeddable":true,"href":"https:\/\/nexgendecors.com\/es\/wp-json\/wp\/v2\/product_cat?post=63101"},{"taxonomy":"product_tag","embeddable":true,"href":"https:\/\/nexgendecors.com\/es\/wp-json\/wp\/v2\/product_tag?post=63101"}],"curies":[{"name":"wp","href":"https:\/\/api.w.org\/{rel}","templated":true}]}}