{"id":63124,"date":"2025-01-26T03:00:55","date_gmt":"2025-01-26T03:00:55","guid":{"rendered":"https:\/\/nexgendecors.com\/product\/italian-minimalist-transparent-acrylic-leisure-single-chair-designer-creative-tempered-glass-special-shaped-net-celebrity-recliner\/"},"modified":"2025-04-06T08:55:47","modified_gmt":"2025-04-06T08:55:47","slug":"italian-minimalist-transparent-acrylic-leisure-single-chair-designer-creative-tempered-glass-special-shaped-net-celebrity-recliner","status":"publish","type":"product","link":"https:\/\/nexgendecors.com\/es\/product\/italian-minimalist-transparent-acrylic-leisure-single-chair-designer-creative-tempered-glass-special-shaped-net-celebrity-recliner\/","title":{"rendered":"Sill\u00f3n italiano minimalista de acr\u00edlico para ocio: elegante sill\u00f3n reclinable"},"content":{"rendered":"<ul>\n<li>\n<strong>marca<\/strong>:Fang Yuzheng<\/li>\n<li>\n<strong>modelo<\/strong>:169<\/li>\n<li>\n<strong>Material<\/strong>:Vaso<\/li>\n<li>\n<strong>elementos populares<\/strong>:Dise\u00f1o maestro, forma especial<\/li>\n<li>\n<strong>ordenar por color<\/strong>:Acrylic + orange leather, acrylic + black leather, acrylic + brown leather, acrylic + green leather, acrylic + brown leather, tempered glass + orange leather, tempered glass + black leather, tempered glass + brown leather, tempered glass + green leather, tempered glass + brown leather, color leather customization contact customer service<\/li>\n<li>\n<strong>\u00bfEs personalizable?<\/strong>:S\u00ed<\/li>\n<li>\n<strong>Entrega\/instalaci\u00f3n disponible<\/strong>:Shanghai, Otros, Beijing, Nanjing, Nanchang, Harbin, Dalian, Tianjin, Ningbo, Guangzhou, Chengdu, Hangzhou, Wuhan, Shenyang, Shenzhen, Wenzhou, Suzhou, Xi&#039;an, Guiyang, Zhengzhou, Chongqing, Jinhua, Changsha, Dongguan, Fuzhou, Qingdao, Wuxi, Taizhou, Changzhou, Foshan, Xiamen, Nanning<\/li>\n<li>\n<strong>ciudad<\/strong>:Huizhou<\/li>\n<li>\n<strong>Distritos y condados<\/strong>:Distrito de Huiyang<\/li>\n<li>\n<strong>\u00bfHay taxi disponible para transporte?<\/strong>:No<\/li>\n<li>\n<strong>Posicionamiento de estilo<\/strong>:Estilo art\u00edstico<\/li>\n<li>\n<strong>Detalles de las instrucciones de instalaci\u00f3n<\/strong>:No hay instrucciones de instalaci\u00f3n<\/li>\n<li>\n<strong><\/strong>:<\/li>\n<\/ul>","protected":false},"excerpt":{"rendered":"<p>Marca: Fang Yuzheng Modelo: 169 Material: Vidrio Elementos populares: Dise\u00f1o maestro, Forma especial Ordenar por color: Acr\u00edlico + cuero naranja, acr\u00edlico + cuero negro, acr\u00edlico<\/p>","protected":false},"featured_media":122255,"comment_status":"open","ping_status":"closed","template":"","meta":[],"product_brand":[],"product_cat":[30971,30850],"product_tag":[15654],"class_list":{"0":"post-63124","1":"product","2":"type-product","3":"status-publish","4":"has-post-thumbnail","6":"product_cat-hp","7":"product_cat-wholesale-furniture","8":"product_tag-taobao","10":"first","11":"instock","12":"sale","13":"taxable","14":"shipping-taxable","15":"purchasable","16":"product-type-variable"},"_links":{"self":[{"href":"https:\/\/nexgendecors.com\/es\/wp-json\/wp\/v2\/product\/63124","targetHints":{"allow":["GET"]}}],"collection":[{"href":"https:\/\/nexgendecors.com\/es\/wp-json\/wp\/v2\/product"}],"about":[{"href":"https:\/\/nexgendecors.com\/es\/wp-json\/wp\/v2\/types\/product"}],"replies":[{"embeddable":true,"href":"https:\/\/nexgendecors.com\/es\/wp-json\/wp\/v2\/comments?post=63124"}],"version-history":[{"count":0,"href":"https:\/\/nexgendecors.com\/es\/wp-json\/wp\/v2\/product\/63124\/revisions"}],"wp:featuredmedia":[{"embeddable":true,"href":"https:\/\/nexgendecors.com\/es\/wp-json\/wp\/v2\/media\/122255"}],"wp:attachment":[{"href":"https:\/\/nexgendecors.com\/es\/wp-json\/wp\/v2\/media?parent=63124"}],"wp:term":[{"taxonomy":"product_brand","embeddable":true,"href":"https:\/\/nexgendecors.com\/es\/wp-json\/wp\/v2\/product_brand?post=63124"},{"taxonomy":"product_cat","embeddable":true,"href":"https:\/\/nexgendecors.com\/es\/wp-json\/wp\/v2\/product_cat?post=63124"},{"taxonomy":"product_tag","embeddable":true,"href":"https:\/\/nexgendecors.com\/es\/wp-json\/wp\/v2\/product_tag?post=63124"}],"curies":[{"name":"wp","href":"https:\/\/api.w.org\/{rel}","templated":true}]}}