{"id":63171,"date":"2025-01-26T03:01:02","date_gmt":"2025-01-26T03:01:02","guid":{"rendered":"https:\/\/nexgendecors.com\/product\/italian-simple-modern-home-cream-round-japanese-light-luxury-coffee-table-living-room-2023-new-style-ins-net-red-table\/"},"modified":"2025-04-06T08:55:51","modified_gmt":"2025-04-06T08:55:51","slug":"italian-simple-modern-home-cream-round-japanese-light-luxury-coffee-table-living-room-2023-new-style-ins-net-red-table","status":"publish","type":"product","link":"https:\/\/nexgendecors.com\/es\/product\/italian-simple-modern-home-cream-round-japanese-light-luxury-coffee-table-living-room-2023-new-style-ins-net-red-table\/","title":{"rendered":"Mesa de centro japonesa redonda de lujo color crema - Estilo moderno"},"content":{"rendered":"<ul>\n<li>\n<strong>\u00bfHay espacio de almacenamiento?<\/strong>:No<\/li>\n<li>\n<strong>estilo<\/strong>:Moderno y sencillo<\/li>\n<li>\n<strong>Armar<\/strong>:No<\/li>\n<li>\n<strong>Material de acabado<\/strong>:Fibra de vidrio<\/li>\n<li>\n<strong>volumen del paquete<\/strong>:2<\/li>\n<li>\n<strong>forma<\/strong>:Redondo<\/li>\n<li>\n<strong>Posicionamiento de estilo<\/strong>:Lujo de calidad<\/li>\n<li>\n<strong>ordenar por color<\/strong>:100cm tea table (pure white), 100cm tea table (off-white), 100cm tea table (camel), side table (pure white) does not include gold balls, side table (off-white) does not include gold balls, side table (camel) does not include gold balls, tea table + side table (pure white) does not include gold balls, tea table + side table (off-white) does not include gold balls, tea table + side table (camel) does not include gold balls<\/li>\n<li>\n<strong>tama\u00f1o<\/strong>:1x1x0.31m<\/li>\n<li>\n<strong>marca<\/strong>:#0 F\u00e1brica<\/li>\n<li>\n<strong>modelo<\/strong>:BNW-0002<\/li>\n<li>\n<strong>elementos populares<\/strong>:Master design, mirror, metal<\/li>\n<li>\n<strong>Ya sea con rodillo<\/strong>:No<\/li>\n<li>\n<strong>Peso bruto<\/strong>:50 kilos<\/li>\n<li>\n<strong>Forma de esquina de mesa de caf\u00e9<\/strong>:Redondo<\/li>\n<li>\n<strong>Tecnolog\u00eda estructural<\/strong>:Proceso pl\u00e1stico<\/li>\n<li>\n<strong>Tecnolog\u00eda de estructuras pl\u00e1sticas<\/strong>:Injection molding<\/li>\n<li>\n<strong>Tecnolog\u00eda de acabado<\/strong>:Pintar<\/li>\n<li>\n<strong>\u00bfEs personalizable?<\/strong>:No<\/li>\n<li>\n<strong>Material<\/strong>:Acero inoxidable<\/li>\n<li>\n<strong>Detalles de las instrucciones de instalaci\u00f3n<\/strong>:Proporcione herramientas de instalaci\u00f3n sencillas, instrucciones de instalaci\u00f3n y videos de instalaci\u00f3n.<\/li>\n<li>\n<strong>Instalaci\u00f3n<\/strong>:Embalar<\/li>\n<li>\n<strong>\u00bfHay taxi disponible para transporte?<\/strong>:No<\/li>\n<li>\n<strong>Entrega\/instalaci\u00f3n disponible<\/strong>:Foshan, Zhengzhou, Guiyang, Guangzhou, Fuzhou, Harbin, Xiamen, Chongqing, Changzhou, Suzhou, Xi&#039;an, Shenzhen, Nanjing, Changsha, Beijing, Qingdao, Wuxi, Chengdu, Shanghai, Wuhan, Nanning, Shenyang, Dalian, Taizhou, Dongguan, Tianjin, Otros, Jinhua, Hangzhou, Nanchang, Ningbo, Wenzhou<\/li>\n<li>\n<strong>N\u00famero de puertas<\/strong>:Sin puerta<\/li>\n<\/ul>\n<p><img><\/p>","protected":false},"excerpt":{"rendered":"<p>\u00bfHay espacio de almacenamiento?: no Estilo: moderno y sencillo Ensamblaje: no Material de acabado: fibra de vidrio Volumen del paquete: 2 Forma: redonda Posicionamiento de estilo: calidad de lujo Ordenar por color: 100 cm de t\u00e9<\/p>","protected":false},"featured_media":122304,"comment_status":"open","ping_status":"closed","template":"","meta":[],"product_brand":[],"product_cat":[30971,30857],"product_tag":[],"class_list":{"0":"post-63171","1":"product","2":"type-product","3":"status-publish","4":"has-post-thumbnail","6":"product_cat-hp","7":"product_cat-wholesale-sofa-table","9":"first","10":"instock","11":"taxable","12":"shipping-taxable","13":"purchasable","14":"product-type-variable"},"_links":{"self":[{"href":"https:\/\/nexgendecors.com\/es\/wp-json\/wp\/v2\/product\/63171","targetHints":{"allow":["GET"]}}],"collection":[{"href":"https:\/\/nexgendecors.com\/es\/wp-json\/wp\/v2\/product"}],"about":[{"href":"https:\/\/nexgendecors.com\/es\/wp-json\/wp\/v2\/types\/product"}],"replies":[{"embeddable":true,"href":"https:\/\/nexgendecors.com\/es\/wp-json\/wp\/v2\/comments?post=63171"}],"version-history":[{"count":0,"href":"https:\/\/nexgendecors.com\/es\/wp-json\/wp\/v2\/product\/63171\/revisions"}],"wp:featuredmedia":[{"embeddable":true,"href":"https:\/\/nexgendecors.com\/es\/wp-json\/wp\/v2\/media\/122304"}],"wp:attachment":[{"href":"https:\/\/nexgendecors.com\/es\/wp-json\/wp\/v2\/media?parent=63171"}],"wp:term":[{"taxonomy":"product_brand","embeddable":true,"href":"https:\/\/nexgendecors.com\/es\/wp-json\/wp\/v2\/product_brand?post=63171"},{"taxonomy":"product_cat","embeddable":true,"href":"https:\/\/nexgendecors.com\/es\/wp-json\/wp\/v2\/product_cat?post=63171"},{"taxonomy":"product_tag","embeddable":true,"href":"https:\/\/nexgendecors.com\/es\/wp-json\/wp\/v2\/product_tag?post=63171"}],"curies":[{"name":"wp","href":"https:\/\/api.w.org\/{rel}","templated":true}]}}