{"id":63181,"date":"2025-01-26T03:01:04","date_gmt":"2025-01-26T03:01:04","guid":{"rendered":"https:\/\/nexgendecors.com\/product\/italian-simple-small-apartment-medieval-style-living-room-home-internet-celebrity-walnut-color-retractable-coffee-table-tv-cabinet-combination\/"},"modified":"2025-04-06T08:55:55","modified_gmt":"2025-04-06T08:55:55","slug":"italian-simple-small-apartment-medieval-style-living-room-home-internet-celebrity-walnut-color-retractable-coffee-table-tv-cabinet-combination","status":"publish","type":"product","link":"https:\/\/nexgendecors.com\/es\/product\/italian-simple-small-apartment-medieval-style-living-room-home-internet-celebrity-walnut-color-retractable-coffee-table-tv-cabinet-combination\/","title":{"rendered":"Conjunto de mesa de centro y mueble de TV de nogal estilo medieval"},"content":{"rendered":"<ul>\n<li><strong><\/strong><\/li>\n<p>    This Italian simple small apartment features medieval-style living room furniture in a luxurious walnut color. With a retractable coffee table and TV cabinet combination, this set is perfect for the modern and sophisticated buyer. Made from solid wood boards and utilizing expert wood craft technology, this set exudes elegance and exclusivity. Available in multiple sizes and with storage space, this set is perfect for the discerning buyer seeking a tasteful and stylish addition to their home. Experience the sophistication of Italian design with this stunning furniture set in walnut, available for delivery and installation in select cities.<\/p>\n<li>\n<strong><\/strong>:<\/li>\n<li>\n<strong>marca<\/strong>:#0 F\u00e1brica<\/li>\n<li>\n<strong>modelo<\/strong>:BNW-070<\/li>\n<li>\n<strong>Material<\/strong>:Madera<\/li>\n<li>\n<strong>Material de madera<\/strong>:otro<\/li>\n<li>\n<strong>estilo<\/strong>:Moderno y sencillo<\/li>\n<li>\n<strong>forma<\/strong>:rect\u00e1ngulo<\/li>\n<li>\n<strong>Instalaci\u00f3n<\/strong>:Embalar<\/li>\n<li>\n<strong>elementos populares<\/strong>:otro<\/li>\n<li>\n<strong>ordenar por color<\/strong>:Walnut 0.8m coffee table combination, walnut 1.1m coffee table combination, walnut retractable TV cabinet, 0.8m walnut coffee table + TV cabinet combination, 1.1m walnut coffee table + TV cabinet combination, walnut 1.1m coffee table combination made of solid wood board<\/li>\n<li>\n<strong>Material de acabado<\/strong>:Madera<\/li>\n<li>\n<strong>Tecnolog\u00eda estructural<\/strong>:Artesan\u00eda en madera<\/li>\n<li>\n<strong>Tecnolog\u00eda de estructura de madera<\/strong>:otro<\/li>\n<li>\n<strong>Tecnolog\u00eda de acabado<\/strong>:ninguno<\/li>\n<li>\n<strong>\u00bfEs personalizable?<\/strong>:No<\/li>\n<li>\n<strong>Ya sea con rodillo<\/strong>:No<\/li>\n<li>\n<strong>N\u00famero de puertas<\/strong>:Puerta doble<\/li>\n<li>\n<strong>\u00bfHay espacio de almacenamiento?<\/strong>:S\u00ed<\/li>\n<li>\n<strong>Entrega\/instalaci\u00f3n disponible<\/strong>:Otros, Nanjing, Nanchang, Harbin, Dalian, Tianjin, Ningbo, Chengdu, Hangzhou, Wuhan, Shenyang, Wenzhou, Suzhou, Xi&#039;an, Guiyang, Zhengzhou, Chongqing, Jinhua, Changsha, Shanghai, Dongguan, Beijing, Guangzhou, Shenzhen, Fuzhou, Qingdao, Wuxi, Taizhou, Changzhou, Foshan, Xiamen, Nanning<\/li>\n<li>\n<strong>Armar<\/strong>:No<\/li>\n<li>\n<strong>volumen del paquete<\/strong>:0.5<\/li>\n<li>\n<strong>\u00bfHay taxi disponible para transporte?<\/strong>:No<\/li>\n<li>\n<strong>Forma de esquina de mesa de caf\u00e9<\/strong>:rect\u00e1ngulo<\/li>\n<li>\n<strong>Posicionamiento de estilo<\/strong>:Simple and stylish<\/li>\n<li>\n<strong>Detalles de las instrucciones de instalaci\u00f3n<\/strong>:No hay instrucciones de instalaci\u00f3n<\/li>\n<li>\n<strong>Peso bruto<\/strong>:50 kilos<\/li>\n<li>\n<strong>tama\u00f1o<\/strong>:110x70x30m<\/li>\n<\/ul>\n<div style=\"text-align: center;\"><img><\/div>","protected":false},"excerpt":{"rendered":"<p>Este peque\u00f1o y sencillo apartamento italiano cuenta con muebles de sal\u00f3n de estilo medieval en un lujoso color nogal. Incluye una mesa de centro retr\u00e1ctil.<\/p>","protected":false},"featured_media":122311,"comment_status":"open","ping_status":"closed","template":"","meta":[],"product_brand":[],"product_cat":[30971,30857],"product_tag":[],"class_list":{"0":"post-63181","1":"product","2":"type-product","3":"status-publish","4":"has-post-thumbnail","6":"product_cat-hp","7":"product_cat-wholesale-sofa-table","9":"first","10":"instock","11":"taxable","12":"shipping-taxable","13":"purchasable","14":"product-type-variable"},"_links":{"self":[{"href":"https:\/\/nexgendecors.com\/es\/wp-json\/wp\/v2\/product\/63181","targetHints":{"allow":["GET"]}}],"collection":[{"href":"https:\/\/nexgendecors.com\/es\/wp-json\/wp\/v2\/product"}],"about":[{"href":"https:\/\/nexgendecors.com\/es\/wp-json\/wp\/v2\/types\/product"}],"replies":[{"embeddable":true,"href":"https:\/\/nexgendecors.com\/es\/wp-json\/wp\/v2\/comments?post=63181"}],"version-history":[{"count":0,"href":"https:\/\/nexgendecors.com\/es\/wp-json\/wp\/v2\/product\/63181\/revisions"}],"wp:featuredmedia":[{"embeddable":true,"href":"https:\/\/nexgendecors.com\/es\/wp-json\/wp\/v2\/media\/122311"}],"wp:attachment":[{"href":"https:\/\/nexgendecors.com\/es\/wp-json\/wp\/v2\/media?parent=63181"}],"wp:term":[{"taxonomy":"product_brand","embeddable":true,"href":"https:\/\/nexgendecors.com\/es\/wp-json\/wp\/v2\/product_brand?post=63181"},{"taxonomy":"product_cat","embeddable":true,"href":"https:\/\/nexgendecors.com\/es\/wp-json\/wp\/v2\/product_cat?post=63181"},{"taxonomy":"product_tag","embeddable":true,"href":"https:\/\/nexgendecors.com\/es\/wp-json\/wp\/v2\/product_tag?post=63181"}],"curies":[{"name":"wp","href":"https:\/\/api.w.org\/{rel}","templated":true}]}}