{"id":63208,"date":"2025-01-26T03:01:12","date_gmt":"2025-01-26T03:01:12","guid":{"rendered":"https:\/\/nexgendecors.com\/product\/italian-u-shaped-fabric-sofa-minimalist-villa-large-flat-luxury-house-living-room-combination-connery-designer-connery\/"},"modified":"2025-04-06T08:56:06","modified_gmt":"2025-04-06T08:56:06","slug":"italian-u-shaped-fabric-sofa-minimalist-villa-large-flat-luxury-house-living-room-combination-connery-designer-connery","status":"publish","type":"product","link":"https:\/\/nexgendecors.com\/es\/product\/italian-u-shaped-fabric-sofa-minimalist-villa-large-flat-luxury-house-living-room-combination-connery-designer-connery\/","title":{"rendered":"Connery U-Shaped Minimalist Fabric Sofa for Luxury Living"},"content":{"rendered":"<ul>\n<li>\n<strong>marca<\/strong>:Coraz\u00f3n creativo<\/li>\n<li>\n<strong>modelo<\/strong>:Connery<\/li>\n<li>\n<strong>Material<\/strong>:Madera<\/li>\n<li>\n<strong>Material de madera<\/strong>:Pino<\/li>\n<li>\n<strong>Tela<\/strong>:numb<\/li>\n<li>\n<strong>estilo<\/strong>:minimalismo italiano<\/li>\n<li>\n<strong>\u00bfCu\u00e1ntas personas se sientan?<\/strong>:combinaci\u00f3n<\/li>\n<li>\n<strong>ordenar por color<\/strong>:[A-grade cotton and linen] large four people 355CM, [A-grade cotton and linen] combination one 380CM, [A-grade cotton and linen] combination two 377CM, [A-grade cotton and linen] combination three 370CM, [A-grade cotton and linen] combination four 442CM, [A-grade cotton and linen] combination five 469CM, [A-grade cotton and linen] four people 310CM, [A-grade cotton and linen] three people 260CM, [original special grade cotton and linen] large four people 355CM, [original special grade cotton and linen] combination one 380CM, [original special grade cotton and linen] combination two 377CM, [original special grade cotton and linen] combination three 370CM, [original special grade cotton and linen] combination four 442CM, [original special grade cotton and linen] combination five 469CM, [original special grade cotton and linen] four people 310CM, [original special grade cotton and linen] three people 260CM<\/li>\n<li>\n<strong>Relleno<\/strong>:esponja<\/li>\n<li>\n<strong>Tecnolog\u00eda estructural<\/strong>:Artesan\u00eda en madera<\/li>\n<li>\n<strong>\u00bfEs personalizable?<\/strong>:S\u00ed<\/li>\n<li>\n<strong>Combinaci\u00f3n de sof\u00e1s<\/strong>:arco<\/li>\n<li>\n<strong>\u00bfEs desmontable y lavable?<\/strong>:No<\/li>\n<li>\n<strong>Adecuado<\/strong>:Adultos<\/li>\n<li>\n<strong>\u00bfHay espacio de almacenamiento?<\/strong>:S\u00ed<\/li>\n<li>\n<strong>Entrega\/instalaci\u00f3n disponible<\/strong>: Beijing, Chongqing, Shanghai, Tianjin, Shenzhen, Chengdu, Shenyang, Dalian, Harbin, Nanjing, Wuxi, Changzhou, Suzhou, Hangzhou, Ningbo, Wenzhou, Jinhua, Taizhou, Fuzhou, Xiamen, Nanchang, Qingdao, Zhengzhou, Wuhan, Changsha, Guangzhou, Foshan, Dongguan, Nanning, Guiyang, Xi&#039;an<\/li>\n<li>\n<strong>Armar<\/strong>:S\u00ed<\/li>\n<li>\n<strong>\u00bfHay taxi disponible para transporte?<\/strong>:No<\/li>\n<li>\n<strong>Dureza del relleno<\/strong>:suave<\/li>\n<li>\n<strong>Posicionamiento de estilo<\/strong>:Estilo art\u00edstico<\/li>\n<li>\n<strong><\/strong>:<\/li>\n<\/ul>\n<p><img><\/p>","protected":false},"excerpt":{"rendered":"<p>Marca: Creative Heart Modelo: Connery Material: Madera Material de la madera: Pino Tela: Numb Estilo: Minimalismo italiano Cu\u00e1ntas personas se sientan: combinaci\u00f3n Ordenar por color: [Algod\u00f3n y lino de calidad A] grande<\/p>","protected":false},"featured_media":122336,"comment_status":"open","ping_status":"closed","template":"","meta":[],"product_brand":[],"product_cat":[30971,30850],"product_tag":[],"class_list":{"0":"post-63208","1":"product","2":"type-product","3":"status-publish","4":"has-post-thumbnail","6":"product_cat-hp","7":"product_cat-wholesale-furniture","9":"first","10":"instock","11":"taxable","12":"shipping-taxable","13":"purchasable","14":"product-type-variable"},"_links":{"self":[{"href":"https:\/\/nexgendecors.com\/es\/wp-json\/wp\/v2\/product\/63208","targetHints":{"allow":["GET"]}}],"collection":[{"href":"https:\/\/nexgendecors.com\/es\/wp-json\/wp\/v2\/product"}],"about":[{"href":"https:\/\/nexgendecors.com\/es\/wp-json\/wp\/v2\/types\/product"}],"replies":[{"embeddable":true,"href":"https:\/\/nexgendecors.com\/es\/wp-json\/wp\/v2\/comments?post=63208"}],"version-history":[{"count":0,"href":"https:\/\/nexgendecors.com\/es\/wp-json\/wp\/v2\/product\/63208\/revisions"}],"wp:featuredmedia":[{"embeddable":true,"href":"https:\/\/nexgendecors.com\/es\/wp-json\/wp\/v2\/media\/122336"}],"wp:attachment":[{"href":"https:\/\/nexgendecors.com\/es\/wp-json\/wp\/v2\/media?parent=63208"}],"wp:term":[{"taxonomy":"product_brand","embeddable":true,"href":"https:\/\/nexgendecors.com\/es\/wp-json\/wp\/v2\/product_brand?post=63208"},{"taxonomy":"product_cat","embeddable":true,"href":"https:\/\/nexgendecors.com\/es\/wp-json\/wp\/v2\/product_cat?post=63208"},{"taxonomy":"product_tag","embeddable":true,"href":"https:\/\/nexgendecors.com\/es\/wp-json\/wp\/v2\/product_tag?post=63208"}],"curies":[{"name":"wp","href":"https:\/\/api.w.org\/{rel}","templated":true}]}}