{"id":63333,"date":"2025-01-26T03:01:25","date_gmt":"2025-01-26T03:01:25","guid":{"rendered":"https:\/\/nexgendecors.com\/product\/japanese-style-wabi-sabi-style-homestay-lamp-new-chinese-style-zen-tea-room-restaurant-bar-lamp-retro-creative-bedroom-bedside-chandelier\/"},"modified":"2025-04-06T08:56:23","modified_gmt":"2025-04-06T08:56:23","slug":"japanese-style-wabi-sabi-style-homestay-lamp-new-chinese-style-zen-tea-room-restaurant-bar-lamp-retro-creative-bedroom-bedside-chandelier","status":"publish","type":"product","link":"https:\/\/nexgendecors.com\/es\/product\/japanese-style-wabi-sabi-style-homestay-lamp-new-chinese-style-zen-tea-room-restaurant-bar-lamp-retro-creative-bedroom-bedside-chandelier\/","title":{"rendered":"L\u00e1mpara de ara\u00f1a de noche estilo zen Wabi-Sabi"},"content":{"rendered":"<ul>\n<li>\n<strong>marca<\/strong>:Mingxuan Lighting<\/li>\n<li>\n<strong>modelo<\/strong>:PD1102<\/li>\n<li>\n<strong>estilo<\/strong>:Estilo wabi-sabi<\/li>\n<li>\n<strong>Valor K de la temperatura de color de la fuente de luz<\/strong>:3000K<\/li>\n<li>\n<strong>ordenar por color<\/strong>:Small single head 30cm warm light single head 30cm three-color light change Large single head 40cm warm light single head 40cm three-color light change Small 2 heads with i long plate warm light Small 2 heads with i long plate three-color light change Small 3 heads with i round plate warm light Small 3 heads with i round plate three-color light change Large 2 heads with i long plate warm light Large 2 heads with i long plate three-color light change Large 3 heads with i round plate warm light Large 3 heads with i round plate three-color light change<\/li>\n<li>\n<strong>\u00bfLa l\u00e1mpara tiene una fuente de luz?<\/strong>:S\u00ed<\/li>\n<li>\n<strong>Servicio en la ciudad<\/strong>:Entrega a domicilio por vendedores locales<\/li>\n<li>\n<strong>Voltaje<\/strong>:111 V ~ 240 V (inclusive)<\/li>\n<li>\n<strong>Material principal del cuerpo de la l\u00e1mpara.<\/strong>:hierro<\/li>\n<li>\n<strong>Material principal de la pantalla de la l\u00e1mpara<\/strong>:Resina<\/li>\n<li>\n<strong>tipo de fuente de luz<\/strong>:Luces LED<\/li>\n<li>\n<strong>N\u00famero de fuentes de luz<\/strong>:1<\/li>\n<li>\n<strong>Tecnolog\u00eda<\/strong>:Escarchado de pintura en aerosol<\/li>\n<li>\n<strong>\u00c1rea de irradiaci\u00f3n<\/strong>:10\u33a1-15\u33a1 15\u33a1-30\u33a1 5\u33a1-10\u33a1<\/li>\n<li>\n<strong>Tipo de control<\/strong>:Control no inteligente<\/li>\n<li>\n<strong>Temperatura de color<\/strong>:Luz c\u00e1lida (2700K-3500K)<\/li>\n<li>\n<strong>Material auxiliar para pantallas de l\u00e1mparas<\/strong>:Resina<\/li>\n<li>\n<strong>Per\u00edodo de garant\u00eda<\/strong>:3 a\u00f1os<\/li>\n<li>\n<strong>Material auxiliar del cuerpo de la l\u00e1mpara<\/strong>:Resina<\/li>\n<li>\n<strong>Tipo inteligente<\/strong>:Otra inteligencia<\/li>\n<li>\n<strong>Ya sea control inteligente<\/strong>:No<\/li>\n<li>\n<strong>Forma de la l\u00e1mpara<\/strong>:L\u00e1mpara de ara\u00f1a de l\u00ednea de pescado<\/li>\n<li>\n<strong>N\u00famero de accesorios<\/strong>:6<\/li>\n<li>\n<strong>N\u00famero de cabezales de l\u00e1mpara<\/strong>:1<\/li>\n<li>\n<strong>Tipo de l\u00e1mpara de ara\u00f1a<\/strong>:L\u00e1mpara de ara\u00f1a de resina<\/li>\n<li>\n<strong>N\u00famero de certificado 3C<\/strong>:2023371001000298<\/li>\n<\/ul>\n<p><img><\/p>","protected":false},"excerpt":{"rendered":"<p>Marca: Mingxuan Lighting Modelo: PD1102 Estilo: Estilo Wabi-sabi Temperatura de color de la fuente de luz Valor K: 3000 K Ordenar por color: Cabezal \u00fanico peque\u00f1o de 30 cm, luz c\u00e1lida individual<\/p>","protected":false},"featured_media":122400,"comment_status":"open","ping_status":"closed","template":"","meta":[],"product_brand":[],"product_cat":[30971,30864],"product_tag":[],"class_list":{"0":"post-63333","1":"product","2":"type-product","3":"status-publish","4":"has-post-thumbnail","6":"product_cat-hp","7":"product_cat-new-wholesales-lights","9":"first","10":"instock","11":"taxable","12":"shipping-taxable","13":"purchasable","14":"product-type-variable"},"_links":{"self":[{"href":"https:\/\/nexgendecors.com\/es\/wp-json\/wp\/v2\/product\/63333","targetHints":{"allow":["GET"]}}],"collection":[{"href":"https:\/\/nexgendecors.com\/es\/wp-json\/wp\/v2\/product"}],"about":[{"href":"https:\/\/nexgendecors.com\/es\/wp-json\/wp\/v2\/types\/product"}],"replies":[{"embeddable":true,"href":"https:\/\/nexgendecors.com\/es\/wp-json\/wp\/v2\/comments?post=63333"}],"version-history":[{"count":0,"href":"https:\/\/nexgendecors.com\/es\/wp-json\/wp\/v2\/product\/63333\/revisions"}],"wp:featuredmedia":[{"embeddable":true,"href":"https:\/\/nexgendecors.com\/es\/wp-json\/wp\/v2\/media\/122400"}],"wp:attachment":[{"href":"https:\/\/nexgendecors.com\/es\/wp-json\/wp\/v2\/media?parent=63333"}],"wp:term":[{"taxonomy":"product_brand","embeddable":true,"href":"https:\/\/nexgendecors.com\/es\/wp-json\/wp\/v2\/product_brand?post=63333"},{"taxonomy":"product_cat","embeddable":true,"href":"https:\/\/nexgendecors.com\/es\/wp-json\/wp\/v2\/product_cat?post=63333"},{"taxonomy":"product_tag","embeddable":true,"href":"https:\/\/nexgendecors.com\/es\/wp-json\/wp\/v2\/product_tag?post=63333"}],"curies":[{"name":"wp","href":"https:\/\/api.w.org\/{rel}","templated":true}]}}