{"id":63391,"date":"2025-01-26T03:01:31","date_gmt":"2025-01-26T03:01:31","guid":{"rendered":"https:\/\/nexgendecors.com\/product\/jingdezhen-ceramic-art-high-end-wash-basin-creative-above-counter-basin-bathroom-wash-basin-home-oval-wash-basin-2\/"},"modified":"2025-03-09T10:07:45","modified_gmt":"2025-03-09T10:07:45","slug":"jingdezhen-ceramic-art-high-end-wash-basin-creative-above-counter-basin-bathroom-wash-basin-home-oval-wash-basin-2","status":"publish","type":"product","link":"https:\/\/nexgendecors.com\/es\/product\/jingdezhen-ceramic-art-high-end-wash-basin-creative-above-counter-basin-bathroom-wash-basin-home-oval-wash-basin-2\/","title":{"rendered":"Lavabo sobre encimera creativo ovalado Jingdezhen"},"content":{"rendered":"<ul>Brand: Jingxuan<br \/>Model: 7.16-2<br \/>Faucet opening: single hole<br \/>Origen: China continental<br \/>Province: Jiangxi Province<br \/>City: Jingdezhen City<br \/>Material: Ceramic<br \/>In-city service: In-city logistics delivery<br \/>Color classification: Large winter melon single basin Large winter melon basin + black square fine copper faucet Small winter melon single basin Small winter melon basin + black square fine copper faucet Large oval single basin Large oval basin + black square fine copper faucet Small oval single basin Small oval basin + black square fine copper faucet Large winter melon single basin with hole Large winter melon basin with hole + black square fine copper faucet Small winter melon single basin with hole Small winter melon basin + black square fine copper faucet Large ingot single basin Large ingot basin + black square fine copper faucet Small ingot single basin Small ingot basin + black square fine copper faucet Straight single basin Straight basin + fine copper faucet set Small square single basin Small square single basin + black square fine copper faucet Arhat single basin Arhat basin + black square fine copper faucet    <\/p>\n<li>:<\/li>\n<p><\/ul>\n<p><\/p>","protected":false},"excerpt":{"rendered":"<p>Marca: Jingxuan Modelo: 7.16-2 Apertura del grifo: Un solo orificio Origen: China continental Provincia: Provincia de Jiangxi Ciudad: Ciudad de Jingdezhen Material: Cer\u00e1mica Servicio en la ciudad: Entrega log\u00edstica en la ciudad Clasificaci\u00f3n de color: Invierno grande<\/p>","protected":false},"featured_media":122434,"comment_status":"open","ping_status":"closed","template":"","meta":[],"product_brand":[],"product_cat":[30893,30971,30880],"product_tag":[],"class_list":{"0":"post-63391","1":"product","2":"type-product","3":"status-publish","4":"has-post-thumbnail","6":"product_cat-bs-sink","7":"product_cat-hp","8":"product_cat-wholesales-bathroom-sink","10":"first","11":"instock","12":"taxable","13":"shipping-taxable","14":"purchasable","15":"product-type-variable"},"_links":{"self":[{"href":"https:\/\/nexgendecors.com\/es\/wp-json\/wp\/v2\/product\/63391","targetHints":{"allow":["GET"]}}],"collection":[{"href":"https:\/\/nexgendecors.com\/es\/wp-json\/wp\/v2\/product"}],"about":[{"href":"https:\/\/nexgendecors.com\/es\/wp-json\/wp\/v2\/types\/product"}],"replies":[{"embeddable":true,"href":"https:\/\/nexgendecors.com\/es\/wp-json\/wp\/v2\/comments?post=63391"}],"version-history":[{"count":0,"href":"https:\/\/nexgendecors.com\/es\/wp-json\/wp\/v2\/product\/63391\/revisions"}],"wp:featuredmedia":[{"embeddable":true,"href":"https:\/\/nexgendecors.com\/es\/wp-json\/wp\/v2\/media\/122434"}],"wp:attachment":[{"href":"https:\/\/nexgendecors.com\/es\/wp-json\/wp\/v2\/media?parent=63391"}],"wp:term":[{"taxonomy":"product_brand","embeddable":true,"href":"https:\/\/nexgendecors.com\/es\/wp-json\/wp\/v2\/product_brand?post=63391"},{"taxonomy":"product_cat","embeddable":true,"href":"https:\/\/nexgendecors.com\/es\/wp-json\/wp\/v2\/product_cat?post=63391"},{"taxonomy":"product_tag","embeddable":true,"href":"https:\/\/nexgendecors.com\/es\/wp-json\/wp\/v2\/product_tag?post=63391"}],"curies":[{"name":"wp","href":"https:\/\/api.w.org\/{rel}","templated":true}]}}