{"id":63647,"date":"2025-01-26T03:02:15","date_gmt":"2025-01-26T03:02:15","guid":{"rendered":"https:\/\/nexgendecors.com\/product\/keet-plush-children-chair-2-5-years-old-brown1711879851325\/"},"modified":"2025-04-06T08:56:50","modified_gmt":"2025-04-06T08:56:50","slug":"keet-plush-children-chair-2-5-years-old-brown1711879851325","status":"publish","type":"product","link":"https:\/\/nexgendecors.com\/es\/product\/keet-plush-children-chair-2-5-years-old-brown1711879851325\/","title":{"rendered":"Sill\u00f3n infantil de peluche Keet, color marr\u00f3n acogedor, para ni\u00f1os de 2 a 5 a\u00f1os"},"content":{"rendered":"<p>\ud83c\udf1f Make your child feel special with our cozy Plush Keet Chair, complete with a fluffy accent pillow!<br data-mce-fragment=\"1\">\ud83e\ude91 Constructed with a supremely stable frame made of sturdy wood, ensuring durability and safety for your child.<br data-mce-fragment=\"1\">\ud83d\udcba Covered in supportive foam and luxurious micro suede fabric, providing the best and most comfortable seating experience.<br data-mce-fragment=\"1\">\ud83c\udfe0 Perfect for playrooms, kids&#8217; bedrooms, and living rooms\u2014adds style and comfort to any space!<br data-mce-fragment=\"1\">\ud83c\udfa8 Gorgeous details including rounded arms, square back, and chic accent pillow make this chair a stylish and special piece of furniture.<br data-mce-fragment=\"1\">\ud83d\udc4d Wood legs give the chair a real furniture look, enhancing its aesthetic appeal.<br data-mce-fragment=\"1\">\ud83c\udf08 Elevate your child&#8217;s comfort and style with our Keet upholstered micro suede chair!<\/p>\n<div><\/div>","protected":false},"excerpt":{"rendered":"<p>\ud83c\udf1f \u00a1Haga que su hijo se sienta especial con nuestra acogedora silla de peluche Keet, completa con una almohada decorativa mullida!\ud83e\ude91 Construida con<\/p>","protected":false},"featured_media":122710,"comment_status":"open","ping_status":"closed","template":"","meta":[],"product_brand":[],"product_cat":[30971,30837,30849],"product_tag":[],"class_list":{"0":"post-63647","1":"product","2":"type-product","3":"status-publish","4":"has-post-thumbnail","6":"product_cat-hp","7":"product_cat-kids-sofa","8":"product_cat-kindergarten-school-furniture","10":"first","11":"instock","12":"taxable","13":"shipping-taxable","14":"purchasable","15":"product-type-variable"},"_links":{"self":[{"href":"https:\/\/nexgendecors.com\/es\/wp-json\/wp\/v2\/product\/63647","targetHints":{"allow":["GET"]}}],"collection":[{"href":"https:\/\/nexgendecors.com\/es\/wp-json\/wp\/v2\/product"}],"about":[{"href":"https:\/\/nexgendecors.com\/es\/wp-json\/wp\/v2\/types\/product"}],"replies":[{"embeddable":true,"href":"https:\/\/nexgendecors.com\/es\/wp-json\/wp\/v2\/comments?post=63647"}],"version-history":[{"count":0,"href":"https:\/\/nexgendecors.com\/es\/wp-json\/wp\/v2\/product\/63647\/revisions"}],"wp:featuredmedia":[{"embeddable":true,"href":"https:\/\/nexgendecors.com\/es\/wp-json\/wp\/v2\/media\/122710"}],"wp:attachment":[{"href":"https:\/\/nexgendecors.com\/es\/wp-json\/wp\/v2\/media?parent=63647"}],"wp:term":[{"taxonomy":"product_brand","embeddable":true,"href":"https:\/\/nexgendecors.com\/es\/wp-json\/wp\/v2\/product_brand?post=63647"},{"taxonomy":"product_cat","embeddable":true,"href":"https:\/\/nexgendecors.com\/es\/wp-json\/wp\/v2\/product_cat?post=63647"},{"taxonomy":"product_tag","embeddable":true,"href":"https:\/\/nexgendecors.com\/es\/wp-json\/wp\/v2\/product_tag?post=63647"}],"curies":[{"name":"wp","href":"https:\/\/api.w.org\/{rel}","templated":true}]}}