{"id":63719,"date":"2025-01-26T03:02:29","date_gmt":"2025-01-26T03:02:29","guid":{"rendered":"https:\/\/nexgendecors.com\/product\/kelly-time-italian-light-luxury-puff-bed-luxury-villa-master-bedroom-bed-widened-floor-block-tatami-a\/"},"modified":"2025-04-06T08:56:55","modified_gmt":"2025-04-06T08:56:55","slug":"kelly-time-italian-light-luxury-puff-bed-luxury-villa-master-bedroom-bed-widened-floor-block-tatami-a","status":"publish","type":"product","link":"https:\/\/nexgendecors.com\/es\/product\/kelly-time-italian-light-luxury-puff-bed-luxury-villa-master-bedroom-bed-widened-floor-block-tatami-a\/","title":{"rendered":"Cama Puff de Lujo Kelly Time \u2013 Estilo Tatami Italiano"},"content":{"rendered":"<ul>\n<li>\n<strong>marca<\/strong>:KKLSY<\/li>\n<li>\n<strong>modelo<\/strong>:Borui bed pro<\/li>\n<li>\n<strong>Material<\/strong>:otro<\/li>\n<li>\n<strong>Tela<\/strong>:otro<\/li>\n<li>\n<strong>estilo<\/strong>:minimalismo italiano<\/li>\n<li>\n<strong>forma<\/strong>:Cuadrado<\/li>\n<li>\n<strong>tama\u00f1o<\/strong>:1800 mm x 2000 mm, 1500 mm x 2000 mm<\/li>\n<li>\n<strong>N\u00famero de personas aplicable<\/strong>:2 personas<\/li>\n<li>\n<strong>ordenar por color<\/strong>:Classic dogwood pink, classic khaki white, best-selling sapphire blue, atmospheric forest black<\/li>\n<li>\n<strong>\u00bfEs personalizable?<\/strong>:S\u00ed<\/li>\n<li>\n<strong>Si tener un marco de cama<\/strong>:S\u00ed<\/li>\n<li>\n<strong>Si se debe brindar soporte blando<\/strong>:S\u00ed<\/li>\n<li>\n<strong>Detalles de dise\u00f1o<\/strong>:otro<\/li>\n<li>\n<strong>\u00bfHay espacio de almacenamiento?<\/strong>:No<\/li>\n<li>\n<strong>Estructura del mobiliario<\/strong>:Estructura<\/li>\n<li>\n<strong>Tecnolog\u00eda de tejidos<\/strong>:otro<\/li>\n<\/ul>\n<p><img><\/p>","protected":false},"excerpt":{"rendered":"<p>Marca: KKLSY Modelo: Borui bed pro Material: otro Tela: otro Estilo: minimalismo italiano Forma: cuadrado Tama\u00f1o: 1800 mm x 2000 mm, 1500 mm x 2000 mm N\u00famero aplicable de personas: 2 personas Ordenar por color: rosa cornejo cl\u00e1sico,<\/p>","protected":false},"featured_media":122797,"comment_status":"open","ping_status":"closed","template":"","meta":[],"product_brand":[],"product_cat":[30815,30858,30862,30971],"product_tag":[],"class_list":{"0":"post-63719","1":"product","2":"type-product","3":"status-publish","4":"has-post-thumbnail","6":"product_cat-beds","7":"product_cat-wholesale-bedroom","8":"product_cat-wholesales-hotels","9":"product_cat-hp","11":"first","12":"instock","13":"sale","14":"taxable","15":"shipping-taxable","16":"purchasable","17":"product-type-variable"},"_links":{"self":[{"href":"https:\/\/nexgendecors.com\/es\/wp-json\/wp\/v2\/product\/63719","targetHints":{"allow":["GET"]}}],"collection":[{"href":"https:\/\/nexgendecors.com\/es\/wp-json\/wp\/v2\/product"}],"about":[{"href":"https:\/\/nexgendecors.com\/es\/wp-json\/wp\/v2\/types\/product"}],"replies":[{"embeddable":true,"href":"https:\/\/nexgendecors.com\/es\/wp-json\/wp\/v2\/comments?post=63719"}],"version-history":[{"count":0,"href":"https:\/\/nexgendecors.com\/es\/wp-json\/wp\/v2\/product\/63719\/revisions"}],"wp:featuredmedia":[{"embeddable":true,"href":"https:\/\/nexgendecors.com\/es\/wp-json\/wp\/v2\/media\/122797"}],"wp:attachment":[{"href":"https:\/\/nexgendecors.com\/es\/wp-json\/wp\/v2\/media?parent=63719"}],"wp:term":[{"taxonomy":"product_brand","embeddable":true,"href":"https:\/\/nexgendecors.com\/es\/wp-json\/wp\/v2\/product_brand?post=63719"},{"taxonomy":"product_cat","embeddable":true,"href":"https:\/\/nexgendecors.com\/es\/wp-json\/wp\/v2\/product_cat?post=63719"},{"taxonomy":"product_tag","embeddable":true,"href":"https:\/\/nexgendecors.com\/es\/wp-json\/wp\/v2\/product_tag?post=63719"}],"curies":[{"name":"wp","href":"https:\/\/api.w.org\/{rel}","templated":true}]}}