{"id":63806,"date":"2025-01-26T03:02:59","date_gmt":"2025-01-26T03:02:59","guid":{"rendered":"https:\/\/nexgendecors.com\/product\/kids-table-and-4-chairs-set-children-study-desk-dining-table-height-adjustable-plastic-desk-painting-desktop-toddler-furniture-for-boys-and-girls-burlywood-wood-grain1711880169511\/"},"modified":"2025-04-06T08:57:18","modified_gmt":"2025-04-06T08:57:18","slug":"kids-table-and-4-chairs-set-children-study-desk-dining-table-height-adjustable-plastic-desk-painting-desktop-toddler-furniture-for-boys-and-girls-burlywood-wood-grain1711880169511","status":"publish","type":"product","link":"https:\/\/nexgendecors.com\/es\/product\/kids-table-and-4-chairs-set-children-study-desk-dining-table-height-adjustable-plastic-desk-painting-desktop-toddler-furniture-for-boys-and-girls-burlywood-wood-grain1711880169511\/","title":{"rendered":"Conjunto de mesa y sillas infantiles Burlywood: escritorio de estudio ajustable"},"content":{"rendered":"<p data-mce-fragment=\"1\">\ud83c\udf88 <strong data-mce-fragment=\"1\">Comprehensive Kid Furniture Set<\/strong>: Whether your little ones are just out of the cradle or about to start kindergarten, our 5-in-1 table and chairs set offers the perfect solution for play, study, homework, and dining. It combines play and study seamlessly in one set, featuring a children-friendly design in cute colors that will surely capture their interest.<\/p>\n<p data-mce-fragment=\"1\">\ud83d\udee1\ufe0f <strong data-mce-fragment=\"1\">Safe and Durable Construction<\/strong>: Crafted from thickened high-quality HDPE material, our furniture set is odorless, free from harmful substances, and built to last. You can rest assured that your little ones can play safely and enjoyably.<\/p>\n<p data-mce-fragment=\"1\">\ud83d\udccf <strong data-mce-fragment=\"1\">Height Adjustable Design<\/strong>: The table and chairs set comes with adjustable heights to accommodate children from 2 to 8 years old. The table features 7 adjustable heights ranging from 18.9&#8243; to 23.6&#8243;, while the chair offers 3 adjustable heights from 10.6&#8243; to 12.2&#8243;, ensuring a comfortable fit as your child grows.<\/p>\n<p data-mce-fragment=\"1\">\ud83c\udfa8 <strong data-mce-fragment=\"1\">Creative and Interactive<\/strong>: The table top is designed to be painted with water-based paintbrushes, allowing kids to unleash their creativity and draw directly on the desktop. The designs can be easily erased with a wet rag or blackboard eraser, providing endless hours of fun and creativity.<\/p>\n<p data-mce-fragment=\"1\">\u26a0\ufe0f <strong data-mce-fragment=\"1\">Assembly and Care Tips<\/strong>: Please refer to the installation manual and check the parts on flat ground for easy assembly. Due to manual measuring and computer display, discrepancies in measurement and color may occur. Ensure the safety of your child with round and smooth corners and edges to prevent scratches during play.<\/p>\n<div><\/div>","protected":false},"excerpt":{"rendered":"<p>\ud83c\udf88 Conjunto completo de muebles para ni\u00f1os: ya sea que sus peque\u00f1os reci\u00e9n hayan dejado la cuna o est\u00e9n a punto de comenzar el jard\u00edn de infantes,<\/p>","protected":false},"featured_media":122959,"comment_status":"open","ping_status":"closed","template":"","meta":[],"product_brand":[],"product_cat":[30899,30971,30836,30839,30849],"product_tag":[],"class_list":{"0":"post-63806","1":"product","2":"type-product","3":"status-publish","4":"has-post-thumbnail","6":"product_cat-bs-kindergarten","7":"product_cat-hp","8":"product_cat-kids-chairs","9":"product_cat-kids-tables","10":"product_cat-kindergarten-school-furniture","12":"first","13":"instock","14":"taxable","15":"shipping-taxable","16":"purchasable","17":"product-type-variable"},"_links":{"self":[{"href":"https:\/\/nexgendecors.com\/es\/wp-json\/wp\/v2\/product\/63806","targetHints":{"allow":["GET"]}}],"collection":[{"href":"https:\/\/nexgendecors.com\/es\/wp-json\/wp\/v2\/product"}],"about":[{"href":"https:\/\/nexgendecors.com\/es\/wp-json\/wp\/v2\/types\/product"}],"replies":[{"embeddable":true,"href":"https:\/\/nexgendecors.com\/es\/wp-json\/wp\/v2\/comments?post=63806"}],"version-history":[{"count":0,"href":"https:\/\/nexgendecors.com\/es\/wp-json\/wp\/v2\/product\/63806\/revisions"}],"wp:featuredmedia":[{"embeddable":true,"href":"https:\/\/nexgendecors.com\/es\/wp-json\/wp\/v2\/media\/122959"}],"wp:attachment":[{"href":"https:\/\/nexgendecors.com\/es\/wp-json\/wp\/v2\/media?parent=63806"}],"wp:term":[{"taxonomy":"product_brand","embeddable":true,"href":"https:\/\/nexgendecors.com\/es\/wp-json\/wp\/v2\/product_brand?post=63806"},{"taxonomy":"product_cat","embeddable":true,"href":"https:\/\/nexgendecors.com\/es\/wp-json\/wp\/v2\/product_cat?post=63806"},{"taxonomy":"product_tag","embeddable":true,"href":"https:\/\/nexgendecors.com\/es\/wp-json\/wp\/v2\/product_tag?post=63806"}],"curies":[{"name":"wp","href":"https:\/\/api.w.org\/{rel}","templated":true}]}}