{"id":63876,"date":"2025-01-26T03:03:16","date_gmt":"2025-01-26T03:03:16","guid":{"rendered":"https:\/\/nexgendecors.com\/product\/kindergarten-cabinet-storage-rack-school-bag-cabinet-childrens-montessori-combination-teaching-cabinet-bookshelf-solid-wood-grain-storage-toy-cabinet\/"},"modified":"2025-04-06T08:57:40","modified_gmt":"2025-04-06T08:57:40","slug":"kindergarten-cabinet-storage-rack-school-bag-cabinet-childrens-montessori-combination-teaching-cabinet-bookshelf-solid-wood-grain-storage-toy-cabinet","status":"publish","type":"product","link":"https:\/\/nexgendecors.com\/es\/product\/kindergarten-cabinet-storage-rack-school-bag-cabinet-childrens-montessori-combination-teaching-cabinet-bookshelf-solid-wood-grain-storage-toy-cabinet\/","title":{"rendered":"Montessori Solid Wood Storage Rack &#038; Bookshelf"},"content":{"rendered":"<ul>\n<li>\n<strong>marca<\/strong>:Zhejia<\/li>\n<li>\n<strong>Edad adecuada<\/strong>:2 years old 3 years old 4 years old 5 years old 6 years old 7 years old 8 years old<\/li>\n<li>\n<strong>Origen<\/strong>:China continental<\/li>\n<li>\n<strong>provincia<\/strong>:Provincia de Zhejiang<\/li>\n<li>\n<strong>ciudad<\/strong>:Wenzhou city<\/li>\n<li>\n<strong>ordenar por color<\/strong>:Six-grid toy cabinet 120*80 two sides through five-grid toy cabinet 120*80 two sides through three-grid toy cabinet 120*80 two sides through wood grain seven-grid two sides through three-grid toy cabinet 120*80 with backboard five-grid toy cabinet 120*80 with backboard six-grid toy cabinet 120*80 with backboard twelve-grid shoe cabinet two-layer fourteen-grid schoolbag cabinet two-layer twelve-grid schoolbag cabinet three-layer twelve-grid schoolbag cabinet bookshelf wood grain seven-grid with backboard 80*60 two-layer toy cabinet two sides through left and right seven-grid toy cabinet with backboard combination area corner cabinet seven-in-one A type combination area corner cabinet seven-in-one B type<\/li>\n<li>\n<strong>N\u00famero de pieza<\/strong>:20102602<\/li>\n<li>\n<strong><\/strong>:<\/li>\n<\/ul>\n<p><img><\/p>","protected":false},"excerpt":{"rendered":"<p>marca:Zhejia Edad adecuada:2 a\u00f1os 3 a\u00f1os 4 a\u00f1os 5 a\u00f1os 6 a\u00f1os 7 a\u00f1os<\/p>","protected":false},"featured_media":123087,"comment_status":"open","ping_status":"closed","template":"","meta":[],"product_brand":[],"product_cat":[30971,30849],"product_tag":[],"class_list":{"0":"post-63876","1":"product","2":"type-product","3":"status-publish","4":"has-post-thumbnail","6":"product_cat-hp","7":"product_cat-kindergarten-school-furniture","9":"first","10":"instock","11":"taxable","12":"shipping-taxable","13":"purchasable","14":"product-type-variable"},"_links":{"self":[{"href":"https:\/\/nexgendecors.com\/es\/wp-json\/wp\/v2\/product\/63876","targetHints":{"allow":["GET"]}}],"collection":[{"href":"https:\/\/nexgendecors.com\/es\/wp-json\/wp\/v2\/product"}],"about":[{"href":"https:\/\/nexgendecors.com\/es\/wp-json\/wp\/v2\/types\/product"}],"replies":[{"embeddable":true,"href":"https:\/\/nexgendecors.com\/es\/wp-json\/wp\/v2\/comments?post=63876"}],"version-history":[{"count":0,"href":"https:\/\/nexgendecors.com\/es\/wp-json\/wp\/v2\/product\/63876\/revisions"}],"wp:featuredmedia":[{"embeddable":true,"href":"https:\/\/nexgendecors.com\/es\/wp-json\/wp\/v2\/media\/123087"}],"wp:attachment":[{"href":"https:\/\/nexgendecors.com\/es\/wp-json\/wp\/v2\/media?parent=63876"}],"wp:term":[{"taxonomy":"product_brand","embeddable":true,"href":"https:\/\/nexgendecors.com\/es\/wp-json\/wp\/v2\/product_brand?post=63876"},{"taxonomy":"product_cat","embeddable":true,"href":"https:\/\/nexgendecors.com\/es\/wp-json\/wp\/v2\/product_cat?post=63876"},{"taxonomy":"product_tag","embeddable":true,"href":"https:\/\/nexgendecors.com\/es\/wp-json\/wp\/v2\/product_tag?post=63876"}],"curies":[{"name":"wp","href":"https:\/\/api.w.org\/{rel}","templated":true}]}}