{"id":63924,"date":"2025-01-26T03:03:22","date_gmt":"2025-01-26T03:03:22","guid":{"rendered":"https:\/\/nexgendecors.com\/product\/kindergarten-chair-childrens-plastic-back-chair-baby-thickened-dining-chair-home-non-slip-small-stool-armrest-cartoon-chair\/"},"modified":"2025-04-06T08:57:48","modified_gmt":"2025-04-06T08:57:48","slug":"kindergarten-chair-childrens-plastic-back-chair-baby-thickened-dining-chair-home-non-slip-small-stool-armrest-cartoon-chair","status":"publish","type":"product","link":"https:\/\/nexgendecors.com\/es\/product\/kindergarten-chair-childrens-plastic-back-chair-baby-thickened-dining-chair-home-non-slip-small-stool-armrest-cartoon-chair\/","title":{"rendered":"Silla infantil de pl\u00e1stico con reposabrazos de dibujos animados (antideslizante)"},"content":{"rendered":"<ul>\n<li>\n<strong>marca<\/strong>:Zhejia<\/li>\n<li>\n<strong>Edad adecuada<\/strong>:12 months 2 years 3 years 4 years 5 years 6 years 7 years 8 years<\/li>\n<li>\n<strong>Material<\/strong>:pl\u00e1stico<\/li>\n<li>\n<strong>estilo<\/strong>:Simple y moderno<\/li>\n<li>\n<strong>Origen<\/strong>:otro<\/li>\n<li>\n<strong>ordenar por color<\/strong>:Log color (sitting height 28cm) Yellow (sitting height 28cm) Blue (sitting height 28cm) Green (sitting height 28cm) Red (sitting height 28cm) Mint green (sitting height 28cm) Pink (sitting height 28cm) Log color (sitting height 26cm) Pink (sitting height 26cm) Yellow (sitting height 26cm) Blue (sitting height 26cm) Green (sitting height 26cm) Red (sitting height 26cm) Mint green (sitting height 26cm) Log color (sitting height 30cm) Yellow (sitting height 30cm) Blue (sitting height 30cm) Green (sitting height 30cm) Red (sitting height 30cm) Mint green (sitting height 30cm) Pink (sitting height 30cm)<\/li>\n<li>\n<strong>Material de acabado<\/strong>:otro<\/li>\n<li>\n<strong>N\u00famero de pieza<\/strong>:200731<\/li>\n<\/ul>\n<p><img><\/p>","protected":false},"excerpt":{"rendered":"<p>Marca: Zhejia Edad adecuada: 12 meses 2 a\u00f1os 3 a\u00f1os 4 a\u00f1os 5 a\u00f1os 6 a\u00f1os 7 a\u00f1os 8 a\u00f1os Material: Pl\u00e1stico Estilo: Simple<\/p>","protected":false},"featured_media":123115,"comment_status":"open","ping_status":"closed","template":"","meta":[],"product_brand":[],"product_cat":[30971,30849],"product_tag":[],"class_list":{"0":"post-63924","1":"product","2":"type-product","3":"status-publish","4":"has-post-thumbnail","6":"product_cat-hp","7":"product_cat-kindergarten-school-furniture","9":"first","10":"instock","11":"taxable","12":"shipping-taxable","13":"purchasable","14":"product-type-variable"},"_links":{"self":[{"href":"https:\/\/nexgendecors.com\/es\/wp-json\/wp\/v2\/product\/63924","targetHints":{"allow":["GET"]}}],"collection":[{"href":"https:\/\/nexgendecors.com\/es\/wp-json\/wp\/v2\/product"}],"about":[{"href":"https:\/\/nexgendecors.com\/es\/wp-json\/wp\/v2\/types\/product"}],"replies":[{"embeddable":true,"href":"https:\/\/nexgendecors.com\/es\/wp-json\/wp\/v2\/comments?post=63924"}],"version-history":[{"count":0,"href":"https:\/\/nexgendecors.com\/es\/wp-json\/wp\/v2\/product\/63924\/revisions"}],"wp:featuredmedia":[{"embeddable":true,"href":"https:\/\/nexgendecors.com\/es\/wp-json\/wp\/v2\/media\/123115"}],"wp:attachment":[{"href":"https:\/\/nexgendecors.com\/es\/wp-json\/wp\/v2\/media?parent=63924"}],"wp:term":[{"taxonomy":"product_brand","embeddable":true,"href":"https:\/\/nexgendecors.com\/es\/wp-json\/wp\/v2\/product_brand?post=63924"},{"taxonomy":"product_cat","embeddable":true,"href":"https:\/\/nexgendecors.com\/es\/wp-json\/wp\/v2\/product_cat?post=63924"},{"taxonomy":"product_tag","embeddable":true,"href":"https:\/\/nexgendecors.com\/es\/wp-json\/wp\/v2\/product_tag?post=63924"}],"curies":[{"name":"wp","href":"https:\/\/api.w.org\/{rel}","templated":true}]}}