{"id":63955,"date":"2025-01-26T03:03:25","date_gmt":"2025-01-26T03:03:25","guid":{"rendered":"https:\/\/nexgendecors.com\/product\/kindergarten-childrens-small-chair-homework-chair-small-stool-baby-stool-backrest-chair-home-solid-wood-early-care\/"},"modified":"2025-04-06T08:57:56","modified_gmt":"2025-04-06T08:57:56","slug":"silla-pequena-para-ninos-de-jardin-de-infantes-silla-para-tareas-taburete-pequeno-taburete-para-bebe-silla-con-respaldo-silla-de-madera-maciza-para-el-hogar-cuidado-temprano","status":"publish","type":"product","link":"https:\/\/nexgendecors.com\/es\/product\/silla-pequena-para-ninos-de-jardin-de-infantes-silla-para-tareas-taburete-pequeno-taburete-para-bebe-silla-con-respaldo-silla-de-madera-maciza-para-el-hogar-cuidado-temprano\/","title":{"rendered":"Silla de jard\u00edn de infancia de madera maciza con respaldo para ni\u00f1os"},"content":{"rendered":"<ul>\n<li>\n<strong>marca<\/strong>Hogar infantil (mobiliario residencial)<\/li>\n<li>\n<strong>modelo<\/strong>:Silla para ni\u00f1os<\/li>\n<li>\n<strong>estilo<\/strong>:Nuevo chino<\/li>\n<li>\n<strong>\u00bfEs personalizable?<\/strong>:No<\/li>\n<li>\n<strong>Armar<\/strong>:No<\/li>\n<li>\n<strong>ciudad<\/strong>:Hangzhou<\/li>\n<li>\n<strong>Material<\/strong>:Madera<\/li>\n<li>\n<strong>\u00bfEst\u00e1 disponible la preventa?<\/strong>:S\u00ed<\/li>\n<li>\n<strong>Posicionamiento de estilo<\/strong>:Econ\u00f3mico<\/li>\n<li>\n<strong>\u00bfSe proporciona servicio de instalaci\u00f3n?<\/strong>:No<\/li>\n<li>\n<strong>ordenar por color<\/strong>:Clavos rosas (altura 25) Asiento de tilo + clavos verdes de madera de caucho (altura 27) Asiento de tilo + clavos azules de madera de caucho (altura 29) Asiento de tilo + clavos rosas de madera de caucho (altura 25) Clavos verdes de madera de caucho (altura 27) Clavos azules de madera de caucho (altura 29) Mesa cuadrada de haya (60*60*52cm) Suplemento de flete<\/li>\n<\/ul>\n<p><img><\/p>","protected":false},"excerpt":{"rendered":"<p>Marca: Hogar infantil (muebles residenciales) Modelo: Silla infantil Estilo: Nuevo chino \u00bfEs personalizable?: No Ensamblar: No Ciudad: Hangzhou Material: Madera \u00bfEst\u00e1 disponible la preventa?: S\u00ed Posicionamiento de estilo: Econ\u00f3mico<\/p>","protected":false},"featured_media":123143,"comment_status":"open","ping_status":"closed","template":"","meta":[],"product_brand":[],"product_cat":[30899,30971,30849],"product_tag":[],"class_list":{"0":"post-63955","1":"product","2":"type-product","3":"status-publish","4":"has-post-thumbnail","6":"product_cat-bs-kindergarten","7":"product_cat-hp","8":"product_cat-kindergarten-school-furniture","10":"first","11":"instock","12":"taxable","13":"shipping-taxable","14":"purchasable","15":"product-type-variable"},"_links":{"self":[{"href":"https:\/\/nexgendecors.com\/es\/wp-json\/wp\/v2\/product\/63955","targetHints":{"allow":["GET"]}}],"collection":[{"href":"https:\/\/nexgendecors.com\/es\/wp-json\/wp\/v2\/product"}],"about":[{"href":"https:\/\/nexgendecors.com\/es\/wp-json\/wp\/v2\/types\/product"}],"replies":[{"embeddable":true,"href":"https:\/\/nexgendecors.com\/es\/wp-json\/wp\/v2\/comments?post=63955"}],"version-history":[{"count":0,"href":"https:\/\/nexgendecors.com\/es\/wp-json\/wp\/v2\/product\/63955\/revisions"}],"wp:featuredmedia":[{"embeddable":true,"href":"https:\/\/nexgendecors.com\/es\/wp-json\/wp\/v2\/media\/123143"}],"wp:attachment":[{"href":"https:\/\/nexgendecors.com\/es\/wp-json\/wp\/v2\/media?parent=63955"}],"wp:term":[{"taxonomy":"product_brand","embeddable":true,"href":"https:\/\/nexgendecors.com\/es\/wp-json\/wp\/v2\/product_brand?post=63955"},{"taxonomy":"product_cat","embeddable":true,"href":"https:\/\/nexgendecors.com\/es\/wp-json\/wp\/v2\/product_cat?post=63955"},{"taxonomy":"product_tag","embeddable":true,"href":"https:\/\/nexgendecors.com\/es\/wp-json\/wp\/v2\/product_tag?post=63955"}],"curies":[{"name":"wp","href":"https:\/\/api.w.org\/{rel}","templated":true}]}}