{"id":63964,"date":"2025-01-26T03:03:30","date_gmt":"2025-01-26T03:03:30","guid":{"rendered":"https:\/\/nexgendecors.com\/product\/kindergarten-childrens-wooden-school-bag-cabinet-bookshelf-storage-cabinet-environmentally-friendly-storage-cabinet-early-education-area-corner-combination-cabinet\/"},"modified":"2025-04-06T08:58:00","modified_gmt":"2025-04-06T08:58:00","slug":"kindergarten-childrens-wooden-school-bag-cabinet-bookshelf-storage-cabinet-environmentally-friendly-storage-cabinet-early-education-area-corner-combination-cabinet","status":"publish","type":"product","link":"https:\/\/nexgendecors.com\/es\/product\/kindergarten-childrens-wooden-school-bag-cabinet-bookshelf-storage-cabinet-environmentally-friendly-storage-cabinet-early-education-area-corner-combination-cabinet\/","title":{"rendered":"Armario de madera ecol\u00f3gico para jard\u00edn de infancia"},"content":{"rendered":"<ul>\n<li>\n<strong>marca<\/strong>:Zhejia<\/li>\n<li>\n<strong>Edad adecuada<\/strong>:2 years old 3 years old 4 years old 5 years old 6 years old 7 years old 8 years old<\/li>\n<li>\n<strong>Origen<\/strong>:China continental<\/li>\n<li>\n<strong>provincia<\/strong>:Provincia de Zhejiang<\/li>\n<li>\n<strong>ciudad<\/strong>:Wenzhou city<\/li>\n<li>\n<strong>ordenar por color<\/strong>:Corner cabinet 80*30*30 Five-grid two-side through Six-grid two-side through Miscellaneous grid two-side through Five-grid with back Six-grid with back Seven-grid with back A Seven-grid with back B Left and right seven-grid with back Miscellaneous grid with back Twelve-grid schoolbag cabinet Fourteen-grid schoolbag cabinet Five-layer Fifteen-grid schoolbag cabinet Two-layer eight-grid schoolbag cabinet with back Shoe cabinet Four-layer eight-grid with back Shoe cabinet Bookshelf Multifunctional three-grid bookshelf Single head 80*60 Cartoon combination cabinet A Cartoon combination cabinet B Montessori with back Three-layer Montessori without back Six-grid with back Wood grain color can be made other styles<\/li>\n<li>\n<strong>N\u00famero de pieza<\/strong>:200905<\/li>\n<li>\n<strong><\/strong>:<\/li>\n<\/ul>\n<p><img><\/p>","protected":false},"excerpt":{"rendered":"<p>marca:Zhejia Edad adecuada:2 a\u00f1os 3 a\u00f1os 4 a\u00f1os 5 a\u00f1os 6 a\u00f1os 7 a\u00f1os<\/p>","protected":false},"featured_media":123144,"comment_status":"open","ping_status":"closed","template":"","meta":[],"product_brand":[],"product_cat":[30971,30849],"product_tag":[],"class_list":{"0":"post-63964","1":"product","2":"type-product","3":"status-publish","4":"has-post-thumbnail","6":"product_cat-hp","7":"product_cat-kindergarten-school-furniture","9":"first","10":"instock","11":"taxable","12":"shipping-taxable","13":"purchasable","14":"product-type-variable"},"_links":{"self":[{"href":"https:\/\/nexgendecors.com\/es\/wp-json\/wp\/v2\/product\/63964","targetHints":{"allow":["GET"]}}],"collection":[{"href":"https:\/\/nexgendecors.com\/es\/wp-json\/wp\/v2\/product"}],"about":[{"href":"https:\/\/nexgendecors.com\/es\/wp-json\/wp\/v2\/types\/product"}],"replies":[{"embeddable":true,"href":"https:\/\/nexgendecors.com\/es\/wp-json\/wp\/v2\/comments?post=63964"}],"version-history":[{"count":0,"href":"https:\/\/nexgendecors.com\/es\/wp-json\/wp\/v2\/product\/63964\/revisions"}],"wp:featuredmedia":[{"embeddable":true,"href":"https:\/\/nexgendecors.com\/es\/wp-json\/wp\/v2\/media\/123144"}],"wp:attachment":[{"href":"https:\/\/nexgendecors.com\/es\/wp-json\/wp\/v2\/media?parent=63964"}],"wp:term":[{"taxonomy":"product_brand","embeddable":true,"href":"https:\/\/nexgendecors.com\/es\/wp-json\/wp\/v2\/product_brand?post=63964"},{"taxonomy":"product_cat","embeddable":true,"href":"https:\/\/nexgendecors.com\/es\/wp-json\/wp\/v2\/product_cat?post=63964"},{"taxonomy":"product_tag","embeddable":true,"href":"https:\/\/nexgendecors.com\/es\/wp-json\/wp\/v2\/product_tag?post=63964"}],"curies":[{"name":"wp","href":"https:\/\/api.w.org\/{rel}","templated":true}]}}