{"id":64003,"date":"2025-01-26T03:03:37","date_gmt":"2025-01-26T03:03:37","guid":{"rendered":"https:\/\/nexgendecors.com\/product\/kindergarten-iron-foot-chair-training-institution-table-and-chair-childrens-backrest-plastic-desk-adult-chair-home-study-stool\/"},"modified":"2025-04-06T08:58:08","modified_gmt":"2025-04-06T08:58:08","slug":"kindergarten-iron-foot-chair-training-institution-table-and-chair-childrens-backrest-plastic-desk-adult-chair-home-study-stool","status":"publish","type":"product","link":"https:\/\/nexgendecors.com\/es\/product\/kindergarten-iron-foot-chair-training-institution-table-and-chair-childrens-backrest-plastic-desk-adult-chair-home-study-stool\/","title":{"rendered":"Kids&#8217; Plastic Desk &#038; Chair Set with Backrest &#8211; Home Study"},"content":{"rendered":"<ul>\n<li>\n<strong>marca<\/strong>:otro\/otro<\/li>\n<li>\n<strong>Edad adecuada<\/strong>:2 years old,12 years old,14 years old,4 years old,14 years old and above,3 years old,6 years old,5 years old,8 years old,7 years old,11 years old,9 years old,10 years old,13 years old<\/li>\n<li>\n<strong>Material<\/strong>:Metal<\/li>\n<li>\n<strong>estilo<\/strong>:Nuevo chino<\/li>\n<li>\n<strong>ordenar por color<\/strong>:Purple, blue, light green, lemon yellow, pink, rose red, off-white, lake blue, blue (26 height), pink (26 height), lake blue (26 height), light green (26 height), purple (26 height), rose red (26 height), beige (26 height), lemon yellow (26 height), blue (28 height), pink (28 height), lake blue (28 height), light green (28 height), purple (28 height), rose red (28 height), beige (28 height), lemon yellow (28 height), blue (30 height), pink (30 height), lake blue (30 height), light green (30 height), purple (30 height, rose red (30 height), beige (30 height), lemon yellow (30 height)<\/li>\n<li>\n<strong>N\u00famero de pieza<\/strong>:YD-618<\/li>\n<\/ul>\n<p><img><\/p>","protected":false},"excerpt":{"rendered":"<p>Marca: otros\/otros Edad adecuada: 2 a\u00f1os, 12 a\u00f1os, 14 a\u00f1os, 4 a\u00f1os, 14 a\u00f1os o m\u00e1s, 3 a\u00f1os, 6 a\u00f1os, 5 a\u00f1os<\/p>","protected":false},"featured_media":123201,"comment_status":"open","ping_status":"closed","template":"","meta":[],"product_brand":[],"product_cat":[30971,30849],"product_tag":[],"class_list":{"0":"post-64003","1":"product","2":"type-product","3":"status-publish","4":"has-post-thumbnail","6":"product_cat-hp","7":"product_cat-kindergarten-school-furniture","9":"first","10":"instock","11":"taxable","12":"shipping-taxable","13":"purchasable","14":"product-type-variable"},"_links":{"self":[{"href":"https:\/\/nexgendecors.com\/es\/wp-json\/wp\/v2\/product\/64003","targetHints":{"allow":["GET"]}}],"collection":[{"href":"https:\/\/nexgendecors.com\/es\/wp-json\/wp\/v2\/product"}],"about":[{"href":"https:\/\/nexgendecors.com\/es\/wp-json\/wp\/v2\/types\/product"}],"replies":[{"embeddable":true,"href":"https:\/\/nexgendecors.com\/es\/wp-json\/wp\/v2\/comments?post=64003"}],"version-history":[{"count":0,"href":"https:\/\/nexgendecors.com\/es\/wp-json\/wp\/v2\/product\/64003\/revisions"}],"wp:featuredmedia":[{"embeddable":true,"href":"https:\/\/nexgendecors.com\/es\/wp-json\/wp\/v2\/media\/123201"}],"wp:attachment":[{"href":"https:\/\/nexgendecors.com\/es\/wp-json\/wp\/v2\/media?parent=64003"}],"wp:term":[{"taxonomy":"product_brand","embeddable":true,"href":"https:\/\/nexgendecors.com\/es\/wp-json\/wp\/v2\/product_brand?post=64003"},{"taxonomy":"product_cat","embeddable":true,"href":"https:\/\/nexgendecors.com\/es\/wp-json\/wp\/v2\/product_cat?post=64003"},{"taxonomy":"product_tag","embeddable":true,"href":"https:\/\/nexgendecors.com\/es\/wp-json\/wp\/v2\/product_tag?post=64003"}],"curies":[{"name":"wp","href":"https:\/\/api.w.org\/{rel}","templated":true}]}}